{"id":791,"date":"2015-12-08T12:29:02","date_gmt":"2015-12-08T12:29:02","guid":{"rendered":"http:\/\/demos.artbees.net\/jupiter5\/hermippe\/?page_id=6"},"modified":"2022-05-27T04:57:09","modified_gmt":"2022-05-27T04:57:09","slug":"home","status":"publish","type":"page","link":"https:\/\/holdingsa.com\/pt-br\/","title":{"rendered":"HOLDING SPORTS"},"content":{"rendered":"[mk_page_section attachment=&#8221;fixed&#8221; bg_position=&#8221;center top&#8221; bg_repeat=&#8221;no-repeat&#8221; speed_factor=&#8221;0.8&#8243; min_height=&#8221;0&#8243; padding_top=&#8221;-200&#8243; padding_bottom=&#8221;0&#8243; top_shape_color=&#8221;#ffffff&#8221; bottom_shape_color=&#8221;#ffffff&#8221; sidebar=&#8221;sidebar-1&#8243;][vc_column][rev_slider_vc alias=&#8221;portugues-2&#8243;][\/vc_column][\/mk_page_section][mk_page_section bg_image=&#8221;http:\/\/eadesign.art.br\/holdingsports\/wp-content\/uploads\/2015\/10\/shutterstock_176578913-blackwhite.jpg&#8221; bg_color=&#8221;#ffffff&#8221; blend_mode=&#8221;soft-light&#8221; bg_position=&#8221;center top&#8221; bg_repeat=&#8221;no-repeat&#8221; bg_stretch=&#8221;true&#8221; speed_factor=&#8221;0.8&#8243; video_loop=&#8221;false&#8221; video_color_mask=&#8221;#ffffff&#8221; video_opacity=&#8221;0.9&#8243; padding_top=&#8221;0&#8243; padding_bottom=&#8221;0&#8243; top_shape_color=&#8221;#ffffff&#8221; bottom_shape_color=&#8221;#ffffff&#8221; sidebar=&#8221;sidebar-1&#8243;][vc_column][mk_padding_divider size=&#8221;30&#8243;][mk_fancy_title color=&#8221;#345d7e&#8221; size=&#8221;60&#8243; force_font_size=&#8221;true&#8221; size_phone=&#8221;40&#8243; line_height=&#8221;108&#8243; txt_transform=&#8221;uppercase&#8221; margin_bottom=&#8221;0&#8243; font_family=&#8221;none&#8221; align=&#8221;center&#8221; animation=&#8221;bottom-to-top&#8221; el_class=&#8221;sectionTitles&#8221;]<span style=\"color: #003366;\">TEMOS A MELHOR INFORMA\u00c7\u00c3O PARA O SEU CLUBE<\/span>[\/mk_fancy_title][mk_padding_divider size=&#8221;30&#8243;][vc_video link=&#8221;https:\/\/youtu.be\/G11pPg55Cdk&#8221;][mk_padding_divider size=&#8221;30&#8243;][vc_row_inner][vc_column_inner][vc_column_text]\n<h3 style=\"text-align: center;\"><span style=\"color: #002040;\">FAZEMOS RELAT\u00d3RIOS, AN\u00c1LISES, AVALIA\u00c7\u00d5ES E GEST\u00c3O PARA CLUBES EM TEMPO REAL, SENDO UM RECURSO E INFORMA\u00c7\u00d5ES COMPLEMENTARES INDISPENS\u00c1VEIS, PARA FAZER DECIS\u00d5ES.<\/span><\/h3>\n[\/vc_column_text][mk_padding_divider size=&#8221;30&#8243;][\/vc_column_inner][\/vc_row_inner][mk_fancy_title color=&#8221;#003296&#8243; size=&#8221;30&#8243; line_height=&#8221;130&#8243; txt_transform=&#8221;uppercase&#8221; letter_spacing=&#8221;2&#8243; margin_top=&#8221;10&#8243; margin_bottom=&#8221;0&#8243; font_family=&#8221;none&#8221; align=&#8221;center&#8221; animation=&#8221;bottom-to-top&#8221; el_class=&#8221;sectionTitles&#8221;]<a href=\"http:\/\/holdingsa.com\/wp-content\/uploads\/2019\/05\/America-Sul-e-Europa-PORTUGUES.jpg\"><img loading=\"lazy\" decoding=\"async\" class=\"aligncenter wp-image-3481 size-full\" src=\"http:\/\/holdingsa.com\/wp-content\/uploads\/2019\/05\/America-Sul-e-Europa-PORTUGUES.jpg\" alt=\"\" width=\"1084\" height=\"311\" srcset=\"https:\/\/holdingsa.com\/wp-content\/uploads\/2019\/05\/America-Sul-e-Europa-PORTUGUES.jpg 1084w, https:\/\/holdingsa.com\/wp-content\/uploads\/2019\/05\/America-Sul-e-Europa-PORTUGUES-300x86.jpg 300w, https:\/\/holdingsa.com\/wp-content\/uploads\/2019\/05\/America-Sul-e-Europa-PORTUGUES-768x220.jpg 768w, https:\/\/holdingsa.com\/wp-content\/uploads\/2019\/05\/America-Sul-e-Europa-PORTUGUES-1024x294.jpg 1024w, https:\/\/holdingsa.com\/wp-content\/uploads\/2019\/05\/America-Sul-e-Europa-PORTUGUES-600x172.jpg 600w\" sizes=\"auto, (max-width: 709px) 85vw, (max-width: 909px) 67vw, (max-width: 1362px) 62vw, 840px\" \/><\/a>[\/mk_fancy_title][mk_padding_divider size=&#8221;30&#8243;][vc_column_text]\n<h3 style=\"text-align: center;\"><span style=\"color: #002040;\">PROFISSIONAIS ESPECIALIZADOS ESTAR\u00c3O A SUA INTEIRA DISPOSI\u00c7\u00c3O, ASSESSORANDO E DEFENDENDO SEUS INTERESSES PARA QUE VOC\u00ca OBTENHA O MAIOR \u00caXITO EM SUAS DECIS\u00d5ES, SEM TER QUE DESLOCAR-SE.<\/span><\/h3>\n[\/vc_column_text][mk_padding_divider size=&#8221;50&#8243;][vc_row_inner][vc_column_inner][vc_column_text]<strong><a href=\"http:\/\/holdingsa.com\/wp-content\/uploads\/2019\/04\/Slide-Jugador-In-Situ.png\"><img loading=\"lazy\" decoding=\"async\" class=\"alignright wp-image-3462\" src=\"http:\/\/holdingsa.com\/wp-content\/uploads\/2019\/04\/Slide-Jugador-In-Situ-300x227.png\" alt=\"\" width=\"450\" height=\"340\" srcset=\"https:\/\/holdingsa.com\/wp-content\/uploads\/2019\/04\/Slide-Jugador-In-Situ-300x227.png 300w, https:\/\/holdingsa.com\/wp-content\/uploads\/2019\/04\/Slide-Jugador-In-Situ-768x581.png 768w, https:\/\/holdingsa.com\/wp-content\/uploads\/2019\/04\/Slide-Jugador-In-Situ-1024x774.png 1024w, https:\/\/holdingsa.com\/wp-content\/uploads\/2019\/04\/Slide-Jugador-In-Situ.png 1488w\" sizes=\"auto, (max-width: 450px) 85vw, 450px\" \/><\/a>Por que Holding SS Assessoria \u00e9 essencial para os clubes?<\/strong><\/p>\n<p>Porque, atrav\u00e9s do nosso conhecimento, vivemos in situ, o dia-a-dia de cada jogador com suas particularidades pessoais e profissionais, seu entorno real mais pr\u00f3ximo e influente, assim como o do Clube, suas necessidades e dificuldades, que s\u00e3o vitais na hora de negociar.<\/p>\n<p>Ao longo dos anos, constru\u00edmos uma rela\u00e7\u00e3o constante de confian\u00e7a com os presidentes ou quem decide, obtendo informa\u00e7\u00f5es em primeira m\u00e3o, para analisar, propor, negociar e contratar excelentes jogadores, nas melhores condi\u00e7\u00f5es.[\/vc_column_text][vc_column_text]<a href=\"http:\/\/holdingsa.com\/wp-content\/uploads\/2018\/09\/Acordo-financeiro-3.jpg\"><img loading=\"lazy\" decoding=\"async\" class=\"alignleft wp-image-3174\" src=\"http:\/\/holdingsa.com\/wp-content\/uploads\/2018\/09\/Acordo-financeiro-3-300x200.jpg\" alt=\"\" width=\"450\" height=\"300\" srcset=\"https:\/\/holdingsa.com\/wp-content\/uploads\/2018\/09\/Acordo-financeiro-3-300x200.jpg 300w, https:\/\/holdingsa.com\/wp-content\/uploads\/2018\/09\/Acordo-financeiro-3-768x512.jpg 768w, https:\/\/holdingsa.com\/wp-content\/uploads\/2018\/09\/Acordo-financeiro-3-1024x683.jpg 1024w, https:\/\/holdingsa.com\/wp-content\/uploads\/2018\/09\/Acordo-financeiro-3-150x100.jpg 150w, https:\/\/holdingsa.com\/wp-content\/uploads\/2018\/09\/Acordo-financeiro-3-330x220.jpg 330w, https:\/\/holdingsa.com\/wp-content\/uploads\/2018\/09\/Acordo-financeiro-3-900x600.jpg 900w, https:\/\/holdingsa.com\/wp-content\/uploads\/2018\/09\/Acordo-financeiro-3.jpg 1200w\" sizes=\"auto, (max-width: 450px) 85vw, 450px\" \/><\/a>Mantemos tamb\u00e9m um excelente relacionamento com federa\u00e7\u00f5es, gestores, selecionadores, t\u00e9cnicos, jogadores e intermedi\u00e1rios, colocando \u00e0 sua disposi\u00e7\u00e3o uma agenda de mais de 4.000 contatos.<\/p>\n<p><strong>Esta informa\u00e7\u00e3o \u00e9 fundamental e muito importante, que complementa as visitas espor\u00e1dicas dos diretores esportivos e scouts, economizando-lhes tempo e dinheiro, sendo a maneira mais r\u00e1pida e eficaz de tomar sua decis\u00e3o. Porque n\u00e3o podemos errar!<\/strong><\/p>\n<h2 style=\"text-align: center;\">ESTE \u00c9 O SUCESSO DO NOSSO GRANDE DIFERENCIAL.<\/h2>\n[\/vc_column_text][\/vc_column_inner][\/vc_row_inner][mk_padding_divider size=&#8221;80&#8243;][\/vc_column][vc_column][\/vc_column][vc_column][\/vc_column][vc_column][\/vc_column][\/mk_page_section][mk_page_section bg_image=&#8221;http:\/\/holdingsa.com\/wp-content\/uploads\/2015\/10\/Layer-6.png&#8221; bg_color=&#8221;#fe8800&#8243; attachment=&#8221;fixed&#8221; bg_position=&#8221;center top&#8221; bg_repeat=&#8221;no-repeat&#8221; bg_stretch=&#8221;true&#8221; speed_factor=&#8221;0.8&#8243; video_color_mask=&#8221;rgba(254,136,0,0.85)&#8221; video_opacity=&#8221;0.8&#8243; min_height=&#8221;700&#8243; padding_top=&#8221;0&#8243; padding_bottom=&#8221;0&#8243; top_shape_color=&#8221;#ffffff&#8221; bottom_shape_color=&#8221;#ffffff&#8221; sidebar=&#8221;sidebar-1&#8243;][vc_column width=&#8221;1\/3&#8243;][mk_padding_divider size=&#8221;100&#8243;][mk_fancy_title tag_name=&#8221;h3&#8243; color=&#8221;#345d7e&#8221; size=&#8221;36&#8243; force_font_size=&#8221;true&#8221; size_phone=&#8221;40&#8243; line_height=&#8221;101&#8243; txt_transform=&#8221;uppercase&#8221; margin_bottom=&#8221;0&#8243; font_family=&#8221;none&#8221; align=&#8221;center&#8221; animation=&#8221;bottom-to-top&#8221; el_class=&#8221;sectionTitles&#8221;]<span style=\"color: #232a50;\">NOT\u00cdCIAS<\/span>\u00a0<span style=\"color: #ffffff;\">locais<\/span>[\/mk_fancy_title][mk_padding_divider size=&#8221;50&#8243;][vc_column_text disable_pattern=&#8221;false&#8221; align=&#8221;center&#8221; margin_bottom=&#8221;20&#8243;]\n<div><iframe loading=\"lazy\" src=\"https:\/\/feed.mikle.com\/widget\/v2\/22272\/\" width=\"300\" height=\"700\"><\/iframe><\/div>\n[\/vc_column_text][mk_padding_divider size=&#8221;100&#8243;][\/vc_column][vc_column width=&#8221;1\/3&#8243;][mk_padding_divider size=&#8221;100&#8243;][mk_fancy_title tag_name=&#8221;h3&#8243; color=&#8221;#345d7e&#8221; size=&#8221;36&#8243; force_font_size=&#8221;true&#8221; size_phone=&#8221;40&#8243; line_height=&#8221;101&#8243; txt_transform=&#8221;uppercase&#8221; margin_bottom=&#8221;0&#8243; font_family=&#8221;none&#8221; align=&#8221;center&#8221; animation=&#8221;bottom-to-top&#8221; el_class=&#8221;sectionTitles&#8221;]<span style=\"color: #232a50;\">NOT\u00cdCIAS<\/span>\u00a0<span style=\"color: #ffffff;\">INTERNACIONAIS<\/span>[\/mk_fancy_title][mk_padding_divider size=&#8221;50&#8243;][vc_column_text disable_pattern=&#8221;false&#8221; align=&#8221;center&#8221; margin_bottom=&#8221;20&#8243;]\n<div><iframe loading=\"lazy\" src=\"https:\/\/feed.mikle.com\/widget\/v2\/22283\/\" width=\"300\" height=\"700\"><\/iframe><\/div>\n[\/vc_column_text][\/vc_column][vc_column width=&#8221;1\/3&#8243;][mk_padding_divider size=&#8221;30&#8243;][mk_fancy_title tag_name=&#8221;h3&#8243; color=&#8221;#345d7e&#8221; size=&#8221;36&#8243; force_font_size=&#8221;true&#8221; size_phone=&#8221;50&#8243; line_height=&#8221;101&#8243; txt_transform=&#8221;uppercase&#8221; margin_bottom=&#8221;0&#8243; font_family=&#8221;none&#8221; align=&#8221;center&#8221; animation=&#8221;bottom-to-top&#8221; el_class=&#8221;sectionTitles&#8221;]<img decoding=\"async\" class=\"alignnone wp-image-1521\" src=\"http:\/\/holdingsa.com\/wp-content\/uploads\/2015\/12\/logo-investimentos-light-300x236.png\" alt=\"logo-investimentos-light\" width=\"230\" srcset=\"https:\/\/holdingsa.com\/wp-content\/uploads\/2015\/12\/logo-investimentos-light-300x236.png 300w, https:\/\/holdingsa.com\/wp-content\/uploads\/2015\/12\/logo-investimentos-light-330x260.png 330w, https:\/\/holdingsa.com\/wp-content\/uploads\/2015\/12\/logo-investimentos-light.png 400w\" sizes=\"(max-width: 300px) 85vw, 300px\" \/>[\/mk_fancy_title][mk_padding_divider size=&#8221;30&#8243;][vc_column_text disable_pattern=&#8221;false&#8221; align=&#8221;center&#8221; margin_bottom=&#8221;20&#8243;]\n<div><iframe loading=\"lazy\" src=\"https:\/\/feed.mikle.com\/widget\/v2\/22467\" width=\"300\" height=\"650\"><\/iframe><\/div>\n[\/vc_column_text][\/vc_column][\/mk_page_section]\n","protected":false},"excerpt":{"rendered":"<p>[mk_page_section attachment=&#8221;fixed&#8221; bg_position=&#8221;center top&#8221; bg_repeat=&#8221;no-repeat&#8221; speed_factor=&#8221;0.8&#8243; min_height=&#8221;0&#8243; padding_top=&#8221;-200&#8243; padding_bottom=&#8221;0&#8243; top_shape_color=&#8221;#ffffff&#8221; bottom_shape_color=&#8221;#ffffff&#8221; sidebar=&#8221;sidebar-1&#8243;][vc_column][rev_slider_vc alias=&#8221;portugues-2&#8243;][\/vc_column][\/mk_page_section][mk_page_section bg_image=&#8221;http:\/\/eadesign.art.br\/holdingsports\/wp-content\/uploads\/2015\/10\/shutterstock_176578913-blackwhite.jpg&#8221; bg_color=&#8221;#ffffff&#8221; blend_mode=&#8221;soft-light&#8221; bg_position=&#8221;center top&#8221; bg_repeat=&#8221;no-repeat&#8221; bg_stretch=&#8221;true&#8221; speed_factor=&#8221;0.8&#8243; video_loop=&#8221;false&#8221; video_color_mask=&#8221;#ffffff&#8221; video_opacity=&#8221;0.9&#8243; padding_top=&#8221;0&#8243; padding_bottom=&#8221;0&#8243; top_shape_color=&#8221;#ffffff&#8221; bottom_shape_color=&#8221;#ffffff&#8221; sidebar=&#8221;sidebar-1&#8243;][vc_column][mk_padding_divider size=&#8221;30&#8243;][mk_fancy_title color=&#8221;#345d7e&#8221; size=&#8221;60&#8243; force_font_size=&#8221;true&#8221; size_phone=&#8221;40&#8243; line_height=&#8221;108&#8243; txt_transform=&#8221;uppercase&#8221; margin_bottom=&#8221;0&#8243; font_family=&#8221;none&#8221; align=&#8221;center&#8221; animation=&#8221;bottom-to-top&#8221; el_class=&#8221;sectionTitles&#8221;]TEMOS A MELHOR INFORMA\u00c7\u00c3O PARA O SEU CLUBE[\/mk_fancy_title][mk_padding_divider size=&#8221;30&#8243;][vc_video link=&#8221;https:\/\/youtu.be\/G11pPg55Cdk&#8221;][mk_padding_divider size=&#8221;30&#8243;][vc_row_inner][vc_column_inner][vc_column_text] FAZEMOS RELAT\u00d3RIOS, AN\u00c1LISES, AVALIA\u00c7\u00d5ES [&hellip;]<\/p>\n","protected":false},"author":2,"featured_media":0,"parent":0,"menu_order":0,"comment_status":"closed","ping_status":"closed","template":"","meta":{"footnotes":""},"class_list":["post-791","page","type-page","status-publish","hentry"],"aioseo_notices":[],"_links":{"self":[{"href":"https:\/\/holdingsa.com\/pt-br\/wp-json\/wp\/v2\/pages\/791","targetHints":{"allow":["GET"]}}],"collection":[{"href":"https:\/\/holdingsa.com\/pt-br\/wp-json\/wp\/v2\/pages"}],"about":[{"href":"https:\/\/holdingsa.com\/pt-br\/wp-json\/wp\/v2\/types\/page"}],"author":[{"embeddable":true,"href":"https:\/\/holdingsa.com\/pt-br\/wp-json\/wp\/v2\/users\/2"}],"replies":[{"embeddable":true,"href":"https:\/\/holdingsa.com\/pt-br\/wp-json\/wp\/v2\/comments?post=791"}],"version-history":[{"count":241,"href":"https:\/\/holdingsa.com\/pt-br\/wp-json\/wp\/v2\/pages\/791\/revisions"}],"predecessor-version":[{"id":3627,"href":"https:\/\/holdingsa.com\/pt-br\/wp-json\/wp\/v2\/pages\/791\/revisions\/3627"}],"wp:attachment":[{"href":"https:\/\/holdingsa.com\/pt-br\/wp-json\/wp\/v2\/media?parent=791"}],"curies":[{"name":"wp","href":"https:\/\/api.w.org\/{rel}","templated":true}]}}