{"id":1401,"date":"2017-04-07T16:31:53","date_gmt":"2017-04-07T16:31:53","guid":{"rendered":"http:\/\/eadesign.art.br\/holdingsports\/?page_id=1401"},"modified":"2018-10-22T20:24:51","modified_gmt":"2018-10-22T20:24:51","slug":"investimentos","status":"publish","type":"page","link":"https:\/\/holdingsa.com\/pt-br\/investimentos\/","title":{"rendered":"INVESTIMENTOS"},"content":{"rendered":"[mk_page_section bg_image=&#8221;http:\/\/holdingsa.com\/wp-content\/uploads\/2017\/04\/slider-RJ.jpg&#8221; blend_mode=&#8221;luminosity&#8221; attachment=&#8221;fixed&#8221; bg_position=&#8221;center top&#8221; bg_repeat=&#8221;no-repeat&#8221; bg_stretch=&#8221;true&#8221; enable_3d=&#8221;true&#8221; speed_factor=&#8221;0.8&#8243; video_mask=&#8221;true&#8221; video_opacity=&#8221;0.3&#8243; min_height=&#8221;500&#8243; full_width=&#8221;true&#8221; padding_top=&#8221;0&#8243; padding_bottom=&#8221;48&#8243; top_shape_color=&#8221;#ffffff&#8221; bottom_shape_color=&#8221;#ffffff&#8221; sidebar=&#8221;sidebar-1&#8243;][vc_column][vc_row_inner css=&#8221;.vc_custom_1490638235020{background-position: 0 0 !important;background-repeat: repeat !important;}&#8221;][vc_column_inner][mk_padding_divider size=&#8221;330&#8243;][mk_fancy_title color=&#8221;#345d7e&#8221; size=&#8221;60&#8243; force_font_size=&#8221;true&#8221; size_phone=&#8221;50&#8243; line_height=&#8221;101&#8243; margin_top=&#8221;30&#8243; margin_bottom=&#8221;30&#8243; font_family=&#8221;none&#8221; align=&#8221;center&#8221; el_class=&#8221;sectionTitles&#8221;]<span style=\"color: #ffffff;\">INVESTIMENTOS\u00a0<\/span><span style=\"color: #fe8800;\">IMOBILI\u00c1RIOS<\/span>[\/mk_fancy_title][mk_padding_divider size=&#8221;200&#8243; visibility=&#8221;visible-tl-v2&#8243;][\/vc_column_inner][\/vc_row_inner][\/vc_column][\/mk_page_section][vc_row][vc_column][mk_padding_divider size=&#8221;100&#8243;][vc_column_text]<a href=\"http:\/\/www.holdinginvestimentos.com\"><img loading=\"lazy\" decoding=\"async\" class=\"size-medium wp-image-1521 alignright\" src=\"http:\/\/holdingsa.com\/wp-content\/uploads\/2015\/12\/logo-investimentos-light-300x236.png\" alt=\"logo-investimentos-light\" width=\"300\" height=\"236\" srcset=\"https:\/\/holdingsa.com\/wp-content\/uploads\/2015\/12\/logo-investimentos-light-300x236.png 300w, https:\/\/holdingsa.com\/wp-content\/uploads\/2015\/12\/logo-investimentos-light-330x260.png 330w, https:\/\/holdingsa.com\/wp-content\/uploads\/2015\/12\/logo-investimentos-light.png 400w\" sizes=\"auto, (max-width: 300px) 85vw, 300px\" \/><\/a>Grande parte dos atletas que n\u00e3o receberam uma boa assessoria financeira ao longo de sua carreira enfrentam s\u00e9rias dificuldades econ\u00f4micas ap\u00f3s a sua aposentadoria, o que os obriga a procurar com urg\u00eancia outro emprego para sobreviver.<\/p>\n<p>A <strong>Holding Sports Soccer Assessoria<\/strong> n\u00e3o pretende dizer ao nosso cliente onde investir seu dinheiro, pois esta \u00e9 uma decis\u00e3o que cabe unicamente a ele. No entanto, estamos \u00e0 disposi\u00e7\u00e3o para orient\u00e1-lo sobre quais s\u00e3o os investimentos mais ben\u00e9ficos e que oferecem menores riscos.<\/p>\n<p>A <strong>Holding Sports Soccer Assessoria<\/strong> disp\u00f5e de m\u00faltiplos contatos nos setores banc\u00e1rio e imobili\u00e1rio, que, aliados \u00e0 nossa experi\u00eancia de mercado facilitar\u00e3o a decis\u00e3o dos nossos clientes sobre como administrar seus bens.<\/p>\n<p>Acesse aqui para maiores informa\u00e7\u00f5es : <a href=\"http:\/\/www.holdinginvestimentos.com\">www.holdinginvestimentos.com<\/a>[\/vc_column_text][mk_padding_divider size=&#8221;100&#8243;][\/vc_column][\/vc_row][mk_page_section bg_color=&#8221;#102540&#8243; sidebar=&#8221;sidebar-1&#8243;][vc_column][mk_padding_divider size=&#8221;100&#8243;][vc_column_text align=&#8221;center&#8221;]\n<p style=\"text-align: center;\"><a href=\"http:\/\/holdingsa.com\/wp-content\/uploads\/2018\/04\/Folder-Holding-Investimentos-2018-Pt.jpg\"><img loading=\"lazy\" decoding=\"async\" class=\"alignnone size-full wp-image-2916\" src=\"http:\/\/holdingsa.com\/wp-content\/uploads\/2018\/04\/Folder-Holding-Investimentos-2018-Pt.jpg\" alt=\"\" width=\"720\" height=\"960\" srcset=\"https:\/\/holdingsa.com\/wp-content\/uploads\/2018\/04\/Folder-Holding-Investimentos-2018-Pt.jpg 720w, https:\/\/holdingsa.com\/wp-content\/uploads\/2018\/04\/Folder-Holding-Investimentos-2018-Pt-225x300.jpg 225w\" sizes=\"auto, (max-width: 720px) 85vw, 720px\" \/><\/a><\/p>\n[\/vc_column_text][mk_padding_divider size=&#8221;100&#8243;][\/vc_column][\/mk_page_section]\n","protected":false},"excerpt":{"rendered":"<p>[mk_page_section bg_image=&#8221;http:\/\/holdingsa.com\/wp-content\/uploads\/2017\/04\/slider-RJ.jpg&#8221; blend_mode=&#8221;luminosity&#8221; attachment=&#8221;fixed&#8221; bg_position=&#8221;center top&#8221; bg_repeat=&#8221;no-repeat&#8221; bg_stretch=&#8221;true&#8221; enable_3d=&#8221;true&#8221; speed_factor=&#8221;0.8&#8243; video_mask=&#8221;true&#8221; video_opacity=&#8221;0.3&#8243; min_height=&#8221;500&#8243; full_width=&#8221;true&#8221; padding_top=&#8221;0&#8243; padding_bottom=&#8221;48&#8243; top_shape_color=&#8221;#ffffff&#8221; bottom_shape_color=&#8221;#ffffff&#8221; sidebar=&#8221;sidebar-1&#8243;][vc_column][vc_row_inner css=&#8221;.vc_custom_1490638235020{background-position: 0 0 !important;background-repeat: repeat !important;}&#8221;][vc_column_inner][mk_padding_divider size=&#8221;330&#8243;][mk_fancy_title color=&#8221;#345d7e&#8221; size=&#8221;60&#8243; force_font_size=&#8221;true&#8221; size_phone=&#8221;50&#8243; line_height=&#8221;101&#8243; margin_top=&#8221;30&#8243; margin_bottom=&#8221;30&#8243; font_family=&#8221;none&#8221; align=&#8221;center&#8221; el_class=&#8221;sectionTitles&#8221;]INVESTIMENTOS\u00a0IMOBILI\u00c1RIOS[\/mk_fancy_title][mk_padding_divider size=&#8221;200&#8243; visibility=&#8221;visible-tl-v2&#8243;][\/vc_column_inner][\/vc_row_inner][\/vc_column][\/mk_page_section][vc_row][vc_column][mk_padding_divider size=&#8221;100&#8243;][vc_column_text]Grande parte dos atletas que n\u00e3o receberam uma boa assessoria financeira ao longo de sua carreira enfrentam [&hellip;]<\/p>\n","protected":false},"author":2,"featured_media":0,"parent":0,"menu_order":0,"comment_status":"closed","ping_status":"closed","template":"","meta":{"footnotes":""},"class_list":["post-1401","page","type-page","status-publish","hentry"],"aioseo_notices":[],"_links":{"self":[{"href":"https:\/\/holdingsa.com\/pt-br\/wp-json\/wp\/v2\/pages\/1401","targetHints":{"allow":["GET"]}}],"collection":[{"href":"https:\/\/holdingsa.com\/pt-br\/wp-json\/wp\/v2\/pages"}],"about":[{"href":"https:\/\/holdingsa.com\/pt-br\/wp-json\/wp\/v2\/types\/page"}],"author":[{"embeddable":true,"href":"https:\/\/holdingsa.com\/pt-br\/wp-json\/wp\/v2\/users\/2"}],"replies":[{"embeddable":true,"href":"https:\/\/holdingsa.com\/pt-br\/wp-json\/wp\/v2\/comments?post=1401"}],"version-history":[{"count":22,"href":"https:\/\/holdingsa.com\/pt-br\/wp-json\/wp\/v2\/pages\/1401\/revisions"}],"predecessor-version":[{"id":3343,"href":"https:\/\/holdingsa.com\/pt-br\/wp-json\/wp\/v2\/pages\/1401\/revisions\/3343"}],"wp:attachment":[{"href":"https:\/\/holdingsa.com\/pt-br\/wp-json\/wp\/v2\/media?parent=1401"}],"curies":[{"name":"wp","href":"https:\/\/api.w.org\/{rel}","templated":true}]}}