{"id":1383,"date":"2017-04-07T14:50:33","date_gmt":"2017-04-07T14:50:33","guid":{"rendered":"http:\/\/eadesign.art.br\/holdingsports\/?page_id=1383"},"modified":"2018-10-19T21:16:26","modified_gmt":"2018-10-19T21:16:26","slug":"legal-e-fiscal","status":"publish","type":"page","link":"https:\/\/holdingsa.com\/pt-br\/legal-e-fiscal\/","title":{"rendered":"OUTROS NEG\u00d3CIOS"},"content":{"rendered":"[mk_page_section bg_image=&#8221;http:\/\/holdingsa.com\/wp-content\/uploads\/2017\/04\/slider-RJ.jpg&#8221; attachment=&#8221;fixed&#8221; bg_position=&#8221;center top&#8221; bg_repeat=&#8221;no-repeat&#8221; bg_stretch=&#8221;true&#8221; enable_3d=&#8221;true&#8221; speed_factor=&#8221;0.8&#8243; video_mask=&#8221;true&#8221; video_opacity=&#8221;0.8&#8243; min_height=&#8221;500&#8243; full_width=&#8221;true&#8221; padding_top=&#8221;0&#8243; padding_bottom=&#8221;48&#8243; top_shape_color=&#8221;#ffffff&#8221; bottom_shape_color=&#8221;#ffffff&#8221; sidebar=&#8221;sidebar-1&#8243;][vc_column][vc_row_inner css=&#8221;.vc_custom_1490638235020{background-position: 0 0 !important;background-repeat: repeat !important;}&#8221;][vc_column_inner][mk_padding_divider size=&#8221;330&#8243;][mk_fancy_title color=&#8221;#345d7e&#8221; size=&#8221;60&#8243; force_font_size=&#8221;true&#8221; size_phone=&#8221;50&#8243; line_height=&#8221;101&#8243; margin_top=&#8221;30&#8243; margin_bottom=&#8221;30&#8243; font_family=&#8221;none&#8221; align=&#8221;center&#8221; el_class=&#8221;sectionTitles&#8221;]<span style=\"color: #ffffff;\">INVESTIMENTOS E OUTRAS EMPRESAS<\/span>[\/mk_fancy_title][mk_padding_divider size=&#8221;20&#8243;][\/vc_column_inner][\/vc_row_inner][\/vc_column][\/mk_page_section][mk_page_section bg_image=&#8221;http:\/\/holdingsa.com\/wp-content\/uploads\/2015\/10\/shutterstock_176578913-blackwhite.jpg&#8221; bg_color=&#8221;#ffffff&#8221; blend_mode=&#8221;luminosity&#8221; bg_position=&#8221;center top&#8221; bg_repeat=&#8221;no-repeat&#8221; bg_stretch=&#8221;true&#8221; enable_3d=&#8221;true&#8221; speed_factor=&#8221;0.2&#8243; video_loop=&#8221;false&#8221; video_mask=&#8221;true&#8221; video_color_mask=&#8221;#ffffff&#8221; video_opacity=&#8221;0.9&#8243; min_height=&#8221;500&#8243; padding_top=&#8221;0&#8243; padding_bottom=&#8221;0&#8243; top_shape_color=&#8221;#ffffff&#8221; bottom_shape_color=&#8221;#ffffff&#8221; sidebar=&#8221;sidebar-1&#8243;][vc_column width=&#8221;2\/3&#8243;][mk_padding_divider size=&#8221;100&#8243;][vc_column_text align=&#8221;center&#8221;]\n<p>&nbsp;<\/p>\n<p style=\"text-align: left;\"><strong>Holding Asesor\u00eda<\/strong> tem m\u00faltiplos contatos no setor imobili\u00e1rio, o que, juntamente com nossa experi\u00eancia de mercado, facilitar\u00e1 a decis\u00e3o de nossos clientes sobre como administrar seus ativos.<\/p>\n<p style=\"text-align: left;\">Acesse aqui para mais informa\u00e7\u00f5es: www.holdinginvestimentos.com<\/p>\n[\/vc_column_text][\/vc_column][vc_column width=&#8221;1\/3&#8243;][mk_padding_divider size=&#8221;100&#8243;][vc_column_text]<a href=\"http:\/\/holdingsa.com\/wp-content\/uploads\/2015\/12\/logo-investimentos-light.png\"><img loading=\"lazy\" decoding=\"async\" class=\"wp-image-1521 size-medium aligncenter\" src=\"http:\/\/holdingsa.com\/wp-content\/uploads\/2015\/12\/logo-investimentos-light-300x236.png\" alt=\"\" width=\"300\" height=\"236\" srcset=\"https:\/\/holdingsa.com\/wp-content\/uploads\/2015\/12\/logo-investimentos-light-300x236.png 300w, https:\/\/holdingsa.com\/wp-content\/uploads\/2015\/12\/logo-investimentos-light-330x260.png 330w, https:\/\/holdingsa.com\/wp-content\/uploads\/2015\/12\/logo-investimentos-light.png 400w\" sizes=\"auto, (max-width: 300px) 85vw, 300px\" \/><\/a>[\/vc_column_text][\/vc_column][\/mk_page_section][mk_page_section bg_image=&#8221;http:\/\/holdingsa.com\/wp-content\/uploads\/2015\/10\/football-606230_1280.jpg&#8221; bg_color=&#8221;#232a50&#8243; blend_mode=&#8221;multiply&#8221; bg_position=&#8221;center top&#8221; bg_repeat=&#8221;no-repeat&#8221; bg_stretch=&#8221;true&#8221; speed_factor=&#8221;0.2&#8243; video_loop=&#8221;false&#8221; video_color_mask=&#8221;#232a50&#8243; video_opacity=&#8221;0.9&#8243; min_height=&#8221;450&#8243; padding_top=&#8221;0&#8243; padding_bottom=&#8221;0&#8243; top_shape_color=&#8221;#ffffff&#8221; bottom_shape_color=&#8221;#ffffff&#8221; sidebar=&#8221;sidebar-1&#8243;][vc_column][vc_row_inner][vc_column_inner width=&#8221;1\/3&#8243;][mk_padding_divider size=&#8221;100&#8243;][vc_column_text]<a href=\"http:\/\/holdingsa.com\/wp-content\/uploads\/2018\/07\/Business-1.png\"><img loading=\"lazy\" decoding=\"async\" class=\"wp-image-2993 size-medium aligncenter\" src=\"http:\/\/holdingsa.com\/wp-content\/uploads\/2018\/07\/Business-1-300x214.png\" alt=\"\" width=\"300\" height=\"214\" srcset=\"https:\/\/holdingsa.com\/wp-content\/uploads\/2018\/07\/Business-1-300x214.png 300w, https:\/\/holdingsa.com\/wp-content\/uploads\/2018\/07\/Business-1.png 336w\" sizes=\"auto, (max-width: 300px) 85vw, 300px\" \/><\/a>[\/vc_column_text][\/vc_column_inner][vc_column_inner width=&#8221;2\/3&#8243;][mk_padding_divider size=&#8221;100&#8243;][vc_column_text]<span style=\"color: #ffffff;\">Vamos assessor\u00e1-lo e melhorar seu neg\u00f3cio, oferecendo solu\u00e7\u00f5es combinadas para aumento de rentabilidade e de efici\u00eancia operacional, com a mentalidade e o profissionalismo europeu.<\/span><\/p>\n<p><span style=\"color: #ffffff;\"><strong>MOTIVADOS PELA GLOBALIZA\u00c7\u00c3O, LEVAMOS SUA EMPRESA A NOVOS DESAFIOS INTERNACIONAIS.<\/strong><\/span>[\/vc_column_text][\/vc_column_inner][\/vc_row_inner][\/vc_column][\/mk_page_section][mk_page_section bg_image=&#8221;http:\/\/holdingsa.com\/wp-content\/uploads\/2015\/12\/section-sports.jpg&#8221; bg_color=&#8221;#ffffff&#8221; blend_mode=&#8221;luminosity&#8221; bg_position=&#8221;center top&#8221; bg_repeat=&#8221;no-repeat&#8221; bg_stretch=&#8221;true&#8221; enable_3d=&#8221;true&#8221; speed_factor=&#8221;0.2&#8243; video_loop=&#8221;false&#8221; video_mask=&#8221;true&#8221; video_color_mask=&#8221;#ffffff&#8221; video_opacity=&#8221;0.9&#8243; min_height=&#8221;450&#8243; padding_top=&#8221;0&#8243; padding_bottom=&#8221;0&#8243; top_shape_color=&#8221;#ffffff&#8221; bottom_shape_color=&#8221;#ffffff&#8221; sidebar=&#8221;sidebar-1&#8243;][vc_column width=&#8221;2\/3&#8243;][mk_padding_divider size=&#8221;100&#8243;][vc_column_text]A<strong> Holding Assessoria<\/strong> \u00e9 uma plataforma de neg\u00f3cios, franquias e representa\u00e7\u00f5es de esporte ou neg\u00f3cios em outras \u00e1reas, formada por profissionais com s\u00f3lida experi\u00eancia, uma rede de in\u00fameros contatos e consolidada no competitivo mercado internacional.<\/p>\n<p>Somos uma empresa de informa\u00e7\u00e3o e oportunidades. Prestadora de servi\u00e7os no com\u00e9rcio internacional, que atua na gest\u00e3o integrada da cadeia log\u00edstica, agregando valor aos seus processos de importa\u00e7\u00e3o e exporta\u00e7\u00e3o.[\/vc_column_text][mk_padding_divider size=&#8221;70&#8243;][\/vc_column][vc_column width=&#8221;1\/3&#8243;][mk_padding_divider size=&#8221;100&#8243;][vc_column_text]<a href=\"http:\/\/holdingsa.com\/wp-content\/uploads\/2015\/12\/shutterstock_62213497.jpg\"><img loading=\"lazy\" decoding=\"async\" class=\"alignright wp-image-2568 size-medium\" src=\"http:\/\/holdingsa.com\/wp-content\/uploads\/2015\/12\/shutterstock_62213497-300x225.jpg\" alt=\"\" width=\"300\" height=\"225\" srcset=\"https:\/\/holdingsa.com\/wp-content\/uploads\/2015\/12\/shutterstock_62213497-300x225.jpg 300w, https:\/\/holdingsa.com\/wp-content\/uploads\/2015\/12\/shutterstock_62213497.jpg 1000w\" sizes=\"auto, (max-width: 300px) 85vw, 300px\" \/><\/a>[\/vc_column_text][mk_padding_divider size=&#8221;30&#8243;][\/vc_column][\/mk_page_section][mk_page_section bg_image=&#8221;http:\/\/holdingsa.com\/wp-content\/uploads\/2015\/10\/football-606230_1280.jpg&#8221; bg_color=&#8221;#fe8800&#8243; blend_mode=&#8221;multiply&#8221; bg_position=&#8221;center top&#8221; bg_repeat=&#8221;no-repeat&#8221; bg_stretch=&#8221;true&#8221; speed_factor=&#8221;0.2&#8243; video_loop=&#8221;false&#8221; video_color_mask=&#8221;#fe8800&#8243; video_opacity=&#8221;0.9&#8243; min_height=&#8221;450&#8243; padding_top=&#8221;0&#8243; padding_bottom=&#8221;0&#8243; top_shape_color=&#8221;#ffffff&#8221; bottom_shape_color=&#8221;#ffffff&#8221; sidebar=&#8221;sidebar-1&#8243;][vc_column][vc_row_inner][vc_column_inner width=&#8221;2\/3&#8243;][mk_padding_divider size=&#8221;100&#8243;][vc_column_text][\/vc_column_text][\/vc_column_inner][vc_column_inner width=&#8221;1\/3&#8243;][mk_padding_divider size=&#8221;100&#8243;][vc_column_text][\/vc_column_text][\/vc_column_inner][\/vc_row_inner][\/vc_column][\/mk_page_section]\n","protected":false},"excerpt":{"rendered":"<p>[mk_page_section bg_image=&#8221;http:\/\/holdingsa.com\/wp-content\/uploads\/2017\/04\/slider-RJ.jpg&#8221; attachment=&#8221;fixed&#8221; bg_position=&#8221;center top&#8221; bg_repeat=&#8221;no-repeat&#8221; bg_stretch=&#8221;true&#8221; enable_3d=&#8221;true&#8221; speed_factor=&#8221;0.8&#8243; video_mask=&#8221;true&#8221; video_opacity=&#8221;0.8&#8243; min_height=&#8221;500&#8243; full_width=&#8221;true&#8221; padding_top=&#8221;0&#8243; padding_bottom=&#8221;48&#8243; top_shape_color=&#8221;#ffffff&#8221; bottom_shape_color=&#8221;#ffffff&#8221; sidebar=&#8221;sidebar-1&#8243;][vc_column][vc_row_inner css=&#8221;.vc_custom_1490638235020{background-position: 0 0 !important;background-repeat: repeat !important;}&#8221;][vc_column_inner][mk_padding_divider size=&#8221;330&#8243;][mk_fancy_title color=&#8221;#345d7e&#8221; size=&#8221;60&#8243; force_font_size=&#8221;true&#8221; size_phone=&#8221;50&#8243; line_height=&#8221;101&#8243; margin_top=&#8221;30&#8243; margin_bottom=&#8221;30&#8243; font_family=&#8221;none&#8221; align=&#8221;center&#8221; el_class=&#8221;sectionTitles&#8221;]INVESTIMENTOS E OUTRAS EMPRESAS[\/mk_fancy_title][mk_padding_divider size=&#8221;20&#8243;][\/vc_column_inner][\/vc_row_inner][\/vc_column][\/mk_page_section][mk_page_section bg_image=&#8221;http:\/\/holdingsa.com\/wp-content\/uploads\/2015\/10\/shutterstock_176578913-blackwhite.jpg&#8221; bg_color=&#8221;#ffffff&#8221; blend_mode=&#8221;luminosity&#8221; bg_position=&#8221;center top&#8221; bg_repeat=&#8221;no-repeat&#8221; bg_stretch=&#8221;true&#8221; enable_3d=&#8221;true&#8221; speed_factor=&#8221;0.2&#8243; video_loop=&#8221;false&#8221; video_mask=&#8221;true&#8221; video_color_mask=&#8221;#ffffff&#8221; video_opacity=&#8221;0.9&#8243; min_height=&#8221;500&#8243; padding_top=&#8221;0&#8243; padding_bottom=&#8221;0&#8243; [&hellip;]<\/p>\n","protected":false},"author":2,"featured_media":0,"parent":0,"menu_order":0,"comment_status":"closed","ping_status":"closed","template":"","meta":{"footnotes":""},"class_list":["post-1383","page","type-page","status-publish","hentry"],"aioseo_notices":[],"_links":{"self":[{"href":"https:\/\/holdingsa.com\/pt-br\/wp-json\/wp\/v2\/pages\/1383","targetHints":{"allow":["GET"]}}],"collection":[{"href":"https:\/\/holdingsa.com\/pt-br\/wp-json\/wp\/v2\/pages"}],"about":[{"href":"https:\/\/holdingsa.com\/pt-br\/wp-json\/wp\/v2\/types\/page"}],"author":[{"embeddable":true,"href":"https:\/\/holdingsa.com\/pt-br\/wp-json\/wp\/v2\/users\/2"}],"replies":[{"embeddable":true,"href":"https:\/\/holdingsa.com\/pt-br\/wp-json\/wp\/v2\/comments?post=1383"}],"version-history":[{"count":30,"href":"https:\/\/holdingsa.com\/pt-br\/wp-json\/wp\/v2\/pages\/1383\/revisions"}],"predecessor-version":[{"id":2982,"href":"https:\/\/holdingsa.com\/pt-br\/wp-json\/wp\/v2\/pages\/1383\/revisions\/2982"}],"wp:attachment":[{"href":"https:\/\/holdingsa.com\/pt-br\/wp-json\/wp\/v2\/media?parent=1383"}],"curies":[{"name":"wp","href":"https:\/\/api.w.org\/{rel}","templated":true}]}}