{"id":1359,"date":"2017-04-05T19:48:06","date_gmt":"2017-04-05T19:48:06","guid":{"rendered":"http:\/\/eadesign.art.br\/holdingsports\/?page_id=1359"},"modified":"2019-05-21T18:44:12","modified_gmt":"2019-05-21T18:44:12","slug":"atletas","status":"publish","type":"page","link":"https:\/\/holdingsa.com\/pt-br\/atletas\/","title":{"rendered":"ATLETAS"},"content":{"rendered":"[mk_page_section bg_image=&#8221;http:\/\/holdingsa.com\/wp-content\/uploads\/2015\/12\/main-slider-img1.jpg&#8221; blend_mode=&#8221;luminosity&#8221; attachment=&#8221;fixed&#8221; bg_position=&#8221;center top&#8221; bg_repeat=&#8221;no-repeat&#8221; bg_stretch=&#8221;true&#8221; enable_3d=&#8221;true&#8221; speed_factor=&#8221;0.8&#8243; video_mask=&#8221;true&#8221; min_height=&#8221;500&#8243; full_width=&#8221;true&#8221; padding_top=&#8221;0&#8243; padding_bottom=&#8221;48&#8243; top_shape_color=&#8221;#ffffff&#8221; bottom_shape_color=&#8221;#ffffff&#8221; sidebar=&#8221;sidebar-1&#8243;][vc_column][vc_row_inner css=&#8221;.vc_custom_1490638235020{background-position: 0 0 !important;background-repeat: repeat !important;}&#8221;][vc_column_inner][mk_padding_divider size=&#8221;330&#8243;][mk_fancy_title color=&#8221;#345d7e&#8221; size=&#8221;60&#8243; force_font_size=&#8221;true&#8221; size_phone=&#8221;50&#8243; line_height=&#8221;101&#8243; margin_top=&#8221;30&#8243; margin_bottom=&#8221;30&#8243; font_family=&#8221;none&#8221; align=&#8221;center&#8221; el_class=&#8221;sectionTitles&#8221;]<span style=\"color: #ffffff;\">ATLETAS E TALENTOS FUTUROS<\/span>[\/mk_fancy_title][mk_padding_divider size=&#8221;200&#8243; visibility=&#8221;visible-tl-v2&#8243;][\/vc_column_inner][\/vc_row_inner][\/vc_column][\/mk_page_section][mk_page_section bg_image=&#8221;http:\/\/holdingsa.com\/wp-content\/uploads\/2015\/10\/football-340938_1280.jpg&#8221; bg_color=&#8221;#fe8800&#8243; blend_mode=&#8221;luminosity&#8221; bg_position=&#8221;center top&#8221; bg_repeat=&#8221;no-repeat&#8221; bg_stretch=&#8221;true&#8221; enable_3d=&#8221;true&#8221; speed_factor=&#8221;0.2&#8243; video_mask=&#8221;true&#8221; video_color_mask=&#8221;rgba(254,136,0,0.95)&#8221; video_opacity=&#8221;0.9&#8243; min_height=&#8221;450&#8243; padding_top=&#8221;0&#8243; padding_bottom=&#8221;0&#8243; top_shape_color=&#8221;#ffffff&#8221; bottom_shape_color=&#8221;#ffffff&#8221; sidebar=&#8221;sidebar-1&#8243;][vc_column][vc_row_inner][vc_column_inner][mk_padding_divider size=&#8221;80&#8243;][mk_fancy_title color=&#8221;#345d7e&#8221; size=&#8221;50&#8243; force_font_size=&#8221;true&#8221; size_phone=&#8221;50&#8243; line_height=&#8221;101&#8243; margin_top=&#8221;20&#8243; font_family=&#8221;none&#8221; align=&#8221;center&#8221; el_class=&#8221;sectionTitles&#8221;]\n<p style=\"text-align: left;\"><span style=\"color: #003366;\">ATLETAS<\/span><\/p>\n[\/mk_fancy_title][mk_padding_divider size=&#8221;8&#8243;][vc_column_text]<strong><a href=\"http:\/\/holdingsa.com\/wp-content\/uploads\/2015\/10\/Layer-4.png\"><img loading=\"lazy\" decoding=\"async\" class=\"alignleft size-medium wp-image-455\" src=\"http:\/\/holdingsa.com\/wp-content\/uploads\/2015\/10\/Layer-4-300x300.png\" alt=\"\" width=\"300\" height=\"300\" srcset=\"https:\/\/holdingsa.com\/wp-content\/uploads\/2015\/10\/Layer-4-300x300.png 300w, https:\/\/holdingsa.com\/wp-content\/uploads\/2015\/10\/Layer-4-150x150.png 150w, https:\/\/holdingsa.com\/wp-content\/uploads\/2015\/10\/Layer-4-60x60.png 60w\" sizes=\"auto, (max-width: 300px) 85vw, 300px\" \/><\/a><\/strong><\/p>\n<p>&nbsp;<\/p>\n<p><strong>Holding Assessoria<\/strong> tem o acompanhamento e relat\u00f3rios de in\u00fameros jogadores de primeiro n\u00edvel na Am\u00e9rica do Sul. Gra\u00e7as a essa experi\u00eancia acumulada, temos excelentes rela\u00e7\u00f5es com os clubes mais importantes das melhores ligas do mundo. Contamos com uma extensa e seleta rede de colaboradores e scouts em diferentes pa\u00edses dos cinco continentes, com quem trabalhamos por muitos anos.<\/p>\n<p>Assessoramos jogadores, buscando a melhor e mais r\u00e1pida adapta\u00e7\u00e3o ao mercado internacional, transmitindo-lhes conceitos fundamentais como a cultura do pa\u00eds, sua log\u00edstica e as filosofias t\u00e1tica e t\u00e9cnica do Clube.[\/vc_column_text][mk_padding_divider size=&#8221;10&#8243;][\/vc_column_inner][\/vc_row_inner][\/vc_column][\/mk_page_section][mk_page_section bg_image=&#8221;http:\/\/holdingsa.com\/wp-content\/uploads\/2015\/12\/bola-de-fut.jpg&#8221; bg_color=&#8221;#ffffff&#8221; blend_mode=&#8221;luminosity&#8221; bg_position=&#8221;center top&#8221; bg_repeat=&#8221;no-repeat&#8221; bg_stretch=&#8221;true&#8221; enable_3d=&#8221;true&#8221; speed_factor=&#8221;0.2&#8243; video_mask=&#8221;true&#8221; video_color_mask=&#8221;#ffffff&#8221; video_opacity=&#8221;0.9&#8243; min_height=&#8221;500&#8243; padding_top=&#8221;0&#8243; padding_bottom=&#8221;0&#8243; top_shape_color=&#8221;#ffffff&#8221; bottom_shape_color=&#8221;#ffffff&#8221; sidebar=&#8221;sidebar-1&#8243;][vc_column width=&#8221;2\/3&#8243;][mk_padding_divider size=&#8221;80&#8243;][mk_fancy_title color=&#8221;#345d7e&#8221; size=&#8221;50&#8243; force_font_size=&#8221;true&#8221; size_phone=&#8221;50&#8243; line_height=&#8221;101&#8243; margin_top=&#8221;20&#8243; font_family=&#8221;none&#8221; align=&#8221;center&#8221; el_class=&#8221;sectionTitles&#8221;]\n<p style=\"text-align: left;\"><span style=\"color: #003366;\">TALENTOS FUTUROS<\/span><\/p>\n[\/mk_fancy_title][vc_column_text]<strong>Holding Assessoria,<\/strong> apoia os jovens talentos. Fazemos uma firme e corajosa aposta pelas novas promessas que surgem nas variadas categorias de base da Am\u00e9rica do Sul. Com nossa extensa rede de scouts e relat\u00f3rios exaustivos, preparamos a cada temporada um projeto dedicado \u00e0 identifica\u00e7\u00e3o dos jogadores mais promissores da Am\u00e9rica do Sul e especialmente do Brasil.<\/p>\n<p><strong>Jovens Talento<\/strong>s que se destacam dos campeonatos, com \u00f3timas caracter\u00edsticas t\u00e9cnicas, t\u00e1ticas e de f\u00e1cil adapta\u00e7\u00e3o na Europa. Fazemos uma sele\u00e7\u00e3o dos melhores talentos e para desenvolver este trabalho com sucesso, temos nossa experi\u00eancia, infraestrutura e presen\u00e7a com as equipes mais representativas do futebol de base e sempre fazendo acordos entre clubes para que ambos se beneficiem.[\/vc_column_text][mk_padding_divider size=&#8221;80&#8243;][\/vc_column][vc_column width=&#8221;1\/3&#8243;][mk_padding_divider size=&#8221;200&#8243;][vc_column_text align=&#8221;center&#8221;]<a href=\"http:\/\/holdingsa.com\/wp-content\/uploads\/2015\/10\/Layer-2-1.jpg\"><img loading=\"lazy\" decoding=\"async\" class=\"aligncenter wp-image-451 size-medium\" src=\"http:\/\/holdingsa.com\/wp-content\/uploads\/2015\/10\/Layer-2-1-300x300.jpg\" alt=\"\" width=\"300\" height=\"300\" srcset=\"https:\/\/holdingsa.com\/wp-content\/uploads\/2015\/10\/Layer-2-1-300x300.jpg 300w, https:\/\/holdingsa.com\/wp-content\/uploads\/2015\/10\/Layer-2-1-150x150.jpg 150w, https:\/\/holdingsa.com\/wp-content\/uploads\/2015\/10\/Layer-2-1-60x60.jpg 60w\" sizes=\"auto, (max-width: 300px) 85vw, 300px\" \/><\/a>[\/vc_column_text][\/vc_column][\/mk_page_section][mk_page_section bg_image=&#8221;http:\/\/holdingsa.com\/wp-content\/uploads\/2015\/10\/shutterstock_213377194-e1445950273266.jpg&#8221; bg_color=&#8221;#fe8800&#8243; blend_mode=&#8221;luminosity&#8221; bg_position=&#8221;center top&#8221; bg_repeat=&#8221;no-repeat&#8221; bg_stretch=&#8221;true&#8221; enable_3d=&#8221;true&#8221; speed_factor=&#8221;0.2&#8243; video_mask=&#8221;true&#8221; video_color_mask=&#8221;rgba(254,136,0,0.95)&#8221; video_opacity=&#8221;0.9&#8243; min_height=&#8221;450&#8243; padding_top=&#8221;0&#8243; padding_bottom=&#8221;0&#8243; top_shape_color=&#8221;#ffffff&#8221; bottom_shape_color=&#8221;#ffffff&#8221; sidebar=&#8221;sidebar-1&#8243;][vc_column][vc_row_inner][vc_column_inner][mk_padding_divider size=&#8221;80&#8243;][mk_fancy_title color=&#8221;#345d7e&#8221; size=&#8221;50&#8243; force_font_size=&#8221;true&#8221; size_phone=&#8221;50&#8243; line_height=&#8221;101&#8243; margin_top=&#8221;20&#8243; font_family=&#8221;none&#8221; align=&#8221;center&#8221; el_class=&#8221;sectionTitles&#8221;]\n<p style=\"text-align: left;\"><span style=\"color: #003366;\">ASSESSORAMENTO FINANCEIRO<\/span><\/p>\n[\/mk_fancy_title][mk_padding_divider size=&#8221;12&#8243;][vc_column_text margin_bottom=&#8221;20&#8243;]<a href=\"http:\/\/holdingsa.com\/wp-content\/uploads\/2019\/04\/Forex-Board-Computer.jpg\"><img loading=\"lazy\" decoding=\"async\" class=\"alignleft wp-image-3438\" src=\"http:\/\/holdingsa.com\/wp-content\/uploads\/2019\/04\/Forex-Board-Computer-300x200.jpg\" alt=\"\" width=\"443\" height=\"295\" srcset=\"https:\/\/holdingsa.com\/wp-content\/uploads\/2019\/04\/Forex-Board-Computer-300x200.jpg 300w, https:\/\/holdingsa.com\/wp-content\/uploads\/2019\/04\/Forex-Board-Computer-150x100.jpg 150w, https:\/\/holdingsa.com\/wp-content\/uploads\/2019\/04\/Forex-Board-Computer-600x400.jpg 600w, https:\/\/holdingsa.com\/wp-content\/uploads\/2019\/04\/Forex-Board-Computer.jpg 615w\" sizes=\"auto, (max-width: 443px) 85vw, 443px\" \/><\/a>Grande parte dos atletas que n\u00e3o receberam uma boa assessoria financeira durante sua carreira enfrentam s\u00e9rias dificuldades econ\u00f4micas ap\u00f3s a sua aposentadoria, o que os obriga a procurar urgentemente outro emprego para sobreviver.<\/p>\n<p><strong>Holding Assessoria<\/strong> oferece um apoio integral ao atleta de elite. Nossa aten\u00e7\u00e3o n\u00e3o se limita apenas ao \u00e2mbito do esporte, mas tamb\u00e9m oferece assessoria pessoal, permanente e detalhada em quest\u00f5es legais, tribut\u00e1rias e trabalhistas. Como maximizar o rendimento e investir da melhor forma s\u00e3o outros aspectos que marcam a atividade da nossa empresa. Aconselhamos e fazemos o planejamento mais conveniente, para que voc\u00ea obtenha a m\u00e1xima rentabilidade do seu dinheiro, sempre com excelentes profissionais do setor.[\/vc_column_text][\/vc_column_inner][\/vc_row_inner][vc_row_inner][vc_column_inner][vc_column_text][\/vc_column_text][\/vc_column_inner][\/vc_row_inner][\/vc_column][\/mk_page_section]\n","protected":false},"excerpt":{"rendered":"<p>[mk_page_section bg_image=&#8221;http:\/\/holdingsa.com\/wp-content\/uploads\/2015\/12\/main-slider-img1.jpg&#8221; blend_mode=&#8221;luminosity&#8221; attachment=&#8221;fixed&#8221; bg_position=&#8221;center top&#8221; bg_repeat=&#8221;no-repeat&#8221; bg_stretch=&#8221;true&#8221; enable_3d=&#8221;true&#8221; speed_factor=&#8221;0.8&#8243; video_mask=&#8221;true&#8221; min_height=&#8221;500&#8243; full_width=&#8221;true&#8221; padding_top=&#8221;0&#8243; padding_bottom=&#8221;48&#8243; top_shape_color=&#8221;#ffffff&#8221; bottom_shape_color=&#8221;#ffffff&#8221; sidebar=&#8221;sidebar-1&#8243;][vc_column][vc_row_inner css=&#8221;.vc_custom_1490638235020{background-position: 0 0 !important;background-repeat: repeat !important;}&#8221;][vc_column_inner][mk_padding_divider size=&#8221;330&#8243;][mk_fancy_title color=&#8221;#345d7e&#8221; size=&#8221;60&#8243; force_font_size=&#8221;true&#8221; size_phone=&#8221;50&#8243; line_height=&#8221;101&#8243; margin_top=&#8221;30&#8243; margin_bottom=&#8221;30&#8243; font_family=&#8221;none&#8221; align=&#8221;center&#8221; el_class=&#8221;sectionTitles&#8221;]ATLETAS E TALENTOS FUTUROS[\/mk_fancy_title][mk_padding_divider size=&#8221;200&#8243; visibility=&#8221;visible-tl-v2&#8243;][\/vc_column_inner][\/vc_row_inner][\/vc_column][\/mk_page_section][mk_page_section bg_image=&#8221;http:\/\/holdingsa.com\/wp-content\/uploads\/2015\/10\/football-340938_1280.jpg&#8221; bg_color=&#8221;#fe8800&#8243; blend_mode=&#8221;luminosity&#8221; bg_position=&#8221;center top&#8221; bg_repeat=&#8221;no-repeat&#8221; bg_stretch=&#8221;true&#8221; enable_3d=&#8221;true&#8221; speed_factor=&#8221;0.2&#8243; video_mask=&#8221;true&#8221; video_color_mask=&#8221;rgba(254,136,0,0.95)&#8221; video_opacity=&#8221;0.9&#8243; min_height=&#8221;450&#8243; padding_top=&#8221;0&#8243; padding_bottom=&#8221;0&#8243; [&hellip;]<\/p>\n","protected":false},"author":2,"featured_media":0,"parent":0,"menu_order":0,"comment_status":"closed","ping_status":"closed","template":"","meta":{"footnotes":""},"class_list":["post-1359","page","type-page","status-publish","hentry"],"aioseo_notices":[],"_links":{"self":[{"href":"https:\/\/holdingsa.com\/pt-br\/wp-json\/wp\/v2\/pages\/1359","targetHints":{"allow":["GET"]}}],"collection":[{"href":"https:\/\/holdingsa.com\/pt-br\/wp-json\/wp\/v2\/pages"}],"about":[{"href":"https:\/\/holdingsa.com\/pt-br\/wp-json\/wp\/v2\/types\/page"}],"author":[{"embeddable":true,"href":"https:\/\/holdingsa.com\/pt-br\/wp-json\/wp\/v2\/users\/2"}],"replies":[{"embeddable":true,"href":"https:\/\/holdingsa.com\/pt-br\/wp-json\/wp\/v2\/comments?post=1359"}],"version-history":[{"count":57,"href":"https:\/\/holdingsa.com\/pt-br\/wp-json\/wp\/v2\/pages\/1359\/revisions"}],"predecessor-version":[{"id":3513,"href":"https:\/\/holdingsa.com\/pt-br\/wp-json\/wp\/v2\/pages\/1359\/revisions\/3513"}],"wp:attachment":[{"href":"https:\/\/holdingsa.com\/pt-br\/wp-json\/wp\/v2\/media?parent=1359"}],"curies":[{"name":"wp","href":"https:\/\/api.w.org\/{rel}","templated":true}]}}