{"id":1327,"date":"2017-04-05T16:41:50","date_gmt":"2017-04-05T16:41:50","guid":{"rendered":"http:\/\/eadesign.art.br\/holdingsports\/?page_id=1327"},"modified":"2019-05-21T18:23:46","modified_gmt":"2019-05-21T18:23:46","slug":"tecnicos","status":"publish","type":"page","link":"https:\/\/holdingsa.com\/pt-br\/tecnicos\/","title":{"rendered":"T\u00c9CNICOS"},"content":{"rendered":"[mk_page_section bg_image=&#8221;http:\/\/holdingsa.com\/wp-content\/uploads\/2017\/04\/marketing-no-futebol.jpg&#8221; attachment=&#8221;fixed&#8221; bg_position=&#8221;center center&#8221; bg_repeat=&#8221;no-repeat&#8221; bg_stretch=&#8221;true&#8221; enable_3d=&#8221;true&#8221; speed_factor=&#8221;0.8&#8243; video_mask=&#8221;true&#8221; video_opacity=&#8221;0.8&#8243; min_height=&#8221;500&#8243; full_width=&#8221;true&#8221; padding_top=&#8221;0&#8243; padding_bottom=&#8221;48&#8243; top_shape_color=&#8221;#ffffff&#8221; bottom_shape_color=&#8221;#ffffff&#8221; sidebar=&#8221;sidebar-1&#8243;][vc_column][vc_row_inner css=&#8221;.vc_custom_1490638235020{background-position: 0 0 !important;background-repeat: repeat !important;}&#8221;][vc_column_inner][mk_padding_divider size=&#8221;330&#8243;][mk_fancy_title color=&#8221;#345d7e&#8221; size=&#8221;60&#8243; force_font_size=&#8221;true&#8221; size_phone=&#8221;50&#8243; line_height=&#8221;101&#8243; margin_top=&#8221;30&#8243; margin_bottom=&#8221;30&#8243; font_family=&#8221;none&#8221; align=&#8221;center&#8221; el_class=&#8221;sectionTitles&#8221;]<span style=\"color: #ff6600;\">TREINADOR E CORPO T\u00c9CNICO<\/span>[\/mk_fancy_title][mk_padding_divider size=&#8221;20&#8243;][\/vc_column_inner][\/vc_row_inner][\/vc_column][\/mk_page_section][mk_page_section bg_image=&#8221;http:\/\/holdingsa.com\/wp-content\/uploads\/2015\/10\/shutterstock_176578913-blackwhite.jpg&#8221; bg_color=&#8221;#ffffff&#8221; blend_mode=&#8221;luminosity&#8221; bg_position=&#8221;center top&#8221; bg_repeat=&#8221;no-repeat&#8221; bg_stretch=&#8221;true&#8221; enable_3d=&#8221;true&#8221; speed_factor=&#8221;0.2&#8243; video_loop=&#8221;false&#8221; video_mask=&#8221;true&#8221; video_color_mask=&#8221;#ffffff&#8221; video_opacity=&#8221;0.9&#8243; min_height=&#8221;500&#8243; padding_top=&#8221;0&#8243; padding_bottom=&#8221;0&#8243; top_shape_color=&#8221;#ffffff&#8221; bottom_shape_color=&#8221;#ffffff&#8221; sidebar=&#8221;sidebar-1&#8243;][vc_column][mk_padding_divider size=&#8221;70&#8243;][mk_fancy_title color=&#8221;#001147&#8243; size=&#8221;60&#8243; force_font_size=&#8221;true&#8221; size_phone=&#8221;50&#8243; line_height=&#8221;150&#8243; margin_top=&#8221;50&#8243; margin_bottom=&#8221;50&#8243; font_family=&#8221;none&#8221; align=&#8221;center&#8221; el_class=&#8221;sectionTitles&#8221;]\n<h2 style=\"text-align: center;\"><span style=\"color: #003366;\">HOLDING ASSESSORIA TEM CONTATO DIRETO COM EXCELENTES TREINADORES<\/span><br \/>\n<span style=\"color: #003366;\">SEMPRE DISPOSTOS A EVOLUIR E ALCAN\u00c7AR NOVAS CONQUISTAS.<\/span><\/h2>\n[\/mk_fancy_title][vc_column_text]<a href=\"http:\/\/holdingsa.com\/wp-content\/uploads\/2017\/04\/Paulo-Autuori-Coletiva.jpg\"><img loading=\"lazy\" decoding=\"async\" class=\"alignleft size-medium wp-image-2391\" src=\"http:\/\/holdingsa.com\/wp-content\/uploads\/2017\/04\/Paulo-Autuori-Coletiva-300x190.jpg\" alt=\"\" width=\"300\" height=\"190\" srcset=\"https:\/\/holdingsa.com\/wp-content\/uploads\/2017\/04\/Paulo-Autuori-Coletiva-300x190.jpg 300w, https:\/\/holdingsa.com\/wp-content\/uploads\/2017\/04\/Paulo-Autuori-Coletiva-1024x647.jpg 1024w, https:\/\/holdingsa.com\/wp-content\/uploads\/2017\/04\/Paulo-Autuori-Coletiva.jpg 1500w\" sizes=\"auto, (max-width: 300px) 85vw, 300px\" \/><\/a>O <strong>Treinador<\/strong> est\u00e1 sempre em constante evolu\u00e7\u00e3o, aprendendo e estudando, para atualizarse e aprimorar suas habilidades, assume as tarefas relacionadas ao dia a dia da equipe no que se refere \u00e0s responsabilidades da \u00e1rea esportiva como a tomada da equipe, decis\u00f5es t\u00e1ticas, o treinamento. Uma de suas fun\u00e7\u00f5es, \u00e9 aproveitar ao m\u00e1ximo rendimento dos jogadores atrav\u00e9s do gerenciamento do conhecimento, sempre potencializando os recursos individuais e de grupo.<\/p>\n<p><strong>Preparador F\u00edsico:<\/strong> \u00e9 um profissional na \u00e1rea de ci\u00eancias aplicadas para treinamento e condicionamento f\u00edsico; capaz de elaborar programas ou sistemas de treinamento.<br \/>\n<strong>Assistente T\u00e9cnico:<\/strong> Segundo treinador e assistente. \u00c9 a m\u00e3o direita do treinador em um time de futebol profissional.<br \/>\n<strong>Treinador de Goleiros:<\/strong> profissional que se dedica precisamente a instruir sobre como melhorar suas habilidades para a defesa do gol. O goleiro \u00e9 um especialista. Em rela\u00e7\u00e3o aos requisitos caracter\u00edsticos de um goleiro, agilidade, coordena\u00e7\u00e3o, um bom trabalho de p\u00e9s e uma forte mentalidade s\u00e3o importantes.[\/vc_column_text][mk_padding_divider size=&#8221;100&#8243;][vc_column_text][\/vc_column_text][\/vc_column][\/mk_page_section]\n","protected":false},"excerpt":{"rendered":"<p>[mk_page_section bg_image=&#8221;http:\/\/holdingsa.com\/wp-content\/uploads\/2017\/04\/marketing-no-futebol.jpg&#8221; attachment=&#8221;fixed&#8221; bg_position=&#8221;center center&#8221; bg_repeat=&#8221;no-repeat&#8221; bg_stretch=&#8221;true&#8221; enable_3d=&#8221;true&#8221; speed_factor=&#8221;0.8&#8243; video_mask=&#8221;true&#8221; video_opacity=&#8221;0.8&#8243; min_height=&#8221;500&#8243; full_width=&#8221;true&#8221; padding_top=&#8221;0&#8243; padding_bottom=&#8221;48&#8243; top_shape_color=&#8221;#ffffff&#8221; bottom_shape_color=&#8221;#ffffff&#8221; sidebar=&#8221;sidebar-1&#8243;][vc_column][vc_row_inner css=&#8221;.vc_custom_1490638235020{background-position: 0 0 !important;background-repeat: repeat !important;}&#8221;][vc_column_inner][mk_padding_divider size=&#8221;330&#8243;][mk_fancy_title color=&#8221;#345d7e&#8221; size=&#8221;60&#8243; force_font_size=&#8221;true&#8221; size_phone=&#8221;50&#8243; line_height=&#8221;101&#8243; margin_top=&#8221;30&#8243; margin_bottom=&#8221;30&#8243; font_family=&#8221;none&#8221; align=&#8221;center&#8221; el_class=&#8221;sectionTitles&#8221;]TREINADOR E CORPO T\u00c9CNICO[\/mk_fancy_title][mk_padding_divider size=&#8221;20&#8243;][\/vc_column_inner][\/vc_row_inner][\/vc_column][\/mk_page_section][mk_page_section bg_image=&#8221;http:\/\/holdingsa.com\/wp-content\/uploads\/2015\/10\/shutterstock_176578913-blackwhite.jpg&#8221; bg_color=&#8221;#ffffff&#8221; blend_mode=&#8221;luminosity&#8221; bg_position=&#8221;center top&#8221; bg_repeat=&#8221;no-repeat&#8221; bg_stretch=&#8221;true&#8221; enable_3d=&#8221;true&#8221; speed_factor=&#8221;0.2&#8243; video_loop=&#8221;false&#8221; video_mask=&#8221;true&#8221; video_color_mask=&#8221;#ffffff&#8221; video_opacity=&#8221;0.9&#8243; min_height=&#8221;500&#8243; padding_top=&#8221;0&#8243; padding_bottom=&#8221;0&#8243; [&hellip;]<\/p>\n","protected":false},"author":2,"featured_media":0,"parent":0,"menu_order":0,"comment_status":"closed","ping_status":"closed","template":"","meta":{"footnotes":""},"class_list":["post-1327","page","type-page","status-publish","hentry"],"aioseo_notices":[],"_links":{"self":[{"href":"https:\/\/holdingsa.com\/pt-br\/wp-json\/wp\/v2\/pages\/1327","targetHints":{"allow":["GET"]}}],"collection":[{"href":"https:\/\/holdingsa.com\/pt-br\/wp-json\/wp\/v2\/pages"}],"about":[{"href":"https:\/\/holdingsa.com\/pt-br\/wp-json\/wp\/v2\/types\/page"}],"author":[{"embeddable":true,"href":"https:\/\/holdingsa.com\/pt-br\/wp-json\/wp\/v2\/users\/2"}],"replies":[{"embeddable":true,"href":"https:\/\/holdingsa.com\/pt-br\/wp-json\/wp\/v2\/comments?post=1327"}],"version-history":[{"count":57,"href":"https:\/\/holdingsa.com\/pt-br\/wp-json\/wp\/v2\/pages\/1327\/revisions"}],"predecessor-version":[{"id":3566,"href":"https:\/\/holdingsa.com\/pt-br\/wp-json\/wp\/v2\/pages\/1327\/revisions\/3566"}],"wp:attachment":[{"href":"https:\/\/holdingsa.com\/pt-br\/wp-json\/wp\/v2\/media?parent=1327"}],"curies":[{"name":"wp","href":"https:\/\/api.w.org\/{rel}","templated":true}]}}