{"id":109,"date":"2015-12-09T12:17:34","date_gmt":"2015-12-09T12:17:34","guid":{"rendered":"http:\/\/demos.artbees.net\/jupiter5\/hermippe\/?page_id=109"},"modified":"2019-05-21T03:27:01","modified_gmt":"2019-05-21T03:27:01","slug":"nossos-servicos","status":"publish","type":"page","link":"https:\/\/holdingsa.com\/pt-br\/nossos-servicos\/","title":{"rendered":"ASSESSORIA CLUBES"},"content":{"rendered":"[mk_page_section bg_image=&#8221;http:\/\/holdingsa.com\/wp-content\/uploads\/2019\/04\/Foto-Slide-Asesoria-5.png&#8221; blend_mode=&#8221;luminosity&#8221; attachment=&#8221;fixed&#8221; bg_position=&#8221;center top&#8221; bg_repeat=&#8221;no-repeat&#8221; bg_stretch=&#8221;true&#8221; enable_3d=&#8221;true&#8221; speed_factor=&#8221;0.8&#8243; video_mask=&#8221;true&#8221; min_height=&#8221;500&#8243; full_width=&#8221;true&#8221; padding_top=&#8221;0&#8243; padding_bottom=&#8221;48&#8243; top_shape_color=&#8221;#ffffff&#8221; bottom_shape_color=&#8221;#ffffff&#8221; sidebar=&#8221;sidebar-1&#8243;][vc_column][vc_row_inner css=&#8221;.vc_custom_1490638235020{background-position: 0 0 !important;background-repeat: repeat !important;}&#8221;][vc_column_inner][mk_padding_divider size=&#8221;330&#8243;][mk_fancy_title color=&#8221;#345d7e&#8221; size=&#8221;48&#8243; line_height=&#8221;130&#8243; letter_spacing=&#8221;10&#8243; margin_top=&#8221;30&#8243; margin_bottom=&#8221;30&#8243; font_family=&#8221;none&#8221; align=&#8221;center&#8221; el_class=&#8221;sectionTitles&#8221;]\n<p style=\"text-align: center;\"><strong><span style=\"color: #ffffff;\">ASSESSORAMOS SEU CLUBE COM EFIC\u00c1CIA, SIGILO E EXCEL\u00caNCIA<\/span><\/strong><\/p>\n[\/mk_fancy_title][mk_padding_divider size=&#8221;20&#8243;][\/vc_column_inner][\/vc_row_inner][\/vc_column][\/mk_page_section][mk_page_section bg_image=&#8221;http:\/\/holdingsa.com\/wp-content\/uploads\/2015\/12\/bola-de-fut.jpg&#8221; bg_color=&#8221;#fe8800&#8243; blend_mode=&#8221;soft-light&#8221; bg_position=&#8221;center top&#8221; bg_repeat=&#8221;no-repeat&#8221; bg_stretch=&#8221;true&#8221; enable_3d=&#8221;true&#8221; speed_factor=&#8221;0.2&#8243; video_color_mask=&#8221;rgba(254,136,0,0.8)&#8221; video_opacity=&#8221;1&#8243; min_height=&#8221;500&#8243; padding_top=&#8221;0&#8243; padding_bottom=&#8221;0&#8243; top_shape_color=&#8221;#ffffff&#8221; bottom_shape_color=&#8221;#ffffff&#8221; sidebar=&#8221;sidebar-1&#8243;][vc_column][mk_padding_divider size=&#8221;70&#8243;][mk_fancy_title color=&#8221;#ffffff&#8221; size=&#8221;35&#8243; force_font_size=&#8221;true&#8221; size_phone=&#8221;50&#8243; line_height=&#8221;101&#8243; margin_bottom=&#8221;0&#8243; font_family=&#8221;none&#8221; el_class=&#8221;sectionTitles&#8221;]<span style=\"color: #232a50;\">RELAT\u00d3RIOS, SEGUIMENTOS ATUALIZADOS E V\u00cdDEOS<\/span>[\/mk_fancy_title][mk_padding_divider size=&#8221;50&#8243;][vc_column_text]\n<p><strong><a href=\"http:\/\/holdingsa.com\/wp-content\/uploads\/2018\/09\/Sala-Reunion.png\"><img loading=\"lazy\" decoding=\"async\" class=\"alignright wp-image-3172\" src=\"http:\/\/holdingsa.com\/wp-content\/uploads\/2018\/09\/Sala-Reunion-300x186.png\" alt=\"\" width=\"400\" height=\"248\" srcset=\"https:\/\/holdingsa.com\/wp-content\/uploads\/2018\/09\/Sala-Reunion-300x186.png 300w, https:\/\/holdingsa.com\/wp-content\/uploads\/2018\/09\/Sala-Reunion-768x476.png 768w, https:\/\/holdingsa.com\/wp-content\/uploads\/2018\/09\/Sala-Reunion-1024x635.png 1024w, https:\/\/holdingsa.com\/wp-content\/uploads\/2018\/09\/Sala-Reunion-330x205.png 330w, https:\/\/holdingsa.com\/wp-content\/uploads\/2018\/09\/Sala-Reunion.png 1286w\" sizes=\"auto, (max-width: 400px) 85vw, 400px\" \/><\/a><\/strong><\/p>\n<p>&nbsp;<\/p>\n<p>Contamos com uma ampla e seleta equipe de <strong>Scouts<\/strong> e <strong>Analistas de Desempenho<\/strong>, de grande experi\u00eancia e prest\u00edgio, um excelente banco de dados, relat\u00f3rios atualizados (v\u00eddeos, estat\u00edsticas, etc.) desde os melhores jogadores \u00e0s promessas que come\u00e7am a surgir.<\/p>\n<p>&nbsp;<\/p>\n<p><a href=\"http:\/\/holdingsa.com\/wp-content\/uploads\/2019\/04\/Informe-Holding.png\"><img loading=\"lazy\" decoding=\"async\" class=\"alignleft size-full wp-image-3368\" src=\"http:\/\/holdingsa.com\/wp-content\/uploads\/2019\/04\/Informe-Holding.png\" alt=\"\" width=\"247\" height=\"347\" srcset=\"https:\/\/holdingsa.com\/wp-content\/uploads\/2019\/04\/Informe-Holding.png 247w, https:\/\/holdingsa.com\/wp-content\/uploads\/2019\/04\/Informe-Holding-214x300.png 214w, https:\/\/holdingsa.com\/wp-content\/uploads\/2019\/04\/Informe-Holding-185x260.png 185w, https:\/\/holdingsa.com\/wp-content\/uploads\/2019\/04\/Informe-Holding-600x842.png 600w\" sizes=\"auto, (max-width: 247px) 85vw, 247px\" \/><\/a><\/p>\n<p>&nbsp;<\/p>\n<p>Uma das nossas aporta\u00e7\u00f5es mais bem sucedidas e mais solicitadas pelos clubes europeus, s\u00e3o os relat\u00f3rios detalhados de clubes e jogadores. Dados importantes utilizados pelos clubes para tomar decis\u00f5es e negociar.<\/p>\n<p><a href=\"http:\/\/holdingsa.com\/wp-content\/uploads\/2019\/05\/Slide-Informes-3.png\"><img loading=\"lazy\" decoding=\"async\" class=\"alignright size-medium wp-image-3486\" src=\"http:\/\/holdingsa.com\/wp-content\/uploads\/2019\/05\/Slide-Informes-3-300x225.png\" alt=\"\" width=\"300\" height=\"225\" srcset=\"https:\/\/holdingsa.com\/wp-content\/uploads\/2019\/05\/Slide-Informes-3-300x225.png 300w, https:\/\/holdingsa.com\/wp-content\/uploads\/2019\/05\/Slide-Informes-3-768x577.png 768w, https:\/\/holdingsa.com\/wp-content\/uploads\/2019\/05\/Slide-Informes-3-1024x770.png 1024w, https:\/\/holdingsa.com\/wp-content\/uploads\/2019\/05\/Slide-Informes-3-600x450.png 600w, https:\/\/holdingsa.com\/wp-content\/uploads\/2019\/05\/Slide-Informes-3.png 1506w\" sizes=\"auto, (max-width: 300px) 85vw, 300px\" \/><\/a>Conhecer bem os detalhes do jogador, do profissional ao pessoal, dentro e fora do campo. Informa\u00e7\u00f5es fundamentais para contrata\u00e7\u00e3o e adapta\u00e7\u00e3o, tais como:<\/p>\n<p>Sua personalidade, t\u00edmido ou extrovertido, profissionalismo, evolu\u00e7\u00e3o, mant\u00e9m-se bem \u00e0 press\u00e3o psicol\u00f3gica, situa\u00e7\u00e3o familiar, quem influencia suas decis\u00f5es, sa\u00eddas noturnas, v\u00edcios, que \u00e9 o seu representante neste momento, as suas pretens\u00f5es financeiras, etc &#8230;<strong><br \/>\n<\/strong><\/p>\n<h3><\/h3>\n<h3><\/h3>\n<h3><\/h3>\n<h3 style=\"text-align: left;\"><\/h3>\n[\/vc_column_text][vc_column_text]\n<h3 style=\"text-align: center;\"><strong>Para obter todos esses dados importantes, somente atrav\u00e9s de uma conviv\u00eancia in situ e di\u00e1ria.<br \/>\n<\/strong><\/h3>\n[\/vc_column_text][mk_padding_divider size=&#8221;80&#8243;][\/vc_column][\/mk_page_section][mk_page_section bg_image=&#8221;http:\/\/holdingsa.com\/wp-content\/uploads\/2015\/10\/soccer-263716_640.jpg&#8221; bg_color=&#8221;#ffffff&#8221; blend_mode=&#8221;luminosity&#8221; bg_position=&#8221;center top&#8221; bg_repeat=&#8221;no-repeat&#8221; bg_stretch=&#8221;true&#8221; enable_3d=&#8221;true&#8221; speed_factor=&#8221;0.2&#8243; video_mask=&#8221;true&#8221; video_color_mask=&#8221;#ffffff&#8221; video_opacity=&#8221;0.9&#8243; min_height=&#8221;450&#8243; padding_top=&#8221;0&#8243; padding_bottom=&#8221;0&#8243; top_shape_color=&#8221;#ffffff&#8221; bottom_shape_color=&#8221;#ffffff&#8221; sidebar=&#8221;sidebar-1&#8243;][vc_column][mk_padding_divider size=&#8221;70&#8243;][mk_fancy_title color=&#8221;#345d7e&#8221; size=&#8221;35&#8243; force_font_size=&#8221;true&#8221; size_phone=&#8221;50&#8243; line_height=&#8221;101&#8243; margin_bottom=&#8221;0&#8243; font_family=&#8221;none&#8221; animation=&#8221;bottom-to-top&#8221; el_class=&#8221;sectionTitles&#8221;]<span style=\"color: #f9875b;\"><span style=\"color: #232a50;\"><span style=\"color: #003366;\">ASSESSORIA E AN\u00c1LISE DE MERCADO<\/span><\/span><\/span>[\/mk_fancy_title][mk_padding_divider size=&#8221;50&#8243;][vc_column_text]<a href=\"http:\/\/holdingsa.com\/wp-content\/uploads\/2018\/07\/Business-2.png\"><img loading=\"lazy\" decoding=\"async\" class=\"alignleft size-medium wp-image-2994\" src=\"http:\/\/holdingsa.com\/wp-content\/uploads\/2018\/07\/Business-2-300x187.png\" alt=\"\" width=\"300\" height=\"187\" srcset=\"https:\/\/holdingsa.com\/wp-content\/uploads\/2018\/07\/Business-2-300x187.png 300w, https:\/\/holdingsa.com\/wp-content\/uploads\/2018\/07\/Business-2-768x479.png 768w, https:\/\/holdingsa.com\/wp-content\/uploads\/2018\/07\/Business-2-600x374.png 600w, https:\/\/holdingsa.com\/wp-content\/uploads\/2018\/07\/Business-2.png 771w\" sizes=\"auto, (max-width: 300px) 85vw, 300px\" \/><\/a><\/p>\n<p>Assessoramos nossos clientes sempre de forma profissional, imparcial e com a maior discri\u00e7\u00e3o para proteger seus interesses.<\/p>\n<p>Analisamos os diferentes mercados com nossa equipe de Scouts e t\u00e9cnicos especializados para lhe oferecer as melhores op\u00e7\u00f5es e oportunidades. Antecipando-nos aos demais, com agilidade e efic\u00e1cia.<\/p>\n<p>&nbsp;<\/p>\n[\/vc_column_text][\/vc_column][\/mk_page_section][mk_page_section bg_image=&#8221;http:\/\/holdingsa.com\/wp-content\/uploads\/2015\/12\/stadium-soccer.jpg&#8221; bg_color=&#8221;#fe8800&#8243; blend_mode=&#8221;soft-light&#8221; bg_position=&#8221;center top&#8221; bg_repeat=&#8221;no-repeat&#8221; bg_stretch=&#8221;true&#8221; enable_3d=&#8221;true&#8221; speed_factor=&#8221;0.2&#8243; video_color_mask=&#8221;rgba(254,136,0,0.8)&#8221; video_opacity=&#8221;0.9&#8243; min_height=&#8221;450&#8243; padding_top=&#8221;0&#8243; padding_bottom=&#8221;0&#8243; top_shape_color=&#8221;#ffffff&#8221; bottom_shape_color=&#8221;#ffffff&#8221; sidebar=&#8221;sidebar-1&#8243;][vc_column][vc_row_inner][vc_column_inner][mk_padding_divider size=&#8221;70&#8243;][mk_fancy_title color=&#8221;#ffffff&#8221; size=&#8221;35&#8243; force_font_size=&#8221;true&#8221; size_phone=&#8221;50&#8243; line_height=&#8221;101&#8243; margin_bottom=&#8221;0&#8243; font_family=&#8221;none&#8221; animation=&#8221;bottom-to-top&#8221; el_class=&#8221;sectionTitles&#8221;]<span style=\"color: #003366;\">REPRESENTA\u00c7\u00c3O DE CLUBES<\/span>[\/mk_fancy_title][mk_padding_divider size=&#8221;20&#8243;][vc_column_text]<strong><a href=\"http:\/\/holdingsa.com\/wp-content\/uploads\/2018\/07\/Real-Madrid-Atl-Pr-e-Holding-3.jpg\"><img loading=\"lazy\" decoding=\"async\" class=\"alignright wp-image-3083\" src=\"http:\/\/holdingsa.com\/wp-content\/uploads\/2018\/07\/Real-Madrid-Atl-Pr-e-Holding-3.jpg\" alt=\"\" width=\"350\" height=\"342\" srcset=\"https:\/\/holdingsa.com\/wp-content\/uploads\/2018\/07\/Real-Madrid-Atl-Pr-e-Holding-3.jpg 306w, https:\/\/holdingsa.com\/wp-content\/uploads\/2018\/07\/Real-Madrid-Atl-Pr-e-Holding-3-266x260.jpg 266w, https:\/\/holdingsa.com\/wp-content\/uploads\/2018\/07\/Real-Madrid-Atl-Pr-e-Holding-3-60x60.jpg 60w\" sizes=\"auto, (max-width: 350px) 85vw, 350px\" \/><\/a><\/strong><\/p>\n<p>&nbsp;<\/p>\n<p><strong>Holding S. S. Assessoria<\/strong> representa os interesses de v\u00e1rios clubes, oferecendo-lhes assessoria internacional personalizada para defender seus interesses, divulgar e promover seus jogadores no mercado externo.<\/p>\n<p>Somos especialistas em obter excelentes acordos entre clubes na Am\u00e9rica do Sul e na Europa.[\/vc_column_text][mk_padding_divider size=&#8221;70&#8243;][\/vc_column_inner][\/vc_row_inner][\/vc_column][\/mk_page_section][mk_page_section bg_image=&#8221;http:\/\/holdingsa.com\/wp-content\/uploads\/2015\/10\/soccer-263716_640.jpg&#8221; bg_color=&#8221;#ffffff&#8221; blend_mode=&#8221;luminosity&#8221; bg_position=&#8221;center top&#8221; bg_repeat=&#8221;no-repeat&#8221; bg_stretch=&#8221;true&#8221; enable_3d=&#8221;true&#8221; speed_factor=&#8221;0.2&#8243; video_mask=&#8221;true&#8221; video_color_mask=&#8221;#ffffff&#8221; video_opacity=&#8221;0.9&#8243; min_height=&#8221;450&#8243; padding_top=&#8221;0&#8243; padding_bottom=&#8221;0&#8243; top_shape_color=&#8221;#ffffff&#8221; bottom_shape_color=&#8221;#ffffff&#8221; sidebar=&#8221;sidebar-1&#8243;][vc_column][mk_padding_divider size=&#8221;70&#8243;][mk_fancy_title color=&#8221;#345d7e&#8221; size=&#8221;30&#8243; force_font_size=&#8221;true&#8221; size_phone=&#8221;50&#8243; line_height=&#8221;150&#8243; letter_spacing=&#8221;5&#8243; margin_bottom=&#8221;0&#8243; font_family=&#8221;none&#8221; animation=&#8221;bottom-to-top&#8221; el_class=&#8221;sectionTitles&#8221;]\n<p style=\"text-align: center;\"><span style=\"color: #232a50;\">LHE INDICAMOS OS MELHORES PROFISSIONAIS DO SETOR<\/span><\/p>\n[\/mk_fancy_title][mk_padding_divider size=&#8221;50&#8243;][vc_column_text]\n<h3 style=\"text-align: center;\"><\/h3>\n<h4 style=\"text-align: center;\"><span style=\"color: #232a50;\">HOLDING ASESORIA, MANTEM UMA EXCELENTE RELA\u00c7\u00c3O COM OS DIRETORES ESPORTIVOS E SECRETARIOS T\u00c9CNICOS,\u00a0<\/span><span style=\"color: #232a50;\">MAGN\u00cdFICOS PROFISSIONAIS, SEMPRE ABERTOS A NOVOS CONHECIMENTOS E DESAFIOS<\/span><\/h4>\n<p>&nbsp;<\/p>\n<p style=\"text-align: left;\"><strong>DIRETOR DESPORTIVO<\/strong>: \u00e9 um cargo muito importante sendo o homem de confian\u00e7a do presidente do clube, profissional e executivo da gest\u00e3o desportiva, estudioso, preparado e com experi\u00eancia comprovada no futebol. Entre suas fun\u00e7\u00f5es, se destacam tomar in\u00fameras decis\u00f5es e ser um excelente interlocutor entre a equipe, a equipe t\u00e9cnica e a diretoria.<\/p>\n<p><a href=\"http:\/\/holdingsa.com\/wp-content\/uploads\/2019\/04\/images-79.jpg\"><img loading=\"lazy\" decoding=\"async\" class=\"alignright wp-image-3447 size-full\" src=\"http:\/\/holdingsa.com\/wp-content\/uploads\/2019\/04\/images-79.jpg\" alt=\"\" width=\"318\" height=\"159\" srcset=\"https:\/\/holdingsa.com\/wp-content\/uploads\/2019\/04\/images-79.jpg 318w, https:\/\/holdingsa.com\/wp-content\/uploads\/2019\/04\/images-79-300x150.jpg 300w, https:\/\/holdingsa.com\/wp-content\/uploads\/2019\/04\/images-79-600x300.jpg 600w\" sizes=\"auto, (max-width: 318px) 85vw, 318px\" \/><\/a>Encarregado de:<br \/>\n\u2022 Preparar o projeto a curto, m\u00e9dio e longo prazo da equipe<br \/>\n\u2022 Negociar com rela\u00e7\u00e3o a contrata\u00e7\u00f5es e cancelamentos<br \/>\n\u2022 Negociar as renova\u00e7\u00f5es e rescis\u00f5es de contratos com os representantes dos jogadores e com os t\u00e9cnicos da casa, etc.<\/p>\n<p><strong>SECRET\u00c1RIO T\u00c9CNICO<\/strong>: pessoa de grande capacidade e conhecimento quase sempre ex-jogador. \u00c9 quem compartilha e assume muitas das tarefas que o Diretor Desportivo n\u00e3o tem tempo para fazer, seja para viagens, reuni\u00f5es, deslocamentos em suas atividades di\u00e1rias e coleta de informa\u00e7\u00f5es. Ele \u00e9 o respons\u00e1vel e o chefe de scouting do clube, etc.[\/vc_column_text][mk_padding_divider size=&#8221;80&#8243;][\/vc_column][\/mk_page_section][mk_page_section bg_image=&#8221;http:\/\/holdingsa.com\/wp-content\/uploads\/2015\/12\/stadium-soccer.jpg&#8221; bg_color=&#8221;#fe8800&#8243; blend_mode=&#8221;soft-light&#8221; bg_position=&#8221;center top&#8221; bg_repeat=&#8221;no-repeat&#8221; bg_stretch=&#8221;true&#8221; enable_3d=&#8221;true&#8221; speed_factor=&#8221;0.2&#8243; video_color_mask=&#8221;rgba(254,136,0,0.8)&#8221; video_opacity=&#8221;0.9&#8243; min_height=&#8221;450&#8243; padding_top=&#8221;0&#8243; padding_bottom=&#8221;0&#8243; top_shape_color=&#8221;#ffffff&#8221; bottom_shape_color=&#8221;#ffffff&#8221; sidebar=&#8221;sidebar-1&#8243;][vc_column][vc_row_inner][vc_column_inner][mk_fancy_title color=&#8221;#ffffff&#8221; size=&#8221;48&#8243; force_font_size=&#8221;true&#8221; size_phone=&#8221;50&#8243; line_height=&#8221;101&#8243; margin_bottom=&#8221;0&#8243; font_family=&#8221;none&#8221; animation=&#8221;bottom-to-top&#8221; el_class=&#8221;sectionTitles&#8221;][\/mk_fancy_title][mk_padding_divider size=&#8221;50&#8243;][vc_column_text]<strong>ANALISTA DE FUTEBOL OU SCOUTING:<\/strong> Visiona e analisa os v\u00eddeos junto ao treinador da equipe principal, porque \u00e9 uma pessoa com conhecimento t\u00e1tico muito amplo e profundo, com bom crit\u00e9rio de sele\u00e7\u00e3o, que o permite identificar e conhecer as caracter\u00edsticas e padr\u00f5es de rivais, da pr\u00f3pria equipe ou de jogadores.<\/p>\n<p><a href=\"http:\/\/holdingsa.com\/wp-content\/uploads\/2018\/09\/3a4499a4c30d6f082d254099c90f2c24_XL.jpg\"><img loading=\"lazy\" decoding=\"async\" class=\"alignleft wp-image-3290\" src=\"http:\/\/holdingsa.com\/wp-content\/uploads\/2018\/09\/3a4499a4c30d6f082d254099c90f2c24_XL-300x129.jpg\" alt=\"\" width=\"600\" height=\"258\" srcset=\"https:\/\/holdingsa.com\/wp-content\/uploads\/2018\/09\/3a4499a4c30d6f082d254099c90f2c24_XL-300x129.jpg 300w, https:\/\/holdingsa.com\/wp-content\/uploads\/2018\/09\/3a4499a4c30d6f082d254099c90f2c24_XL-768x330.jpg 768w, https:\/\/holdingsa.com\/wp-content\/uploads\/2018\/09\/3a4499a4c30d6f082d254099c90f2c24_XL-330x142.jpg 330w, https:\/\/holdingsa.com\/wp-content\/uploads\/2018\/09\/3a4499a4c30d6f082d254099c90f2c24_XL.jpg 918w\" sizes=\"auto, (max-width: 600px) 85vw, 600px\" \/><\/a>\u00c9 fundamental que saiba adaptar-se a novas tecnologias que est\u00e3o entrando no futebol, todas as op\u00e7\u00f5es de software, plataformas e ferramentas da atualidade, para aproveitar ao m\u00e1ximo os recursos dispon\u00edveis, utilizando os dados fornecidos pelos sistemas de GPS ou similares .<\/p>\n<p>Estar alinhado com o treinador e o clube em rela\u00e7\u00e3o ao modelo do jogo, em profundidade e em todos os pontos de vista. N\u00e3o apenas aspectos t\u00e1ticos ou t\u00e9cnicos, mas f\u00edsicos, psicol\u00f3gicos e sociais.[\/vc_column_text][mk_padding_divider size=&#8221;70&#8243;][\/vc_column_inner][\/vc_row_inner][\/vc_column][\/mk_page_section]\n","protected":false},"excerpt":{"rendered":"<p>[mk_page_section bg_image=&#8221;http:\/\/holdingsa.com\/wp-content\/uploads\/2019\/04\/Foto-Slide-Asesoria-5.png&#8221; blend_mode=&#8221;luminosity&#8221; attachment=&#8221;fixed&#8221; bg_position=&#8221;center top&#8221; bg_repeat=&#8221;no-repeat&#8221; bg_stretch=&#8221;true&#8221; enable_3d=&#8221;true&#8221; speed_factor=&#8221;0.8&#8243; video_mask=&#8221;true&#8221; min_height=&#8221;500&#8243; full_width=&#8221;true&#8221; padding_top=&#8221;0&#8243; padding_bottom=&#8221;48&#8243; top_shape_color=&#8221;#ffffff&#8221; bottom_shape_color=&#8221;#ffffff&#8221; sidebar=&#8221;sidebar-1&#8243;][vc_column][vc_row_inner css=&#8221;.vc_custom_1490638235020{background-position: 0 0 !important;background-repeat: repeat !important;}&#8221;][vc_column_inner][mk_padding_divider size=&#8221;330&#8243;][mk_fancy_title color=&#8221;#345d7e&#8221; size=&#8221;48&#8243; line_height=&#8221;130&#8243; letter_spacing=&#8221;10&#8243; margin_top=&#8221;30&#8243; margin_bottom=&#8221;30&#8243; font_family=&#8221;none&#8221; align=&#8221;center&#8221; el_class=&#8221;sectionTitles&#8221;] ASSESSORAMOS SEU CLUBE COM EFIC\u00c1CIA, SIGILO E EXCEL\u00caNCIA [\/mk_fancy_title][mk_padding_divider size=&#8221;20&#8243;][\/vc_column_inner][\/vc_row_inner][\/vc_column][\/mk_page_section][mk_page_section bg_image=&#8221;http:\/\/holdingsa.com\/wp-content\/uploads\/2015\/12\/bola-de-fut.jpg&#8221; bg_color=&#8221;#fe8800&#8243; blend_mode=&#8221;soft-light&#8221; bg_position=&#8221;center top&#8221; bg_repeat=&#8221;no-repeat&#8221; bg_stretch=&#8221;true&#8221; enable_3d=&#8221;true&#8221; speed_factor=&#8221;0.2&#8243; video_color_mask=&#8221;rgba(254,136,0,0.8)&#8221; video_opacity=&#8221;1&#8243; [&hellip;]<\/p>\n","protected":false},"author":2,"featured_media":0,"parent":0,"menu_order":0,"comment_status":"closed","ping_status":"closed","template":"","meta":{"footnotes":""},"class_list":["post-109","page","type-page","status-publish","hentry"],"aioseo_notices":[],"_links":{"self":[{"href":"https:\/\/holdingsa.com\/pt-br\/wp-json\/wp\/v2\/pages\/109","targetHints":{"allow":["GET"]}}],"collection":[{"href":"https:\/\/holdingsa.com\/pt-br\/wp-json\/wp\/v2\/pages"}],"about":[{"href":"https:\/\/holdingsa.com\/pt-br\/wp-json\/wp\/v2\/types\/page"}],"author":[{"embeddable":true,"href":"https:\/\/holdingsa.com\/pt-br\/wp-json\/wp\/v2\/users\/2"}],"replies":[{"embeddable":true,"href":"https:\/\/holdingsa.com\/pt-br\/wp-json\/wp\/v2\/comments?post=109"}],"version-history":[{"count":212,"href":"https:\/\/holdingsa.com\/pt-br\/wp-json\/wp\/v2\/pages\/109\/revisions"}],"predecessor-version":[{"id":3550,"href":"https:\/\/holdingsa.com\/pt-br\/wp-json\/wp\/v2\/pages\/109\/revisions\/3550"}],"wp:attachment":[{"href":"https:\/\/holdingsa.com\/pt-br\/wp-json\/wp\/v2\/media?parent=109"}],"curies":[{"name":"wp","href":"https:\/\/api.w.org\/{rel}","templated":true}]}}