{"id":1073,"date":"2017-03-27T18:50:16","date_gmt":"2017-03-27T18:50:16","guid":{"rendered":"http:\/\/eadesign.art.br\/holdingsports\/?page_id=1073"},"modified":"2019-05-21T04:22:38","modified_gmt":"2019-05-21T04:22:38","slug":"gestao","status":"publish","type":"page","link":"https:\/\/holdingsa.com\/pt-br\/gestao\/","title":{"rendered":"GEST\u00c3O"},"content":{"rendered":"[mk_page_section bg_image=&#8221;http:\/\/holdingsa.com\/wp-content\/uploads\/2019\/04\/15-aperto-de-maos.jpg&#8221; attachment=&#8221;fixed&#8221; bg_position=&#8221;center center&#8221; bg_repeat=&#8221;no-repeat&#8221; bg_stretch=&#8221;true&#8221; enable_3d=&#8221;true&#8221; speed_factor=&#8221;0.8&#8243; video_mask=&#8221;true&#8221; video_opacity=&#8221;0.8&#8243; min_height=&#8221;500&#8243; full_width=&#8221;true&#8221; padding_top=&#8221;0&#8243; padding_bottom=&#8221;48&#8243; top_shape_color=&#8221;#ffffff&#8221; bottom_shape_color=&#8221;#ffffff&#8221; sidebar=&#8221;sidebar-1&#8243;][vc_column][vc_row_inner css=&#8221;.vc_custom_1490638235020{background-position: 0 0 !important;background-repeat: repeat !important;}&#8221;][vc_column_inner][mk_padding_divider size=&#8221;330&#8243;][mk_fancy_title color=&#8221;#345d7e&#8221; size=&#8221;60&#8243; force_font_size=&#8221;true&#8221; size_phone=&#8221;50&#8243; line_height=&#8221;108&#8243; margin_top=&#8221;30&#8243; margin_bottom=&#8221;30&#8243; font_family=&#8221;none&#8221; align=&#8221;center&#8221; el_class=&#8221;sectionTitles&#8221;]\n<p style=\"text-align: center;\"><span style=\"color: #ffffff;\">A MELHOR E MAIS COMPLETA GEST\u00c3O PARA SEU CLUBE<\/span><\/p>\n[\/mk_fancy_title][mk_padding_divider size=&#8221;20&#8243;][\/vc_column_inner][\/vc_row_inner][\/vc_column][\/mk_page_section][mk_page_section bg_image=&#8221;http:\/\/holdingsa.com\/wp-content\/uploads\/2015\/10\/Layer-2-1.jpg&#8221; bg_color=&#8221;#ffffff&#8221; blend_mode=&#8221;luminosity&#8221; bg_position=&#8221;center top&#8221; bg_repeat=&#8221;no-repeat&#8221; bg_stretch=&#8221;true&#8221; enable_3d=&#8221;true&#8221; speed_factor=&#8221;0.2&#8243; video_loop=&#8221;false&#8221; video_mask=&#8221;true&#8221; video_color_mask=&#8221;#ffffff&#8221; video_opacity=&#8221;0.9&#8243; min_height=&#8221;500&#8243; padding_top=&#8221;0&#8243; padding_bottom=&#8221;0&#8243; top_shape_color=&#8221;#ffffff&#8221; bottom_shape_color=&#8221;#ffffff&#8221; sidebar=&#8221;sidebar-1&#8243;][vc_column width=&#8221;1\/4&#8243;][mk_padding_divider size=&#8221;70&#8243;][vc_column_text]<img decoding=\"async\" class=\"alignnone size-full wp-image-1297\" src=\"http:\/\/holdingsa.com\/wp-content\/uploads\/2017\/03\/trofeu-holding-sports1.png\" alt=\"trofeu-holding-sports\" width=\"250\" srcset=\"https:\/\/holdingsa.com\/wp-content\/uploads\/2017\/03\/trofeu-holding-sports1.png 384w, https:\/\/holdingsa.com\/wp-content\/uploads\/2017\/03\/trofeu-holding-sports1-209x300.png 209w\" sizes=\"(max-width: 384px) 85vw, 384px\" \/>[\/vc_column_text][\/vc_column][vc_column width=&#8221;3\/4&#8243;][mk_padding_divider size=&#8221;80&#8243;][mk_fancy_title color=&#8221;#345d7e&#8221; size=&#8221;48&#8243; force_font_size=&#8221;true&#8221; size_phone=&#8221;50&#8243; line_height=&#8221;101&#8243; margin_top=&#8221;30&#8243; font_family=&#8221;none&#8221; animation=&#8221;bottom-to-top&#8221; el_class=&#8221;sectionTitles&#8221;]\n<p><span style=\"color: #ffffff;\"><span style=\"color: #232a50;\">ASSESSORAMENTO E GEST\u00c3O<\/span><\/span><\/p>\n[\/mk_fancy_title][mk_padding_divider size=&#8221;50&#8243;][vc_column_text]<strong>Como alcan\u00e7amos o \u00eaxito em nossa gest\u00e3o?<\/strong><\/p>\n<p>Tendo o conhecimento privilegiado e profundo das particularidades de cada Clube, al\u00e9m do conv\u00edvio in-situ profissional e pessoal de cada jogador e de seu ambiente.<\/p>\n<p>Gra\u00e7as a muitos anos de experi\u00eancia e gest\u00f5es de \u00eaxito, convivendo no dia-a-dia com seriedade, e mantendo em alto grau a confian\u00e7a dos Presidentes e Diretores.[\/vc_column_text][\/vc_column][\/mk_page_section][mk_page_section bg_image=&#8221;http:\/\/holdingsa.com\/wp-content\/uploads\/2015\/10\/Layer-4.png&#8221; blend_mode=&#8221;luminosity&#8221; bg_position=&#8221;center top&#8221; bg_repeat=&#8221;no-repeat&#8221; bg_stretch=&#8221;true&#8221; enable_3d=&#8221;true&#8221; speed_factor=&#8221;0.2&#8243; video_loop=&#8221;false&#8221; video_mask=&#8221;true&#8221; video_color_mask=&#8221;#dd8500&#8243; video_opacity=&#8221;0.9&#8243; min_height=&#8221;450&#8243; padding_top=&#8221;0&#8243; padding_bottom=&#8221;0&#8243; top_shape_color=&#8221;#ffffff&#8221; bottom_shape_color=&#8221;#ffffff&#8221; sidebar=&#8221;sidebar-1&#8243;][vc_column][vc_row_inner][vc_column_inner][mk_padding_divider size=&#8221;80&#8243;][mk_fancy_title color=&#8221;#345d7e&#8221; size=&#8221;48&#8243; force_font_size=&#8221;true&#8221; size_phone=&#8221;50&#8243; line_height=&#8221;101&#8243; margin_top=&#8221;30&#8243; margin_bottom=&#8221;2&#8243; font_family=&#8221;none&#8221; animation=&#8221;bottom-to-top&#8221; el_class=&#8221;sectionTitles&#8221;]\n<p style=\"text-align: left;\"><span style=\"color: #003366;\">SANTIAGO GERARDO<\/span><\/p>\n[\/mk_fancy_title][mk_fancy_title color=&#8221;#345d7e&#8221; size=&#8221;35&#8243; force_font_size=&#8221;true&#8221; size_phone=&#8221;50&#8243; line_height=&#8221;101&#8243; margin_top=&#8221;5&#8243; font_family=&#8221;none&#8221; animation=&#8221;bottom-to-top&#8221; el_class=&#8221;sectionTitles&#8221;]\n<p style=\"text-align: left;\"><span style=\"color: #003366;\">CEO<\/span><\/p>\n[\/mk_fancy_title][mk_padding_divider size=&#8221;50&#8243;][vc_column_text]<span style=\"color: #000000;\"><strong><a href=\"http:\/\/holdingsa.com\/wp-content\/uploads\/2017\/04\/Foto-SG.jpg\"><img loading=\"lazy\" decoding=\"async\" class=\"alignright wp-image-2351 size-medium\" src=\"http:\/\/holdingsa.com\/wp-content\/uploads\/2017\/04\/Foto-SG-300x225.jpg\" alt=\"\" width=\"300\" height=\"225\" srcset=\"https:\/\/holdingsa.com\/wp-content\/uploads\/2017\/04\/Foto-SG-300x225.jpg 300w, https:\/\/holdingsa.com\/wp-content\/uploads\/2017\/04\/Foto-SG-1024x768.jpg 1024w, https:\/\/holdingsa.com\/wp-content\/uploads\/2017\/04\/Foto-SG.jpg 1280w\" sizes=\"auto, (max-width: 300px) 85vw, 300px\" \/><\/a>Holding Sports Soccer Assessoria<\/strong>, atrav\u00e9s de seu CEO Santiago Gerardo, espanhol com dupla nacionalidade (Brasileiro) e grande carreira no futebol internacional.<br \/>\n<\/span><\/p>\n<p><span style=\"color: #000000;\">Come\u00e7ou como jogador profissional no Atl\u00e9tico de Madrid, Betis, Getafe, Rayo Vallecano e mais tarde tornou-se presidente de clube. Tem os t\u00edtulos de treinador espanhol e de Gest\u00e3o Esportiva Internacional, \u00e9 graduado em Marketing e Administra\u00e7\u00e3o de Empresas.<br \/>\n<\/span><\/p>\n<p><span style=\"color: #000000;\"><a href=\"http:\/\/holdingsa.com\/wp-content\/uploads\/2018\/09\/Mosaico-Santiago-2018-09-14-redimensionado.png\"><img loading=\"lazy\" decoding=\"async\" class=\"alignleft wp-image-3114\" src=\"http:\/\/holdingsa.com\/wp-content\/uploads\/2018\/09\/Mosaico-Santiago-2018-09-14-redimensionado.png\" alt=\"\" width=\"450\" height=\"361\" srcset=\"https:\/\/holdingsa.com\/wp-content\/uploads\/2018\/09\/Mosaico-Santiago-2018-09-14-redimensionado.png 799w, https:\/\/holdingsa.com\/wp-content\/uploads\/2018\/09\/Mosaico-Santiago-2018-09-14-redimensionado-300x241.png 300w, https:\/\/holdingsa.com\/wp-content\/uploads\/2018\/09\/Mosaico-Santiago-2018-09-14-redimensionado-768x616.png 768w\" sizes=\"auto, (max-width: 450px) 85vw, 450px\" \/><\/a><\/span><\/p>\n<p>&nbsp;<\/p>\n<p><span style=\"color: #000000;\">Revisa e gerencia pessoalmente todas as opera\u00e7\u00f5es, obtendo um amplo hist\u00f3rico de negocia\u00e7\u00f5es bem-sucedidas, por ser a pessoa de confian\u00e7a dos presidentes, sempre atuando com profissionalismo, muita transpar\u00eancia e sigilo.<\/span><\/p>\n<p><span style=\"color: #000000;\"><br \/>\n<strong>FAZEMOS GRANDE DIFEREN\u00c7A NO MOMENTO DA NEGOCIA\u00c7\u00c3O!<\/strong><\/span>[\/vc_column_text][mk_padding_divider size=&#8221;100&#8243;][\/vc_column_inner][\/vc_row_inner][\/vc_column][\/mk_page_section][mk_page_section bg_image=&#8221;http:\/\/holdingsa.com\/wp-content\/uploads\/2015\/10\/the-ball-488700_1920-e1445615362721-blackwhite-1.jpg&#8221; bg_color=&#8221;#ffffff&#8221; blend_mode=&#8221;luminosity&#8221; bg_position=&#8221;center top&#8221; bg_repeat=&#8221;no-repeat&#8221; bg_stretch=&#8221;true&#8221; enable_3d=&#8221;true&#8221; speed_factor=&#8221;0.2&#8243; video_loop=&#8221;false&#8221; video_mask=&#8221;true&#8221; video_color_mask=&#8221;#ffffff&#8221; video_opacity=&#8221;0.9&#8243; min_height=&#8221;450&#8243; padding_top=&#8221;0&#8243; padding_bottom=&#8221;0&#8243; top_shape_color=&#8221;#ffffff&#8221; bottom_shape_color=&#8221;#ffffff&#8221; sidebar=&#8221;sidebar-1&#8243;][vc_column width=&#8221;1\/4&#8243;][mk_padding_divider size=&#8221;100&#8243;][vc_column_text]\n<p>&nbsp;<\/p>\n<p style=\"text-align: center;\"><a href=\"http:\/\/holdingsa.com\/wp-content\/uploads\/2018\/09\/Justi\u00e7a-fundo-transparente.png\"><img loading=\"lazy\" decoding=\"async\" class=\"aligncenter size-medium wp-image-3170\" src=\"http:\/\/holdingsa.com\/wp-content\/uploads\/2018\/09\/Justi\u00e7a-fundo-transparente-150x300.png\" alt=\"\" width=\"150\" height=\"300\" srcset=\"https:\/\/holdingsa.com\/wp-content\/uploads\/2018\/09\/Justi\u00e7a-fundo-transparente-150x300.png 150w, https:\/\/holdingsa.com\/wp-content\/uploads\/2018\/09\/Justi\u00e7a-fundo-transparente-130x260.png 130w, https:\/\/holdingsa.com\/wp-content\/uploads\/2018\/09\/Justi\u00e7a-fundo-transparente-300x600.png 300w, https:\/\/holdingsa.com\/wp-content\/uploads\/2018\/09\/Justi\u00e7a-fundo-transparente.png 325w\" sizes=\"auto, (max-width: 150px) 85vw, 150px\" \/><\/a><\/p>\n[\/vc_column_text][\/vc_column][vc_column width=&#8221;3\/4&#8243;][mk_padding_divider size=&#8221;70&#8243;][mk_fancy_title color=&#8221;#345d7e&#8221; size=&#8221;48&#8243; force_font_size=&#8221;true&#8221; size_phone=&#8221;50&#8243; line_height=&#8221;101&#8243; margin_top=&#8221;30&#8243; font_family=&#8221;none&#8221; animation=&#8221;bottom-to-top&#8221; el_class=&#8221;sectionTitles&#8221;]<span style=\"color: #232a50;\">ASSESSORIA JUR\u00cdDICA E FINANCEIRA<\/span>[\/mk_fancy_title][mk_padding_divider size=&#8221;30&#8243;][vc_column_text]Holding Assessoria trabalha com os melhores e mais renomados advogados e economistas para defender seus interesses em tudo o que \u00e9 necess\u00e1rio.<\/p>\n<p>Nossos servi\u00e7os incluem todos os tipos de assessoria jur\u00eddica e financeira relacionados a clubes e jogadores, em todas as \u00e1reas de a\u00e7\u00e3o, em quest\u00f5es legais, fiscais e trabalhistas, estrat\u00e9gia financeira com informa\u00e7\u00f5es sobre o valor real de mercado, estrat\u00e9gia econ\u00f4mica a oferecer e engenharia financeira para obter as melhores condi\u00e7\u00f5es.<\/p>\n<p><a href=\"http:\/\/holdingsa.com\/wp-content\/uploads\/2015\/12\/872866160159255.jpg\"><img loading=\"lazy\" decoding=\"async\" class=\"alignleft size-thumbnail wp-image-914\" src=\"http:\/\/holdingsa.com\/wp-content\/uploads\/2015\/12\/872866160159255-150x150.jpg\" alt=\"\" width=\"150\" height=\"150\" srcset=\"https:\/\/holdingsa.com\/wp-content\/uploads\/2015\/12\/872866160159255-150x150.jpg 150w, https:\/\/holdingsa.com\/wp-content\/uploads\/2015\/12\/872866160159255-500x500.jpg 500w, https:\/\/holdingsa.com\/wp-content\/uploads\/2015\/12\/872866160159255-60x60.jpg 60w, https:\/\/holdingsa.com\/wp-content\/uploads\/2015\/12\/872866160159255-300x300.jpg 300w, https:\/\/holdingsa.com\/wp-content\/uploads\/2015\/12\/872866160159255-1024x1024.jpg 1024w, https:\/\/holdingsa.com\/wp-content\/uploads\/2015\/12\/872866160159255.jpg 135w\" sizes=\"auto, (max-width: 150px) 85vw, 150px\" \/><\/a>\u00a0<a href=\"http:\/\/holdingsa.com\/wp-content\/uploads\/2017\/11\/Juan-de-Dios-Crespo-2.jpg\"><img loading=\"lazy\" decoding=\"async\" class=\"alignleft size-thumbnail wp-image-2610\" src=\"http:\/\/holdingsa.com\/wp-content\/uploads\/2017\/11\/Juan-de-Dios-Crespo-2-150x150.jpg\" alt=\"\" width=\"150\" height=\"150\" srcset=\"https:\/\/holdingsa.com\/wp-content\/uploads\/2017\/11\/Juan-de-Dios-Crespo-2-150x150.jpg 150w, https:\/\/holdingsa.com\/wp-content\/uploads\/2017\/11\/Juan-de-Dios-Crespo-2-225x225.jpg 225w, https:\/\/holdingsa.com\/wp-content\/uploads\/2017\/11\/Juan-de-Dios-Crespo-2-200x200.jpg 200w, https:\/\/holdingsa.com\/wp-content\/uploads\/2017\/11\/Juan-de-Dios-Crespo-2-300x300.jpg 300w\" sizes=\"auto, (max-width: 150px) 85vw, 150px\" \/><\/a>\u00a0<a href=\"http:\/\/holdingsa.com\/wp-content\/uploads\/2018\/09\/Bichara-2.jpg\"><img loading=\"lazy\" decoding=\"async\" class=\"alignleft size-thumbnail wp-image-3188\" src=\"http:\/\/holdingsa.com\/wp-content\/uploads\/2018\/09\/Bichara-2-150x150.jpg\" alt=\"\" width=\"150\" height=\"150\" srcset=\"https:\/\/holdingsa.com\/wp-content\/uploads\/2018\/09\/Bichara-2-150x150.jpg 150w, https:\/\/holdingsa.com\/wp-content\/uploads\/2018\/09\/Bichara-2-300x300.jpg 300w\" sizes=\"auto, (max-width: 150px) 85vw, 150px\" \/><\/a>\u00a0<a href=\"http:\/\/holdingsa.com\/wp-content\/uploads\/2018\/09\/Marcos-Motta-7.jpg\"><img loading=\"lazy\" decoding=\"async\" class=\"alignleft size-thumbnail wp-image-3200\" src=\"http:\/\/holdingsa.com\/wp-content\/uploads\/2018\/09\/Marcos-Motta-7-150x150.jpg\" alt=\"\" width=\"150\" height=\"150\" srcset=\"https:\/\/holdingsa.com\/wp-content\/uploads\/2018\/09\/Marcos-Motta-7-150x150.jpg 150w, https:\/\/holdingsa.com\/wp-content\/uploads\/2018\/09\/Marcos-Motta-7-225x225.jpg 225w, https:\/\/holdingsa.com\/wp-content\/uploads\/2018\/09\/Marcos-Motta-7-200x200.jpg 200w, https:\/\/holdingsa.com\/wp-content\/uploads\/2018\/09\/Marcos-Motta-7-300x300.jpg 300w, https:\/\/holdingsa.com\/wp-content\/uploads\/2018\/09\/Marcos-Motta-7-303x300.jpg 303w\" sizes=\"auto, (max-width: 150px) 85vw, 150px\" \/><\/a>[\/vc_column_text][mk_padding_divider size=&#8221;50&#8243;][\/vc_column][\/mk_page_section][mk_page_section bg_image=&#8221;http:\/\/holdingsa.com\/wp-content\/uploads\/2015\/12\/stadium-soccer.jpg&#8221; bg_color=&#8221;#232a50&#8243; blend_mode=&#8221;luminosity&#8221; bg_position=&#8221;center top&#8221; bg_repeat=&#8221;no-repeat&#8221; bg_stretch=&#8221;true&#8221; enable_3d=&#8221;true&#8221; speed_factor=&#8221;0.2&#8243; video_color_mask=&#8221;#232a50&#8243; video_opacity=&#8221;0.9&#8243; min_height=&#8221;450&#8243; padding_top=&#8221;0&#8243; padding_bottom=&#8221;0&#8243; top_shape_color=&#8221;#ffffff&#8221; bottom_shape_color=&#8221;#ffffff&#8221; sidebar=&#8221;sidebar-1&#8243;][vc_column][vc_row_inner][vc_column_inner][mk_padding_divider size=&#8221;71&#8243;][mk_fancy_title color=&#8221;#345d7e&#8221; size=&#8221;48&#8243; force_font_size=&#8221;true&#8221; size_phone=&#8221;50&#8243; line_height=&#8221;101&#8243; margin_top=&#8221;30&#8243; font_family=&#8221;none&#8221; animation=&#8221;bottom-to-top&#8221; el_class=&#8221;sectionTitles&#8221;]\n<p style=\"text-align: left;\"><span style=\"color: #ffffff;\">COLABORADORES E INTERMEDI\u00c1RIOS<\/span><\/p>\n[\/mk_fancy_title][mk_padding_divider size=&#8221;50&#8243;][vc_column_text]<span style=\"color: #ffffff;\"><a href=\"http:\/\/holdingsa.com\/wp-content\/uploads\/2019\/04\/destaque.jpg\"><img loading=\"lazy\" decoding=\"async\" class=\"alignright wp-image-3417\" src=\"http:\/\/holdingsa.com\/wp-content\/uploads\/2019\/04\/destaque-300x144.jpg\" alt=\"\" width=\"400\" height=\"192\" srcset=\"https:\/\/holdingsa.com\/wp-content\/uploads\/2019\/04\/destaque-300x144.jpg 300w, https:\/\/holdingsa.com\/wp-content\/uploads\/2019\/04\/destaque-600x288.jpg 600w, https:\/\/holdingsa.com\/wp-content\/uploads\/2019\/04\/destaque.jpg 750w\" sizes=\"auto, (max-width: 400px) 85vw, 400px\" \/><\/a>A <strong>Holding Assessoria<\/strong>, atrav\u00e9s de nossos conhecimentos e contatos nos diferentes mercados internacionais, entende, respeita e considera muito importante a figura dos Colaboradores e Intermedi\u00e1rios no mercado de futebol.<\/span><\/p>\n<p><span style=\"color: #ffffff;\">Assessoramos e colaboramos com intermedi\u00e1rios de v\u00e1rios pa\u00edses do mundo, de forma correta e profissional, com uma s\u00f3lida base de confian\u00e7a e transpar\u00eancia, a m\u00e9dio e longo prazo.<\/span>[\/vc_column_text][mk_padding_divider size=&#8221;100&#8243;][\/vc_column_inner][\/vc_row_inner][\/vc_column][\/mk_page_section]\n","protected":false},"excerpt":{"rendered":"<p>[mk_page_section bg_image=&#8221;http:\/\/holdingsa.com\/wp-content\/uploads\/2019\/04\/15-aperto-de-maos.jpg&#8221; attachment=&#8221;fixed&#8221; bg_position=&#8221;center center&#8221; bg_repeat=&#8221;no-repeat&#8221; bg_stretch=&#8221;true&#8221; enable_3d=&#8221;true&#8221; speed_factor=&#8221;0.8&#8243; video_mask=&#8221;true&#8221; video_opacity=&#8221;0.8&#8243; min_height=&#8221;500&#8243; full_width=&#8221;true&#8221; padding_top=&#8221;0&#8243; padding_bottom=&#8221;48&#8243; top_shape_color=&#8221;#ffffff&#8221; bottom_shape_color=&#8221;#ffffff&#8221; sidebar=&#8221;sidebar-1&#8243;][vc_column][vc_row_inner css=&#8221;.vc_custom_1490638235020{background-position: 0 0 !important;background-repeat: repeat !important;}&#8221;][vc_column_inner][mk_padding_divider size=&#8221;330&#8243;][mk_fancy_title color=&#8221;#345d7e&#8221; size=&#8221;60&#8243; force_font_size=&#8221;true&#8221; size_phone=&#8221;50&#8243; line_height=&#8221;108&#8243; margin_top=&#8221;30&#8243; margin_bottom=&#8221;30&#8243; font_family=&#8221;none&#8221; align=&#8221;center&#8221; el_class=&#8221;sectionTitles&#8221;] A MELHOR E MAIS COMPLETA GEST\u00c3O PARA SEU CLUBE [\/mk_fancy_title][mk_padding_divider size=&#8221;20&#8243;][\/vc_column_inner][\/vc_row_inner][\/vc_column][\/mk_page_section][mk_page_section bg_image=&#8221;http:\/\/holdingsa.com\/wp-content\/uploads\/2015\/10\/Layer-2-1.jpg&#8221; bg_color=&#8221;#ffffff&#8221; blend_mode=&#8221;luminosity&#8221; bg_position=&#8221;center top&#8221; bg_repeat=&#8221;no-repeat&#8221; bg_stretch=&#8221;true&#8221; enable_3d=&#8221;true&#8221; speed_factor=&#8221;0.2&#8243; [&hellip;]<\/p>\n","protected":false},"author":2,"featured_media":0,"parent":0,"menu_order":0,"comment_status":"closed","ping_status":"closed","template":"","meta":{"footnotes":""},"class_list":["post-1073","page","type-page","status-publish","hentry"],"aioseo_notices":[],"_links":{"self":[{"href":"https:\/\/holdingsa.com\/pt-br\/wp-json\/wp\/v2\/pages\/1073","targetHints":{"allow":["GET"]}}],"collection":[{"href":"https:\/\/holdingsa.com\/pt-br\/wp-json\/wp\/v2\/pages"}],"about":[{"href":"https:\/\/holdingsa.com\/pt-br\/wp-json\/wp\/v2\/types\/page"}],"author":[{"embeddable":true,"href":"https:\/\/holdingsa.com\/pt-br\/wp-json\/wp\/v2\/users\/2"}],"replies":[{"embeddable":true,"href":"https:\/\/holdingsa.com\/pt-br\/wp-json\/wp\/v2\/comments?post=1073"}],"version-history":[{"count":116,"href":"https:\/\/holdingsa.com\/pt-br\/wp-json\/wp\/v2\/pages\/1073\/revisions"}],"predecessor-version":[{"id":3555,"href":"https:\/\/holdingsa.com\/pt-br\/wp-json\/wp\/v2\/pages\/1073\/revisions\/3555"}],"wp:attachment":[{"href":"https:\/\/holdingsa.com\/pt-br\/wp-json\/wp\/v2\/media?parent=1073"}],"curies":[{"name":"wp","href":"https:\/\/api.w.org\/{rel}","templated":true}]}}