{"id":1783,"date":"2017-04-22T18:56:50","date_gmt":"2017-04-22T18:56:50","guid":{"rendered":"http:\/\/holdingsa.com\/it\/?page_id=1783"},"modified":"2018-07-09T03:19:10","modified_gmt":"2018-07-09T03:19:10","slug":"legale-e-fiscale","status":"publish","type":"page","link":"https:\/\/holdingsa.com\/it\/legale-e-fiscale\/","title":{"rendered":"LEGALE"},"content":{"rendered":"[mk_page_section bg_image=&#8221;http:\/\/eadesign.art.br\/holdingsports\/wp-content\/uploads\/2015\/12\/main-slider-img1.jpg&#8221; attachment=&#8221;fixed&#8221; bg_position=&#8221;center top&#8221; bg_repeat=&#8221;no-repeat&#8221; bg_stretch=&#8221;true&#8221; enable_3d=&#8221;true&#8221; speed_factor=&#8221;0.8&#8243; video_mask=&#8221;true&#8221; video_opacity=&#8221;0.8&#8243; min_height=&#8221;500&#8243; full_width=&#8221;true&#8221; padding_top=&#8221;0&#8243; padding_bottom=&#8221;48&#8243; top_shape_color=&#8221;#ffffff&#8221; bottom_shape_color=&#8221;#ffffff&#8221; sidebar=&#8221;sidebar-1&#8243;][vc_column][vc_row_inner css=&#8221;.vc_custom_1490638235020{background-position: 0 0 !important;background-repeat: repeat !important;}&#8221;][vc_column_inner][mk_padding_divider size=&#8221;330&#8243;][mk_fancy_title color=&#8221;#345d7e&#8221; size=&#8221;60&#8243; force_font_size=&#8221;true&#8221; size_phone=&#8221;50&#8243; line_height=&#8221;101&#8243; margin_top=&#8221;30&#8243; margin_bottom=&#8221;30&#8243; font_family=&#8221;none&#8221; align=&#8221;center&#8221; el_class=&#8221;sectionTitles&#8221;]<span style=\"color: #f9875b;\"><span style=\"color: #ffffff;\">LEGALE<\/span><span style=\"color: #fe8800;\"> E FISCALE<\/span><\/span>[\/mk_fancy_title][mk_padding_divider size=&#8221;20&#8243;][\/vc_column_inner][\/vc_row_inner][\/vc_column][\/mk_page_section][mk_page_section bg_image=&#8221;http:\/\/eadesign.art.br\/holdingsports\/wp-content\/uploads\/2015\/10\/shutterstock_176578913-blackwhite.jpg&#8221; bg_color=&#8221;#ffffff&#8221; blend_mode=&#8221;luminosity&#8221; bg_position=&#8221;center top&#8221; bg_repeat=&#8221;no-repeat&#8221; bg_stretch=&#8221;true&#8221; enable_3d=&#8221;true&#8221; speed_factor=&#8221;0.2&#8243; video_loop=&#8221;false&#8221; video_mask=&#8221;true&#8221; video_color_mask=&#8221;#ffffff&#8221; video_opacity=&#8221;0.9&#8243; min_height=&#8221;500&#8243; padding_top=&#8221;0&#8243; padding_bottom=&#8221;0&#8243; top_shape_color=&#8221;#ffffff&#8221; bottom_shape_color=&#8221;#ffffff&#8221; sidebar=&#8221;sidebar-1&#8243;][vc_column][mk_padding_divider size=&#8221;100&#8243;][vc_column_text align=&#8221;center&#8221;]<a href=\"http:\/\/holdingsa.com\/wp-content\/uploads\/2017\/11\/abogados-justicia.png\"><img loading=\"lazy\" decoding=\"async\" class=\"size-medium wp-image-2614 alignright\" src=\"http:\/\/holdingsa.com\/wp-content\/uploads\/2017\/11\/abogados-justicia-298x300.png\" alt=\"\" width=\"298\" height=\"300\" srcset=\"https:\/\/holdingsa.com\/wp-content\/uploads\/2017\/11\/abogados-justicia-298x300.png 298w, https:\/\/holdingsa.com\/wp-content\/uploads\/2017\/11\/abogados-justicia-150x150.png 150w, https:\/\/holdingsa.com\/wp-content\/uploads\/2017\/11\/abogados-justicia-200x200.png 200w, https:\/\/holdingsa.com\/wp-content\/uploads\/2017\/11\/abogados-justicia.png 497w\" sizes=\"auto, (max-width: 298px) 85vw, 298px\" \/><\/a><\/p>\n<p>&nbsp;<\/p>\n<p style=\"text-align: left;\"><strong>Holding S. S. Asesor\u00eda\u00a0<\/strong>offre consulenza legale e fiscale completa. Collaboriamo con i migliori e pi\u00f9 rinomati avvocati per difendere i tuoi interessi.<\/p>\n<p style=\"text-align: left;\">La nostra attenzione \u00e8 permanente e dettagliata, rappresentando il nostro cliente in tutto ci\u00f2 che \u00e8 necessario, ad esempio: diritti di formazione, accuse di non conformit\u00e0, rappresentanza dinanzi alla <strong>TAS \/ CAS<\/strong> (<strong>FIFA<\/strong> Arbitration Court) e altri organi competenti.<\/p>\n<p style=\"text-align: left;\"><strong>Holding S. S. Asesor\u00eda<\/strong> agisce in ogni momento secondo il pi\u00f9 scrupoloso rispetto delle regole stabilite dalla <strong>FIFA<\/strong>.<\/p>\n[\/vc_column_text][\/vc_column][\/mk_page_section][mk_page_section bg_image=&#8221;http:\/\/eadesign.art.br\/holdingsports\/wp-content\/uploads\/2015\/10\/football-606230_1280.jpg&#8221; bg_color=&#8221;#232a50&#8243; blend_mode=&#8221;multiply&#8221; bg_position=&#8221;center top&#8221; bg_repeat=&#8221;no-repeat&#8221; bg_stretch=&#8221;true&#8221; speed_factor=&#8221;0.2&#8243; video_loop=&#8221;false&#8221; video_color_mask=&#8221;#232a50&#8243; video_opacity=&#8221;0.9&#8243; min_height=&#8221;450&#8243; padding_top=&#8221;0&#8243; padding_bottom=&#8221;0&#8243; top_shape_color=&#8221;#ffffff&#8221; bottom_shape_color=&#8221;#ffffff&#8221; sidebar=&#8221;sidebar-1&#8243;][vc_column][vc_row_inner][vc_column_inner width=&#8221;2\/3&#8243;][mk_padding_divider size=&#8221;100&#8243;][vc_column_text]<span style=\"color: #ffffff;\"><strong><span style=\"color: #ffffff;\">FERNANDO P\u00c9REZ-ESPINOSA<\/span><\/strong><span style=\"color: #ffffff;\"> &#8211; Spagnolo, laureato in Giurisprudenza presso l&#8217;Universit\u00e0 di Valladolid, dottore in giurisprudenza presso l&#8217;Universit\u00e0 Complutense di Madrid e Professore di Diritto del Lavoro presso l&#8217;Universit\u00e0 Complutense di Madrid, Fernando Perez Espinosa specializzata in diritto sportivo e ha una vasta esperienza nel quel campo.<\/span><strong><span style=\"color: #ffffff;\"><br \/>\n<\/span><\/strong><\/span>[\/vc_column_text][\/vc_column_inner][vc_column_inner width=&#8221;1\/3&#8243;][mk_padding_divider size=&#8221;100&#8243;][vc_column_text]<a href=\"http:\/\/holdingsa.com\/wp-content\/uploads\/2017\/03\/escritorio-perez-espinosa.png\"><img loading=\"lazy\" decoding=\"async\" class=\"alignnone size-medium wp-image-1149\" src=\"http:\/\/holdingsa.com\/wp-content\/uploads\/2017\/03\/escritorio-perez-espinosa-300x300.png\" alt=\"\" width=\"300\" height=\"300\" srcset=\"https:\/\/holdingsa.com\/wp-content\/uploads\/2017\/03\/escritorio-perez-espinosa-300x300.png 300w, https:\/\/holdingsa.com\/wp-content\/uploads\/2017\/03\/escritorio-perez-espinosa-150x150.png 150w, https:\/\/holdingsa.com\/wp-content\/uploads\/2017\/03\/escritorio-perez-espinosa-550x550.png 550w, https:\/\/holdingsa.com\/wp-content\/uploads\/2017\/03\/escritorio-perez-espinosa-500x500.png 500w, https:\/\/holdingsa.com\/wp-content\/uploads\/2017\/03\/escritorio-perez-espinosa-225x225.png 225w, https:\/\/holdingsa.com\/wp-content\/uploads\/2017\/03\/escritorio-perez-espinosa-200x200.png 200w, https:\/\/holdingsa.com\/wp-content\/uploads\/2017\/03\/escritorio-perez-espinosa-60x60.png 60w, https:\/\/holdingsa.com\/wp-content\/uploads\/2017\/03\/escritorio-perez-espinosa.png 600w\" sizes=\"auto, (max-width: 300px) 85vw, 300px\" \/><\/a>[\/vc_column_text][\/vc_column_inner][\/vc_row_inner][\/vc_column][\/mk_page_section][mk_page_section bg_image=&#8221;http:\/\/eadesign.art.br\/holdingsports\/wp-content\/uploads\/2015\/12\/section-sports.jpg&#8221; bg_color=&#8221;#ffffff&#8221; blend_mode=&#8221;luminosity&#8221; bg_position=&#8221;center top&#8221; bg_repeat=&#8221;no-repeat&#8221; bg_stretch=&#8221;true&#8221; enable_3d=&#8221;true&#8221; speed_factor=&#8221;0.2&#8243; video_loop=&#8221;false&#8221; video_mask=&#8221;true&#8221; video_color_mask=&#8221;#ffffff&#8221; video_opacity=&#8221;0.9&#8243; min_height=&#8221;450&#8243; padding_top=&#8221;0&#8243; padding_bottom=&#8221;0&#8243; top_shape_color=&#8221;#ffffff&#8221; bottom_shape_color=&#8221;#ffffff&#8221; sidebar=&#8221;sidebar-1&#8243;][vc_column width=&#8221;1\/3&#8243;][mk_padding_divider size=&#8221;100&#8243;][vc_column_text]<a href=\"http:\/\/holdingsa.com\/wp-content\/uploads\/2017\/11\/Juan-de-Dios-Crespo-2.jpg\"><img loading=\"lazy\" decoding=\"async\" class=\"alignnone size-medium wp-image-2610\" src=\"http:\/\/holdingsa.com\/wp-content\/uploads\/2017\/11\/Juan-de-Dios-Crespo-2-300x300.jpg\" alt=\"\" width=\"300\" height=\"300\" srcset=\"https:\/\/holdingsa.com\/wp-content\/uploads\/2017\/11\/Juan-de-Dios-Crespo-2-300x300.jpg 300w, https:\/\/holdingsa.com\/wp-content\/uploads\/2017\/11\/Juan-de-Dios-Crespo-2-150x150.jpg 150w, https:\/\/holdingsa.com\/wp-content\/uploads\/2017\/11\/Juan-de-Dios-Crespo-2-225x225.jpg 225w, https:\/\/holdingsa.com\/wp-content\/uploads\/2017\/11\/Juan-de-Dios-Crespo-2-200x200.jpg 200w\" sizes=\"auto, (max-width: 300px) 85vw, 300px\" \/><\/a>[\/vc_column_text][mk_padding_divider size=&#8221;70&#8243;][\/vc_column][vc_column width=&#8221;2\/3&#8243;][mk_padding_divider size=&#8221;100&#8243;][vc_column_text]<strong>JUAN DE DIOS CRESPO P\u00c9REZ<\/strong> &#8211; Avvocato specializzato in diritto sportivo e diritto internazionale e comunitario. Arbitro della Camera di commercio di Valencia e nei procedimenti della Camera di commercio internazionale di Parigi. Ex presidente della sezione di diritto sportivo dell&#8217;Ordine degli avvocati di Valencia. Relatore in corsi e Master in diritto sportivo e professore di contratti internazionali. Arbitro della Corte di arbitrato della Federazione europea di pallamano e ALADDE (Associazione latinoamericana di diritto sportivo). Dell&#8217;EDED, del BASL e dello IASL. \u00c8 anche LL. M. ISDE (H. C).[\/vc_column_text][mk_padding_divider size=&#8221;30&#8243;][\/vc_column][\/mk_page_section][mk_page_section bg_image=&#8221;http:\/\/eadesign.art.br\/holdingsports\/wp-content\/uploads\/2015\/10\/football-606230_1280.jpg&#8221; bg_color=&#8221;#fe8800&#8243; blend_mode=&#8221;multiply&#8221; bg_position=&#8221;center top&#8221; bg_repeat=&#8221;no-repeat&#8221; bg_stretch=&#8221;true&#8221; speed_factor=&#8221;0.2&#8243; video_loop=&#8221;false&#8221; video_color_mask=&#8221;#fe8800&#8243; video_opacity=&#8221;0.9&#8243; min_height=&#8221;450&#8243; padding_top=&#8221;0&#8243; padding_bottom=&#8221;0&#8243; top_shape_color=&#8221;#ffffff&#8221; bottom_shape_color=&#8221;#ffffff&#8221; sidebar=&#8221;sidebar-1&#8243;][vc_column][vc_row_inner][vc_column_inner width=&#8221;2\/3&#8243;][mk_padding_divider size=&#8221;100&#8243;][vc_column_text]<span style=\"color: #ffffff;\"><strong><span style=\"color: #ffffff;\">BICHARA E MOTTA ADVOGADOS<\/span><\/strong><span style=\"color: #ffffff;\"> &#8211; <\/span><span style=\"color: #ffffff;\">Spedizione eccellente reputazione in America Latina, \u00e8 stato il primo a creare un team dedicato esclusivamente allo sport e diritto dello spettacolo, rimanendo oggi come un altamente specializzati e focalizzati su ufficio soddisfazione del cliente.<\/span><strong><span style=\"color: #ffffff;\"><br \/>\n<\/span><\/strong><\/span>[\/vc_column_text][\/vc_column_inner][vc_column_inner width=&#8221;1\/3&#8243;][mk_padding_divider size=&#8221;100&#8243;][vc_column_text]<a href=\"http:\/\/holdingsa.com\/wp-content\/uploads\/2017\/04\/bichara-e-mota-advogados.jpg\"><img loading=\"lazy\" decoding=\"async\" class=\"alignnone size-medium wp-image-1395\" src=\"http:\/\/holdingsa.com\/wp-content\/uploads\/2017\/04\/bichara-e-mota-advogados-300x174.jpg\" alt=\"\" width=\"300\" height=\"174\" srcset=\"https:\/\/holdingsa.com\/wp-content\/uploads\/2017\/04\/bichara-e-mota-advogados-300x174.jpg 300w, https:\/\/holdingsa.com\/wp-content\/uploads\/2017\/04\/bichara-e-mota-advogados.jpg 379w\" sizes=\"auto, (max-width: 300px) 85vw, 300px\" \/><\/a>[\/vc_column_text][\/vc_column_inner][\/vc_row_inner][\/vc_column][\/mk_page_section]\n","protected":false},"excerpt":{"rendered":"<p>[mk_page_section bg_image=&#8221;http:\/\/eadesign.art.br\/holdingsports\/wp-content\/uploads\/2015\/12\/main-slider-img1.jpg&#8221; attachment=&#8221;fixed&#8221; bg_position=&#8221;center top&#8221; bg_repeat=&#8221;no-repeat&#8221; bg_stretch=&#8221;true&#8221; enable_3d=&#8221;true&#8221; speed_factor=&#8221;0.8&#8243; video_mask=&#8221;true&#8221; video_opacity=&#8221;0.8&#8243; min_height=&#8221;500&#8243; full_width=&#8221;true&#8221; padding_top=&#8221;0&#8243; padding_bottom=&#8221;48&#8243; top_shape_color=&#8221;#ffffff&#8221; bottom_shape_color=&#8221;#ffffff&#8221; sidebar=&#8221;sidebar-1&#8243;][vc_column][vc_row_inner css=&#8221;.vc_custom_1490638235020{background-position: 0 0 !important;background-repeat: repeat !important;}&#8221;][vc_column_inner][mk_padding_divider size=&#8221;330&#8243;][mk_fancy_title color=&#8221;#345d7e&#8221; size=&#8221;60&#8243; force_font_size=&#8221;true&#8221; size_phone=&#8221;50&#8243; line_height=&#8221;101&#8243; margin_top=&#8221;30&#8243; margin_bottom=&#8221;30&#8243; font_family=&#8221;none&#8221; align=&#8221;center&#8221; el_class=&#8221;sectionTitles&#8221;]LEGALE E FISCALE[\/mk_fancy_title][mk_padding_divider size=&#8221;20&#8243;][\/vc_column_inner][\/vc_row_inner][\/vc_column][\/mk_page_section][mk_page_section bg_image=&#8221;http:\/\/eadesign.art.br\/holdingsports\/wp-content\/uploads\/2015\/10\/shutterstock_176578913-blackwhite.jpg&#8221; bg_color=&#8221;#ffffff&#8221; blend_mode=&#8221;luminosity&#8221; bg_position=&#8221;center top&#8221; bg_repeat=&#8221;no-repeat&#8221; bg_stretch=&#8221;true&#8221; enable_3d=&#8221;true&#8221; speed_factor=&#8221;0.2&#8243; video_loop=&#8221;false&#8221; video_mask=&#8221;true&#8221; video_color_mask=&#8221;#ffffff&#8221; video_opacity=&#8221;0.9&#8243; min_height=&#8221;500&#8243; padding_top=&#8221;0&#8243; padding_bottom=&#8221;0&#8243; top_shape_color=&#8221;#ffffff&#8221; [&hellip;]<\/p>\n","protected":false},"author":2,"featured_media":0,"parent":0,"menu_order":0,"comment_status":"closed","ping_status":"closed","template":"","meta":{"footnotes":""},"class_list":["post-1783","page","type-page","status-publish","hentry"],"aioseo_notices":[],"_links":{"self":[{"href":"https:\/\/holdingsa.com\/it\/wp-json\/wp\/v2\/pages\/1783","targetHints":{"allow":["GET"]}}],"collection":[{"href":"https:\/\/holdingsa.com\/it\/wp-json\/wp\/v2\/pages"}],"about":[{"href":"https:\/\/holdingsa.com\/it\/wp-json\/wp\/v2\/types\/page"}],"author":[{"embeddable":true,"href":"https:\/\/holdingsa.com\/it\/wp-json\/wp\/v2\/users\/2"}],"replies":[{"embeddable":true,"href":"https:\/\/holdingsa.com\/it\/wp-json\/wp\/v2\/comments?post=1783"}],"version-history":[{"count":12,"href":"https:\/\/holdingsa.com\/it\/wp-json\/wp\/v2\/pages\/1783\/revisions"}],"predecessor-version":[{"id":3076,"href":"https:\/\/holdingsa.com\/it\/wp-json\/wp\/v2\/pages\/1783\/revisions\/3076"}],"wp:attachment":[{"href":"https:\/\/holdingsa.com\/it\/wp-json\/wp\/v2\/media?parent=1783"}],"curies":[{"name":"wp","href":"https:\/\/api.w.org\/{rel}","templated":true}]}}