{"id":1758,"date":"2017-04-22T05:19:28","date_gmt":"2017-04-22T05:19:28","guid":{"rendered":"http:\/\/holdingsa.com\/it\/?page_id=1758"},"modified":"2017-12-08T19:06:08","modified_gmt":"2017-12-08T19:06:08","slug":"investimenti","status":"publish","type":"page","link":"https:\/\/holdingsa.com\/it\/investimenti\/","title":{"rendered":"INVESTIMENTI"},"content":{"rendered":"[mk_page_section bg_image=&#8221;http:\/\/eadesign.art.br\/holdingsports\/wp-content\/uploads\/2017\/04\/slider-RJ.jpg&#8221; blend_mode=&#8221;luminosity&#8221; attachment=&#8221;fixed&#8221; bg_position=&#8221;center top&#8221; bg_repeat=&#8221;no-repeat&#8221; bg_stretch=&#8221;true&#8221; enable_3d=&#8221;true&#8221; speed_factor=&#8221;0.8&#8243; video_mask=&#8221;true&#8221; video_opacity=&#8221;0.3&#8243; min_height=&#8221;500&#8243; full_width=&#8221;true&#8221; padding_top=&#8221;0&#8243; padding_bottom=&#8221;48&#8243; top_shape_color=&#8221;#ffffff&#8221; bottom_shape_color=&#8221;#ffffff&#8221; sidebar=&#8221;sidebar-1&#8243;][vc_column][vc_row_inner css=&#8221;.vc_custom_1490638235020{background-position: 0 0 !important;background-repeat: repeat !important;}&#8221;][vc_column_inner][mk_padding_divider size=&#8221;330&#8243;][mk_fancy_title color=&#8221;#345d7e&#8221; size=&#8221;60&#8243; force_font_size=&#8221;true&#8221; size_phone=&#8221;50&#8243; line_height=&#8221;101&#8243; margin_top=&#8221;30&#8243; margin_bottom=&#8221;30&#8243; font_family=&#8221;none&#8221; align=&#8221;center&#8221; el_class=&#8221;sectionTitles&#8221;]<span style=\"color: #ffffff;\"><span style=\"color: #fe8800;\">HOLDING\u00a0<\/span>INVESTIMENTI\u00a0<\/span>[\/mk_fancy_title][mk_padding_divider size=&#8221;200&#8243; visibility=&#8221;visible-tl-v2&#8243;][\/vc_column_inner][\/vc_row_inner][\/vc_column][\/mk_page_section][vc_row][vc_column][mk_padding_divider size=&#8221;100&#8243;][vc_column_text]<a href=\"http:\/\/www.holdinginvestimentos.com\"><img loading=\"lazy\" decoding=\"async\" class=\"size-medium wp-image-1521 alignright\" src=\"http:\/\/holdingsa.com\/wp-content\/uploads\/2015\/12\/logo-investimentos-light-300x236.png\" alt=\"\" width=\"300\" height=\"236\" srcset=\"https:\/\/holdingsa.com\/wp-content\/uploads\/2015\/12\/logo-investimentos-light-300x236.png 300w, https:\/\/holdingsa.com\/wp-content\/uploads\/2015\/12\/logo-investimentos-light-330x260.png 330w, https:\/\/holdingsa.com\/wp-content\/uploads\/2015\/12\/logo-investimentos-light.png 400w\" sizes=\"auto, (max-width: 300px) 85vw, 300px\" \/><\/a>Molti degli atleti che non hanno ricevuto una buona consulenza finanziaria durante la loro carriera affrontano serie difficolt\u00e0 finanziarie dopo il pensionamento, il che li costringe a cercare urgentemente un altro lavoro per sopravvivere.<\/p>\n<p><strong>Holding Sports Soccer Asesor\u00eda<\/strong> non intende dire al nostro cliente dove investire i propri soldi, perch\u00e9 questa \u00e8 una decisione che corrisponde solo ad essa. Tuttavia, siamo disponibili a guidarvi su quali sono gli investimenti pi\u00f9 vantaggiosi e ad offrire rischi minori.<\/p>\n<p><strong>Holding Sports Soccer Asesor\u00eda<\/strong> ha molteplici contatti nei settori bancario e immobiliare, che, insieme alla nostra esperienza di mercato, faciliteranno la decisione dei nostri clienti su come gestire i loro beni.<\/p>\n<p>Accedi qui per maggiori informazioni: <a href=\"http:\/\/www.holdinginvestimentos.com\">www.holdinginvestimentos.com<\/a>[\/vc_column_text][mk_padding_divider size=&#8221;100&#8243;][\/vc_column][\/vc_row]\n","protected":false},"excerpt":{"rendered":"<p>[mk_page_section bg_image=&#8221;http:\/\/eadesign.art.br\/holdingsports\/wp-content\/uploads\/2017\/04\/slider-RJ.jpg&#8221; blend_mode=&#8221;luminosity&#8221; attachment=&#8221;fixed&#8221; bg_position=&#8221;center top&#8221; bg_repeat=&#8221;no-repeat&#8221; bg_stretch=&#8221;true&#8221; enable_3d=&#8221;true&#8221; speed_factor=&#8221;0.8&#8243; video_mask=&#8221;true&#8221; video_opacity=&#8221;0.3&#8243; min_height=&#8221;500&#8243; full_width=&#8221;true&#8221; padding_top=&#8221;0&#8243; padding_bottom=&#8221;48&#8243; top_shape_color=&#8221;#ffffff&#8221; bottom_shape_color=&#8221;#ffffff&#8221; sidebar=&#8221;sidebar-1&#8243;][vc_column][vc_row_inner css=&#8221;.vc_custom_1490638235020{background-position: 0 0 !important;background-repeat: repeat !important;}&#8221;][vc_column_inner][mk_padding_divider size=&#8221;330&#8243;][mk_fancy_title color=&#8221;#345d7e&#8221; size=&#8221;60&#8243; force_font_size=&#8221;true&#8221; size_phone=&#8221;50&#8243; line_height=&#8221;101&#8243; margin_top=&#8221;30&#8243; margin_bottom=&#8221;30&#8243; font_family=&#8221;none&#8221; align=&#8221;center&#8221; el_class=&#8221;sectionTitles&#8221;]HOLDING\u00a0INVESTIMENTI\u00a0[\/mk_fancy_title][mk_padding_divider size=&#8221;200&#8243; visibility=&#8221;visible-tl-v2&#8243;][\/vc_column_inner][\/vc_row_inner][\/vc_column][\/mk_page_section][vc_row][vc_column][mk_padding_divider size=&#8221;100&#8243;][vc_column_text]Molti degli atleti che non hanno ricevuto una buona consulenza finanziaria durante la loro carriera affrontano serie [&hellip;]<\/p>\n","protected":false},"author":2,"featured_media":0,"parent":0,"menu_order":0,"comment_status":"closed","ping_status":"closed","template":"","meta":{"footnotes":""},"class_list":["post-1758","page","type-page","status-publish","hentry"],"aioseo_notices":[],"_links":{"self":[{"href":"https:\/\/holdingsa.com\/it\/wp-json\/wp\/v2\/pages\/1758","targetHints":{"allow":["GET"]}}],"collection":[{"href":"https:\/\/holdingsa.com\/it\/wp-json\/wp\/v2\/pages"}],"about":[{"href":"https:\/\/holdingsa.com\/it\/wp-json\/wp\/v2\/types\/page"}],"author":[{"embeddable":true,"href":"https:\/\/holdingsa.com\/it\/wp-json\/wp\/v2\/users\/2"}],"replies":[{"embeddable":true,"href":"https:\/\/holdingsa.com\/it\/wp-json\/wp\/v2\/comments?post=1758"}],"version-history":[{"count":6,"href":"https:\/\/holdingsa.com\/it\/wp-json\/wp\/v2\/pages\/1758\/revisions"}],"predecessor-version":[{"id":2802,"href":"https:\/\/holdingsa.com\/it\/wp-json\/wp\/v2\/pages\/1758\/revisions\/2802"}],"wp:attachment":[{"href":"https:\/\/holdingsa.com\/it\/wp-json\/wp\/v2\/media?parent=1758"}],"curies":[{"name":"wp","href":"https:\/\/api.w.org\/{rel}","templated":true}]}}