{"id":1722,"date":"2017-04-22T04:52:31","date_gmt":"2017-04-22T04:52:31","guid":{"rendered":"http:\/\/holdingsa.com\/it\/?page_id=1722"},"modified":"2018-09-17T04:07:19","modified_gmt":"2018-09-17T04:07:19","slug":"gestione-sportiva","status":"publish","type":"page","link":"https:\/\/holdingsa.com\/it\/gestione-sportiva\/","title":{"rendered":"GESTIONE"},"content":{"rendered":"[mk_page_section bg_image=&#8221;http:\/\/eadesign.art.br\/holdingsports\/wp-content\/uploads\/2015\/10\/slider-e1445958389451.jpg&#8221; attachment=&#8221;fixed&#8221; bg_position=&#8221;center top&#8221; bg_repeat=&#8221;no-repeat&#8221; bg_stretch=&#8221;true&#8221; enable_3d=&#8221;true&#8221; speed_factor=&#8221;0.8&#8243; video_mask=&#8221;true&#8221; video_opacity=&#8221;0.8&#8243; min_height=&#8221;500&#8243; full_width=&#8221;true&#8221; padding_top=&#8221;0&#8243; padding_bottom=&#8221;48&#8243; top_shape_color=&#8221;#ffffff&#8221; bottom_shape_color=&#8221;#ffffff&#8221; sidebar=&#8221;sidebar-1&#8243;][vc_column][vc_row_inner css=&#8221;.vc_custom_1490638235020{background-position: 0 0 !important;background-repeat: repeat !important;}&#8221;][vc_column_inner][mk_padding_divider size=&#8221;330&#8243;][mk_fancy_title color=&#8221;#345d7e&#8221; size=&#8221;60&#8243; force_font_size=&#8221;true&#8221; size_phone=&#8221;50&#8243; line_height=&#8221;101&#8243; margin_top=&#8221;30&#8243; margin_bottom=&#8221;30&#8243; font_family=&#8221;none&#8221; align=&#8221;center&#8221; el_class=&#8221;sectionTitles&#8221;]<span style=\"color: #f9875b;\"><span style=\"color: #ffffff;\"><br \/>\nGESTIONE <\/span>\u00a0<\/span>[\/mk_fancy_title][mk_padding_divider size=&#8221;20&#8243;][\/vc_column_inner][\/vc_row_inner][\/vc_column][\/mk_page_section][mk_page_section bg_image=&#8221;http:\/\/eadesign.art.br\/holdingsports\/wp-content\/uploads\/2015\/10\/Layer-2-1.jpg&#8221; bg_color=&#8221;#ffffff&#8221; blend_mode=&#8221;luminosity&#8221; bg_position=&#8221;center top&#8221; bg_repeat=&#8221;no-repeat&#8221; bg_stretch=&#8221;true&#8221; enable_3d=&#8221;true&#8221; speed_factor=&#8221;0.2&#8243; video_loop=&#8221;false&#8221; video_mask=&#8221;true&#8221; video_color_mask=&#8221;#ffffff&#8221; video_opacity=&#8221;0.9&#8243; min_height=&#8221;500&#8243; padding_top=&#8221;0&#8243; padding_bottom=&#8221;0&#8243; top_shape_color=&#8221;#ffffff&#8221; bottom_shape_color=&#8221;#ffffff&#8221; sidebar=&#8221;sidebar-1&#8243;][vc_column width=&#8221;1\/4&#8243;][mk_padding_divider size=&#8221;70&#8243;][vc_column_text]<a href=\"http:\/\/holdingsa.com\/wp-content\/uploads\/2017\/03\/trofeu-holding-sports1.png\"><img loading=\"lazy\" decoding=\"async\" class=\"alignnone size-medium wp-image-1297\" src=\"http:\/\/holdingsa.com\/wp-content\/uploads\/2017\/03\/trofeu-holding-sports1-209x300.png\" alt=\"\" width=\"209\" height=\"300\" srcset=\"https:\/\/holdingsa.com\/wp-content\/uploads\/2017\/03\/trofeu-holding-sports1-209x300.png 209w, https:\/\/holdingsa.com\/wp-content\/uploads\/2017\/03\/trofeu-holding-sports1.png 384w\" sizes=\"auto, (max-width: 209px) 85vw, 209px\" \/><\/a>[\/vc_column_text][\/vc_column][vc_column width=&#8221;3\/4&#8243;][mk_padding_divider size=&#8221;80&#8243;][mk_fancy_title color=&#8221;#345d7e&#8221; size=&#8221;48&#8243; force_font_size=&#8221;true&#8221; size_phone=&#8221;50&#8243; line_height=&#8221;101&#8243; margin_top=&#8221;30&#8243; font_family=&#8221;none&#8221; animation=&#8221;bottom-to-top&#8221; el_class=&#8221;sectionTitles&#8221;]<span style=\"color: #ffffff;\"><span style=\"color: #fe8800;\"><span style=\"color: #000080;\">HOLDING<\/span><span style=\"color: #ff6600;\">\u00a0<\/span><\/span><span style=\"color: #232a50;\"><span style=\"color: #ff6600;\">SPORTS<\/span> <span style=\"color: #000080;\">SOCCER<span style=\"color: #ff6600;\"> ASESOR\u00cdA<\/span><\/span><\/span><\/span>[\/mk_fancy_title][mk_padding_divider size=&#8221;50&#8243;][vc_column_text]<strong>Holding S. S. Asesor\u00eda<\/strong> offre un servizio di consulenza e gestione personalizzato, esclusivo e completo.<\/p>\n<p>Le nostre prestazioni efficienti sono il risultato di una vasta e coerente esperienza e conoscenza del mercato calcistico mondiale.[\/vc_column_text][\/vc_column][\/mk_page_section][mk_page_section bg_image=&#8221;http:\/\/eadesign.art.br\/holdingsports\/wp-content\/uploads\/2015\/10\/Layer-4.png&#8221; bg_color=&#8221;#232a50&#8243; blend_mode=&#8221;luminosity&#8221; bg_position=&#8221;center top&#8221; bg_repeat=&#8221;no-repeat&#8221; bg_stretch=&#8221;true&#8221; enable_3d=&#8221;true&#8221; speed_factor=&#8221;0.2&#8243; video_loop=&#8221;false&#8221; video_mask=&#8221;true&#8221; video_color_mask=&#8221;#232a50&#8243; video_opacity=&#8221;0.9&#8243; min_height=&#8221;450&#8243; padding_top=&#8221;0&#8243; padding_bottom=&#8221;0&#8243; top_shape_color=&#8221;#ffffff&#8221; bottom_shape_color=&#8221;#ffffff&#8221; sidebar=&#8221;sidebar-1&#8243;][vc_column][vc_row_inner][vc_column_inner width=&#8221;2\/3&#8243;][mk_padding_divider size=&#8221;80&#8243;][mk_fancy_title color=&#8221;#345d7e&#8221; size=&#8221;48&#8243; force_font_size=&#8221;true&#8221; size_phone=&#8221;50&#8243; line_height=&#8221;101&#8243; margin_top=&#8221;30&#8243; font_family=&#8221;none&#8221; animation=&#8221;bottom-to-top&#8221; el_class=&#8221;sectionTitles&#8221;]\n<p style=\"text-align: center;\"><span style=\"color: #ffffff;\"><span style=\"color: #fe8800;\">SANTIAGO<\/span> GERARDO<\/span><\/p>\n[\/mk_fancy_title][mk_padding_divider size=&#8221;50&#8243;][vc_column_text]<span style=\"color: #ffffff;\">Spagnolo, con grande esperienza nel calcio internazionale.<\/span><\/p>\n<p><span style=\"color: #ffffff;\">Ha iniziato come giocatore professionista nell&#8217;Atl\u00e9tico de Madrid, Betis, Getafe, Rayo Vallecano e in seguito \u00e8 diventato presidente del club. Ricopre anche il titolo di allenatore spagnolo e gestione sportiva internazionale<\/span><\/p>\n<p><span style=\"color: #ffffff;\">Profonda conoscenza dei mercati europei e sudamericani. Accumula la conoscenza grazie al suo passato in tutte le fasi del calcio, con una lunga storia di negoziati di successo!<\/span><\/p>\n<p><span style=\"color: #ffffff;\">Presidente di Holding Asesor\u00eda, oggi \u00e8 un International Sports Consultant, \u00e8 colui che negozia personalmente tutte le operazioni per la fiducia, l&#8217;esperienza e la professionalit\u00e0 che tratta tutti i presidenti, agendo sempre con grande trasparenza e furtivit\u00e0.<\/span>[\/vc_column_text][\/vc_column_inner][vc_column_inner width=&#8221;1\/3&#8243;][mk_padding_divider size=&#8221;100&#8243;][vc_column_text]<a href=\"http:\/\/holdingsa.com\/wp-content\/uploads\/2017\/04\/Foto-SG.jpg\"><img loading=\"lazy\" decoding=\"async\" class=\"wp-image-2351 size-medium aligncenter\" src=\"http:\/\/holdingsa.com\/wp-content\/uploads\/2017\/04\/Foto-SG-300x225.jpg\" alt=\"Foto SG\" width=\"300\" height=\"225\" srcset=\"https:\/\/holdingsa.com\/wp-content\/uploads\/2017\/04\/Foto-SG-300x225.jpg 300w, https:\/\/holdingsa.com\/wp-content\/uploads\/2017\/04\/Foto-SG-1024x768.jpg 1024w, https:\/\/holdingsa.com\/wp-content\/uploads\/2017\/04\/Foto-SG.jpg 1280w\" sizes=\"auto, (max-width: 300px) 85vw, 300px\" \/><\/a><\/p>\n<p style=\"text-align: center;\"><a href=\"http:\/\/holdingsa.com\/wp-content\/uploads\/2018\/09\/Mosaico-Santiago-2018-09-14-redimensionado.png\"><img loading=\"lazy\" decoding=\"async\" class=\"alignnone size-medium wp-image-3114\" src=\"http:\/\/holdingsa.com\/wp-content\/uploads\/2018\/09\/Mosaico-Santiago-2018-09-14-redimensionado-300x241.png\" alt=\"\" width=\"300\" height=\"241\" srcset=\"https:\/\/holdingsa.com\/wp-content\/uploads\/2018\/09\/Mosaico-Santiago-2018-09-14-redimensionado-300x241.png 300w, https:\/\/holdingsa.com\/wp-content\/uploads\/2018\/09\/Mosaico-Santiago-2018-09-14-redimensionado-768x616.png 768w, https:\/\/holdingsa.com\/wp-content\/uploads\/2018\/09\/Mosaico-Santiago-2018-09-14-redimensionado.png 799w\" sizes=\"auto, (max-width: 300px) 85vw, 300px\" \/><\/a><\/p>\n[\/vc_column_text][\/vc_column_inner][\/vc_row_inner][\/vc_column][\/mk_page_section][mk_page_section bg_image=&#8221;http:\/\/eadesign.art.br\/holdingsports\/wp-content\/uploads\/2015\/12\/section-sports.jpg&#8221; bg_color=&#8221;#ffffff&#8221; blend_mode=&#8221;luminosity&#8221; bg_position=&#8221;center top&#8221; bg_repeat=&#8221;no-repeat&#8221; bg_stretch=&#8221;true&#8221; enable_3d=&#8221;true&#8221; speed_factor=&#8221;0.2&#8243; video_loop=&#8221;false&#8221; video_mask=&#8221;true&#8221; video_color_mask=&#8221;#ffffff&#8221; video_opacity=&#8221;0.9&#8243; min_height=&#8221;450&#8243; padding_top=&#8221;0&#8243; padding_bottom=&#8221;0&#8243; top_shape_color=&#8221;#ffffff&#8221; bottom_shape_color=&#8221;#ffffff&#8221; sidebar=&#8221;sidebar-1&#8243;][vc_column width=&#8221;1\/4&#8243;][mk_padding_divider size=&#8221;130&#8243;][vc_column_text]<a href=\"http:\/\/holdingsa.com\/wp-content\/uploads\/2017\/04\/Foto-AC-4.jpg\"><img loading=\"lazy\" decoding=\"async\" class=\"alignnone size-full wp-image-2353\" src=\"http:\/\/holdingsa.com\/wp-content\/uploads\/2017\/04\/Foto-AC-4.jpg\" alt=\"Foto AC 4\" width=\"235\" height=\"247\" srcset=\"https:\/\/holdingsa.com\/wp-content\/uploads\/2017\/04\/Foto-AC-4.jpg 235w, https:\/\/holdingsa.com\/wp-content\/uploads\/2017\/04\/Foto-AC-4-26x26.jpg 26w, https:\/\/holdingsa.com\/wp-content\/uploads\/2017\/04\/Foto-AC-4-24x24.jpg 24w, https:\/\/holdingsa.com\/wp-content\/uploads\/2017\/04\/Foto-AC-4-18x18.jpg 18w, https:\/\/holdingsa.com\/wp-content\/uploads\/2017\/04\/Foto-AC-4-600x630.jpg 600w\" sizes=\"auto, (max-width: 235px) 85vw, 235px\" \/><\/a>[\/vc_column_text][mk_padding_divider size=&#8221;70&#8243;][\/vc_column][vc_column width=&#8221;3\/4&#8243;][mk_padding_divider size=&#8221;100&#8243;][mk_fancy_title color=&#8221;#345d7e&#8221; size=&#8221;48&#8243; force_font_size=&#8221;true&#8221; size_phone=&#8221;50&#8243; line_height=&#8221;101&#8243; margin_top=&#8221;30&#8243; font_family=&#8221;none&#8221; animation=&#8221;bottom-to-top&#8221; el_class=&#8221;sectionTitles&#8221;]<span style=\"color: #ffffff;\"><span style=\"color: #232a50;\">ANNA <\/span><span style=\"color: #fe8800;\">CATHARINA MARINS<\/span><\/span>[\/mk_fancy_title][mk_padding_divider size=&#8221;50&#8243;][vc_column_text]<strong>DIRETTORE ESECUTIVO DEL SUD AMERICA<\/strong> &#8211; Manager con oltre 25 anni di esperienza in primarie societ\u00e0 nazionali e multinazionali in diversi segmenti. Esperienza nelle aree Risorse umane, Progetti strategici, Fusioni e Processi di acquisizione e Espansione aziendale. Master in Risorse umane e MBA in Marketing, determinato a superare i risultati e risolvere i problemi. Possiede facilit\u00e0 di relazione interpersonale e comunicazione, in tutti i livelli gerarchici e in culture diverse.[\/vc_column_text][mk_padding_divider size=&#8221;30&#8243;][\/vc_column][\/mk_page_section][mk_page_section bg_image=&#8221;http:\/\/eadesign.art.br\/holdingsports\/wp-content\/uploads\/2015\/12\/stadium-soccer.jpg&#8221; bg_color=&#8221;#232a50&#8243; blend_mode=&#8221;luminosity&#8221; bg_position=&#8221;center top&#8221; bg_repeat=&#8221;no-repeat&#8221; bg_stretch=&#8221;true&#8221; enable_3d=&#8221;true&#8221; speed_factor=&#8221;0.2&#8243; video_color_mask=&#8221;#232a50&#8243; video_opacity=&#8221;0.9&#8243; min_height=&#8221;450&#8243; padding_top=&#8221;0&#8243; padding_bottom=&#8221;0&#8243; top_shape_color=&#8221;#ffffff&#8221; bottom_shape_color=&#8221;#ffffff&#8221; sidebar=&#8221;sidebar-1&#8243;][vc_column][vc_row_inner][vc_column_inner width=&#8221;2\/3&#8243;][mk_padding_divider size=&#8221;71&#8243;][mk_fancy_title color=&#8221;#345d7e&#8221; size=&#8221;48&#8243; force_font_size=&#8221;true&#8221; size_phone=&#8221;50&#8243; line_height=&#8221;101&#8243; margin_top=&#8221;30&#8243; font_family=&#8221;none&#8221; animation=&#8221;bottom-to-top&#8221; el_class=&#8221;sectionTitles&#8221;]<span style=\"color: #ffffff;\"><span style=\"color: #fe8800;\">SANTIAGO<\/span> CUERVO<\/span>[\/mk_fancy_title][mk_padding_divider size=&#8221;50&#8243;][vc_column_text]<span style=\"color: #ffffff;\">DIRETTORE ESECUTIVO EUROPEO &#8211; Responsabile della pianificazione strategica e dello sviluppo di nuove tecnologie. Individuare opportunit\u00e0 di mercato, sempre determinate all&#8217;innovazione, agendo nel settore della ricerca e sviluppo (ricerca e sviluppo). Ha una vasta esperienza nel mondo del calcio, controlla le attivit\u00e0 dell&#8217;azienda nei vari mercati in Europa.<\/span>[\/vc_column_text][\/vc_column_inner][vc_column_inner width=&#8221;1\/3&#8243;][mk_padding_divider size=&#8221;100&#8243;][vc_column_text]<a href=\"http:\/\/holdingsa.com\/wp-content\/uploads\/2017\/04\/Foto-Santi.jpg\"><img loading=\"lazy\" decoding=\"async\" class=\"alignnone size-medium wp-image-2354\" src=\"http:\/\/holdingsa.com\/wp-content\/uploads\/2017\/04\/Foto-Santi-251x300.jpg\" alt=\"Foto Santi\" width=\"251\" height=\"300\" srcset=\"https:\/\/holdingsa.com\/wp-content\/uploads\/2017\/04\/Foto-Santi-251x300.jpg 251w, https:\/\/holdingsa.com\/wp-content\/uploads\/2017\/04\/Foto-Santi-600x715.jpg 600w, https:\/\/holdingsa.com\/wp-content\/uploads\/2017\/04\/Foto-Santi.jpg 295w\" sizes=\"auto, (max-width: 251px) 85vw, 251px\" \/><\/a>[\/vc_column_text][\/vc_column_inner][\/vc_row_inner][\/vc_column][\/mk_page_section][mk_page_section bg_image=&#8221;http:\/\/eadesign.art.br\/holdingsports\/wp-content\/uploads\/2015\/10\/the-ball-488700_1920-e1445615362721-blackwhite-1.jpg&#8221; bg_color=&#8221;#ffffff&#8221; blend_mode=&#8221;luminosity&#8221; bg_position=&#8221;center top&#8221; bg_repeat=&#8221;no-repeat&#8221; bg_stretch=&#8221;true&#8221; enable_3d=&#8221;true&#8221; speed_factor=&#8221;0.2&#8243; video_loop=&#8221;false&#8221; video_mask=&#8221;true&#8221; video_color_mask=&#8221;#ffffff&#8221; video_opacity=&#8221;0.9&#8243; min_height=&#8221;450&#8243; padding_top=&#8221;0&#8243; padding_bottom=&#8221;0&#8243; top_shape_color=&#8221;#ffffff&#8221; bottom_shape_color=&#8221;#ffffff&#8221; sidebar=&#8221;sidebar-1&#8243;][vc_column width=&#8221;1\/4&#8243;][mk_padding_divider size=&#8221;100&#8243;][vc_column_text][\/vc_column_text][\/vc_column][vc_column width=&#8221;3\/4&#8243;][mk_padding_divider size=&#8221;70&#8243;][mk_fancy_title color=&#8221;#345d7e&#8221; size=&#8221;48&#8243; force_font_size=&#8221;true&#8221; size_phone=&#8221;50&#8243; line_height=&#8221;101&#8243; margin_top=&#8221;30&#8243; font_family=&#8221;none&#8221; animation=&#8221;bottom-to-top&#8221; el_class=&#8221;sectionTitles&#8221;][\/mk_fancy_title][mk_padding_divider size=&#8221;30&#8243;][vc_column_text][\/vc_column_text][mk_padding_divider size=&#8221;50&#8243;][\/vc_column][\/mk_page_section]\n","protected":false},"excerpt":{"rendered":"<p>[mk_page_section bg_image=&#8221;http:\/\/eadesign.art.br\/holdingsports\/wp-content\/uploads\/2015\/10\/slider-e1445958389451.jpg&#8221; attachment=&#8221;fixed&#8221; bg_position=&#8221;center top&#8221; bg_repeat=&#8221;no-repeat&#8221; bg_stretch=&#8221;true&#8221; enable_3d=&#8221;true&#8221; speed_factor=&#8221;0.8&#8243; video_mask=&#8221;true&#8221; video_opacity=&#8221;0.8&#8243; min_height=&#8221;500&#8243; full_width=&#8221;true&#8221; padding_top=&#8221;0&#8243; padding_bottom=&#8221;48&#8243; top_shape_color=&#8221;#ffffff&#8221; bottom_shape_color=&#8221;#ffffff&#8221; sidebar=&#8221;sidebar-1&#8243;][vc_column][vc_row_inner css=&#8221;.vc_custom_1490638235020{background-position: 0 0 !important;background-repeat: repeat !important;}&#8221;][vc_column_inner][mk_padding_divider size=&#8221;330&#8243;][mk_fancy_title color=&#8221;#345d7e&#8221; size=&#8221;60&#8243; force_font_size=&#8221;true&#8221; size_phone=&#8221;50&#8243; line_height=&#8221;101&#8243; margin_top=&#8221;30&#8243; margin_bottom=&#8221;30&#8243; font_family=&#8221;none&#8221; align=&#8221;center&#8221; el_class=&#8221;sectionTitles&#8221;] GESTIONE \u00a0[\/mk_fancy_title][mk_padding_divider size=&#8221;20&#8243;][\/vc_column_inner][\/vc_row_inner][\/vc_column][\/mk_page_section][mk_page_section bg_image=&#8221;http:\/\/eadesign.art.br\/holdingsports\/wp-content\/uploads\/2015\/10\/Layer-2-1.jpg&#8221; bg_color=&#8221;#ffffff&#8221; blend_mode=&#8221;luminosity&#8221; bg_position=&#8221;center top&#8221; bg_repeat=&#8221;no-repeat&#8221; bg_stretch=&#8221;true&#8221; enable_3d=&#8221;true&#8221; speed_factor=&#8221;0.2&#8243; video_loop=&#8221;false&#8221; video_mask=&#8221;true&#8221; video_color_mask=&#8221;#ffffff&#8221; video_opacity=&#8221;0.9&#8243; min_height=&#8221;500&#8243; padding_top=&#8221;0&#8243; padding_bottom=&#8221;0&#8243; top_shape_color=&#8221;#ffffff&#8221; [&hellip;]<\/p>\n","protected":false},"author":2,"featured_media":0,"parent":0,"menu_order":0,"comment_status":"closed","ping_status":"closed","template":"","meta":{"footnotes":""},"class_list":["post-1722","page","type-page","status-publish","hentry"],"aioseo_notices":[],"_links":{"self":[{"href":"https:\/\/holdingsa.com\/it\/wp-json\/wp\/v2\/pages\/1722","targetHints":{"allow":["GET"]}}],"collection":[{"href":"https:\/\/holdingsa.com\/it\/wp-json\/wp\/v2\/pages"}],"about":[{"href":"https:\/\/holdingsa.com\/it\/wp-json\/wp\/v2\/types\/page"}],"author":[{"embeddable":true,"href":"https:\/\/holdingsa.com\/it\/wp-json\/wp\/v2\/users\/2"}],"replies":[{"embeddable":true,"href":"https:\/\/holdingsa.com\/it\/wp-json\/wp\/v2\/comments?post=1722"}],"version-history":[{"count":17,"href":"https:\/\/holdingsa.com\/it\/wp-json\/wp\/v2\/pages\/1722\/revisions"}],"predecessor-version":[{"id":3148,"href":"https:\/\/holdingsa.com\/it\/wp-json\/wp\/v2\/pages\/1722\/revisions\/3148"}],"wp:attachment":[{"href":"https:\/\/holdingsa.com\/it\/wp-json\/wp\/v2\/media?parent=1722"}],"curies":[{"name":"wp","href":"https:\/\/api.w.org\/{rel}","templated":true}]}}