{"id":1815,"date":"2017-04-22T19:29:06","date_gmt":"2017-04-22T19:29:06","guid":{"rendered":"http:\/\/holdingsa.com\/fr\/?page_id=1815"},"modified":"2018-07-08T04:25:27","modified_gmt":"2018-07-08T04:25:27","slug":"nos-services","status":"publish","type":"page","link":"https:\/\/holdingsa.com\/fr\/nos-services\/","title":{"rendered":"SERVICES"},"content":{"rendered":"[mk_page_section bg_image=&#8221;http:\/\/eadesign.art.br\/holdingsports\/wp-content\/uploads\/2015\/12\/3.jpg&#8221; blend_mode=&#8221;luminosity&#8221; attachment=&#8221;fixed&#8221; bg_position=&#8221;center top&#8221; bg_repeat=&#8221;no-repeat&#8221; bg_stretch=&#8221;true&#8221; enable_3d=&#8221;true&#8221; speed_factor=&#8221;0.8&#8243; video_mask=&#8221;true&#8221; min_height=&#8221;500&#8243; full_width=&#8221;true&#8221; padding_top=&#8221;0&#8243; padding_bottom=&#8221;48&#8243; top_shape_color=&#8221;#ffffff&#8221; bottom_shape_color=&#8221;#ffffff&#8221; sidebar=&#8221;sidebar-1&#8243;][vc_column][vc_row_inner css=&#8221;.vc_custom_1490638235020{background-position: 0 0 !important;background-repeat: repeat !important;}&#8221;][vc_column_inner][mk_padding_divider size=&#8221;330&#8243;][mk_fancy_title color=&#8221;#345d7e&#8221; size=&#8221;60&#8243; force_font_size=&#8221;true&#8221; size_phone=&#8221;50&#8243; line_height=&#8221;101&#8243; margin_top=&#8221;30&#8243; margin_bottom=&#8221;30&#8243; font_family=&#8221;none&#8221; align=&#8221;center&#8221; el_class=&#8221;sectionTitles&#8221;]<span style=\"color: #f9875b;\"><span style=\"color: #fe8800;\">SERVICES<\/span><\/span>[\/mk_fancy_title][mk_padding_divider size=&#8221;20&#8243;][\/vc_column_inner][\/vc_row_inner][\/vc_column][\/mk_page_section][vc_row][vc_column][mk_padding_divider size=&#8221;100&#8243;][vc_column_text]\n<h2 style=\"text-align: center;\"><span style=\"color: #0000ff;\">NOUS SOMMES LE CONSULTANT D&#8217;INFORMATION, DE GESTION ET DE N\u00c9GOCIATION LE PLUS COMPL\u00c8TE ET EXPERT POUR QUE VOUS POUVEZ PRENDRE LA MEILLEURE D\u00c9CISION SANS VOUS D\u00c9PLACER.<\/span><\/h2>\n[\/vc_column_text][mk_padding_divider size=&#8221;100&#8243;][\/vc_column][\/vc_row][mk_page_section bg_image=&#8221;http:\/\/eadesign.art.br\/holdingsports\/wp-content\/uploads\/2015\/12\/bola-de-fut.jpg&#8221; bg_color=&#8221;#fe8800&#8243; blend_mode=&#8221;soft-light&#8221; bg_position=&#8221;center top&#8221; bg_repeat=&#8221;no-repeat&#8221; bg_stretch=&#8221;true&#8221; enable_3d=&#8221;true&#8221; speed_factor=&#8221;0.2&#8243; video_color_mask=&#8221;rgba(254,136,0,0.8)&#8221; video_opacity=&#8221;1&#8243; min_height=&#8221;500&#8243; padding_top=&#8221;0&#8243; padding_bottom=&#8221;0&#8243; top_shape_color=&#8221;#ffffff&#8221; bottom_shape_color=&#8221;#ffffff&#8221; sidebar=&#8221;sidebar-1&#8243;][vc_column width=&#8221;1\/4&#8243;][mk_padding_divider size=&#8221;70&#8243;][vc_column_text]\n<p style=\"text-align: center;\"><a href=\"http:\/\/holdingsa.com\/wp-content\/uploads\/2018\/07\/Real-Madrid-Atl-Pr-e-Holding.jpg\"><img loading=\"lazy\" decoding=\"async\" class=\"alignnone wp-image-2977\" src=\"http:\/\/holdingsa.com\/wp-content\/uploads\/2018\/07\/Real-Madrid-Atl-Pr-e-Holding-150x150.jpg\" alt=\"\" width=\"169\" height=\"170\" srcset=\"https:\/\/holdingsa.com\/wp-content\/uploads\/2018\/07\/Real-Madrid-Atl-Pr-e-Holding-150x150.jpg 150w, https:\/\/holdingsa.com\/wp-content\/uploads\/2018\/07\/Real-Madrid-Atl-Pr-e-Holding-300x300.jpg 300w, https:\/\/holdingsa.com\/wp-content\/uploads\/2018\/07\/Real-Madrid-Atl-Pr-e-Holding-768x772.jpg 768w, https:\/\/holdingsa.com\/wp-content\/uploads\/2018\/07\/Real-Madrid-Atl-Pr-e-Holding-1019x1024.jpg 1019w, https:\/\/holdingsa.com\/wp-content\/uploads\/2018\/07\/Real-Madrid-Atl-Pr-e-Holding-550x550.jpg 550w, https:\/\/holdingsa.com\/wp-content\/uploads\/2018\/07\/Real-Madrid-Atl-Pr-e-Holding-500x500.jpg 500w, https:\/\/holdingsa.com\/wp-content\/uploads\/2018\/07\/Real-Madrid-Atl-Pr-e-Holding-225x225.jpg 225w, https:\/\/holdingsa.com\/wp-content\/uploads\/2018\/07\/Real-Madrid-Atl-Pr-e-Holding-200x200.jpg 200w, https:\/\/holdingsa.com\/wp-content\/uploads\/2018\/07\/Real-Madrid-Atl-Pr-e-Holding-600x602.jpg 600w, https:\/\/holdingsa.com\/wp-content\/uploads\/2018\/07\/Real-Madrid-Atl-Pr-e-Holding-60x60.jpg 60w, https:\/\/holdingsa.com\/wp-content\/uploads\/2018\/07\/Real-Madrid-Atl-Pr-e-Holding.jpg 1281w\" sizes=\"auto, (max-width: 169px) 85vw, 169px\" \/><\/a><\/p>\n<p><a href=\"http:\/\/holdingsa.com\/wp-content\/uploads\/2015\/12\/Sr.-Santiago-03.jpg\"><img loading=\"lazy\" decoding=\"async\" class=\"aligncenter wp-image-2565\" src=\"http:\/\/holdingsa.com\/wp-content\/uploads\/2015\/12\/Sr.-Santiago-03-169x300.jpg\" alt=\"\" width=\"160\" height=\"285\" srcset=\"https:\/\/holdingsa.com\/wp-content\/uploads\/2015\/12\/Sr.-Santiago-03-169x300.jpg 169w, https:\/\/holdingsa.com\/wp-content\/uploads\/2015\/12\/Sr.-Santiago-03-575x1024.jpg 575w, https:\/\/holdingsa.com\/wp-content\/uploads\/2015\/12\/Sr.-Santiago-03-146x260.jpg 146w, https:\/\/holdingsa.com\/wp-content\/uploads\/2015\/12\/Sr.-Santiago-03.jpg 705w\" sizes=\"auto, (max-width: 160px) 85vw, 160px\" \/><\/a><br \/>\n<a href=\"http:\/\/holdingsa.com\/wp-content\/uploads\/2015\/12\/20170205_185622.jpg\"><img loading=\"lazy\" decoding=\"async\" class=\"aligncenter wp-image-2554\" src=\"http:\/\/holdingsa.com\/wp-content\/uploads\/2015\/12\/20170205_185622-300x169.jpg\" alt=\"\" width=\"250\" height=\"141\" srcset=\"https:\/\/holdingsa.com\/wp-content\/uploads\/2015\/12\/20170205_185622-300x169.jpg 300w, https:\/\/holdingsa.com\/wp-content\/uploads\/2015\/12\/20170205_185622-1024x576.jpg 1024w, https:\/\/holdingsa.com\/wp-content\/uploads\/2015\/12\/20170205_185622-330x186.jpg 330w\" sizes=\"auto, (max-width: 250px) 85vw, 250px\" \/><\/a>[\/vc_column_text][\/vc_column][vc_column width=&#8221;3\/4&#8243;][mk_padding_divider size=&#8221;70&#8243;][mk_fancy_title color=&#8221;#ffffff&#8221; size=&#8221;48&#8243; force_font_size=&#8221;true&#8221; size_phone=&#8221;50&#8243; line_height=&#8221;101&#8243; txt_transform=&#8221;uppercase&#8221; margin_bottom=&#8221;0&#8243; font_family=&#8221;none&#8221; el_class=&#8221;sectionTitles&#8221;]<span style=\"color: #000080;\">AVIS DU <span style=\"color: #ffffff;\">CLUB<\/span><\/span>[\/mk_fancy_title][mk_padding_divider size=&#8221;50&#8243;][vc_column_text]<span style=\"color: #ffffff;\">Holding S. S. Asesor\u00eda, selon votre orientation et vos besoins, effectue une analyse approfondie et personnalis\u00e9e de votre club afin d&#8217;offrir les meilleures options de joueurs et de techniciens, qui s&#8217;adaptent \u00e0 vos besoins et aux directives techniques, tactiques et \u00e9conomiques.<\/span><\/p>\n<p><span style=\"color: #ffffff;\">Parmi nos services sont:<\/span><\/p>\n<ul>\n<li><span style=\"color: #ffffff;\">Toujours chercher les meilleures options et opportunit\u00e9s qui se d\u00e9marquent en Am\u00e9rique du Sud, de mani\u00e8re impartiale et professionnelle, en anticipant les autres clubs, avec agilit\u00e9, pers\u00e9v\u00e9rance et discr\u00e9tion.<\/span><\/li>\n<li><span style=\"color: #ffffff;\">Construire des relations professionnelles directes et fiables entre votre club et qui prend des d\u00e9cisions dans les clubs sud-am\u00e9ricains, \u00e9tant le moyen le plus rapide et le plus efficace de conclure des accords fructueux.<\/span><\/li>\n<li><span style=\"color: #ffffff;\">Partagez des informations privil\u00e9gi\u00e9es provenant de notre excellente base de donn\u00e9es et de l&#8217;\u00e9quipe d&#8217;analyse des performances.<\/span><\/li>\n<li><span style=\"color: #ffffff;\">Aidez \u00e0 reloger vos joueurs les moins utilis\u00e9s, en profitant de nos relations et demandes d&#8217;autres pays.<\/span><\/li>\n<li><span style=\"color: #ffffff;\">G\u00e9rez des tournois amicaux et de pr\u00e9-saison dans diff\u00e9rents pays.<\/span><\/li>\n<\/ul>\n[\/vc_column_text][mk_padding_divider size=&#8221;80&#8243;][\/vc_column][\/mk_page_section][mk_page_section bg_image=&#8221;http:\/\/eadesign.art.br\/holdingsports\/wp-content\/uploads\/2015\/10\/soccer-263716_640.jpg&#8221; bg_color=&#8221;#ffffff&#8221; blend_mode=&#8221;luminosity&#8221; bg_position=&#8221;center top&#8221; bg_repeat=&#8221;no-repeat&#8221; bg_stretch=&#8221;true&#8221; enable_3d=&#8221;true&#8221; speed_factor=&#8221;0.2&#8243; video_mask=&#8221;true&#8221; video_color_mask=&#8221;#ffffff&#8221; video_opacity=&#8221;0.9&#8243; min_height=&#8221;450&#8243; padding_top=&#8221;0&#8243; padding_bottom=&#8221;0&#8243; top_shape_color=&#8221;#ffffff&#8221; bottom_shape_color=&#8221;#ffffff&#8221; sidebar=&#8221;sidebar-1&#8243;][vc_column width=&#8221;1\/4&#8243;][mk_padding_divider size=&#8221;70&#8243;][vc_column_text]\n<p>&nbsp;<\/p>\n<p>&nbsp;<\/p>\n<p><a href=\"http:\/\/holdingsa.com\/wp-content\/uploads\/2017\/04\/Paulo-Autuori-Coletiva.jpg\"><img loading=\"lazy\" decoding=\"async\" class=\"alignnone size-medium wp-image-2391\" src=\"http:\/\/holdingsa.com\/wp-content\/uploads\/2017\/04\/Paulo-Autuori-Coletiva-300x190.jpg\" alt=\"\" width=\"300\" height=\"190\" srcset=\"https:\/\/holdingsa.com\/wp-content\/uploads\/2017\/04\/Paulo-Autuori-Coletiva-300x190.jpg 300w, https:\/\/holdingsa.com\/wp-content\/uploads\/2017\/04\/Paulo-Autuori-Coletiva-1024x647.jpg 1024w, https:\/\/holdingsa.com\/wp-content\/uploads\/2017\/04\/Paulo-Autuori-Coletiva.jpg 1500w\" sizes=\"auto, (max-width: 300px) 85vw, 300px\" \/><\/a><\/p>\n<p><a href=\"http:\/\/holdingsa.com\/wp-content\/uploads\/2015\/12\/Luiz-Felipe.jpg\"><br \/>\n<img loading=\"lazy\" decoding=\"async\" class=\"alignnone size-medium wp-image-2558\" src=\"http:\/\/holdingsa.com\/wp-content\/uploads\/2015\/12\/Luiz-Felipe-300x213.jpg\" alt=\"\" width=\"300\" height=\"213\" srcset=\"https:\/\/holdingsa.com\/wp-content\/uploads\/2015\/12\/Luiz-Felipe-300x213.jpg 300w, https:\/\/holdingsa.com\/wp-content\/uploads\/2015\/12\/Luiz-Felipe.jpg 308w\" sizes=\"auto, (max-width: 300px) 85vw, 300px\" \/><\/a>[\/vc_column_text][\/vc_column][vc_column width=&#8221;3\/4&#8243;][mk_padding_divider size=&#8221;70&#8243;][mk_fancy_title color=&#8221;#345d7e&#8221; size=&#8221;48&#8243; force_font_size=&#8221;true&#8221; size_phone=&#8221;50&#8243; line_height=&#8221;101&#8243; txt_transform=&#8221;uppercase&#8221; margin_bottom=&#8221;0&#8243; font_family=&#8221;none&#8221; animation=&#8221;bottom-to-top&#8221; el_class=&#8221;sectionTitles&#8221;]<span style=\"color: #000080;\">S\u00c9LECTEUR,<\/span> <span style=\"color: #ffffff;\">ENTRA\u00ceNEUR ET<\/span><span style=\"color: #ff6600;\"> JOUEUR<\/span>[\/mk_fancy_title][mk_padding_divider size=&#8221;50&#8243;][vc_column_text]<strong><a href=\"http:\/\/holdingsa.com\/wp-content\/uploads\/2015\/12\/Raul-Sergio-Ramos-Casillas-Gutti-.jpg\"><img loading=\"lazy\" decoding=\"async\" class=\"size-medium wp-image-1550 alignright\" src=\"http:\/\/holdingsa.com\/wp-content\/uploads\/2015\/12\/Raul-Sergio-Ramos-Casillas-Gutti--300x214.jpg\" alt=\"\" width=\"300\" height=\"214\" srcset=\"https:\/\/holdingsa.com\/wp-content\/uploads\/2015\/12\/Raul-Sergio-Ramos-Casillas-Gutti--300x214.jpg 300w, https:\/\/holdingsa.com\/wp-content\/uploads\/2015\/12\/Raul-Sergio-Ramos-Casillas-Gutti-.jpg 500w, https:\/\/holdingsa.com\/wp-content\/uploads\/2015\/12\/Raul-Sergio-Ramos-Casillas-Gutti--330x235.jpg 330w\" sizes=\"auto, (max-width: 300px) 85vw, 300px\" \/><\/a><br \/>\nHolding S. S. Asesor\u00eda<\/strong> conseille les entra\u00eeneurs, les entra\u00eeneurs et les joueurs, \u00e0 la recherche d&#8217;une meilleure et plus rapide adaptation au march\u00e9 international, la transmission des connaissances personnelles, le d\u00e9veloppement technique, tactique, logistique et culturelle de chaque pays.<\/p>\n<p>Il est important et fondamental d&#8217;\u00eatre profond\u00e9ment conscient des demandes du club, \u00e0 travers son pr\u00e9sident ou son secr\u00e9taire technique, de les conseiller de la mani\u00e8re la plus efficace possible, en obtenant le succ\u00e8s souhait\u00e9.[\/vc_column_text][mk_padding_divider size=&#8221;80&#8243;][\/vc_column][\/mk_page_section][mk_page_section bg_image=&#8221;http:\/\/eadesign.art.br\/holdingsports\/wp-content\/uploads\/2015\/12\/stadium-soccer.jpg&#8221; bg_color=&#8221;#fe8800&#8243; blend_mode=&#8221;soft-light&#8221; bg_position=&#8221;center top&#8221; bg_repeat=&#8221;no-repeat&#8221; bg_stretch=&#8221;true&#8221; enable_3d=&#8221;true&#8221; speed_factor=&#8221;0.2&#8243; video_color_mask=&#8221;rgba(254,136,0,0.8)&#8221; video_opacity=&#8221;0.9&#8243; min_height=&#8221;450&#8243; padding_top=&#8221;0&#8243; padding_bottom=&#8221;0&#8243; top_shape_color=&#8221;#ffffff&#8221; bottom_shape_color=&#8221;#ffffff&#8221; sidebar=&#8221;sidebar-1&#8243;][vc_column][vc_row_inner][vc_column_inner width=&#8221;1\/4&#8243;][mk_padding_divider size=&#8221;70&#8243;][vc_column_text]<a href=\"http:\/\/holdingsa.com\/wp-content\/uploads\/2015\/12\/Pele-2.png\"><img loading=\"lazy\" decoding=\"async\" class=\"alignnone size-medium wp-image-2560\" src=\"http:\/\/holdingsa.com\/wp-content\/uploads\/2015\/12\/Pele-2-240x300.png\" alt=\"\" width=\"240\" height=\"300\" srcset=\"https:\/\/holdingsa.com\/wp-content\/uploads\/2015\/12\/Pele-2-240x300.png 240w, https:\/\/holdingsa.com\/wp-content\/uploads\/2015\/12\/Pele-2-208x260.png 208w, https:\/\/holdingsa.com\/wp-content\/uploads\/2015\/12\/Pele-2.png 357w\" sizes=\"auto, (max-width: 240px) 85vw, 240px\" \/><\/a>[\/vc_column_text][\/vc_column_inner][vc_column_inner width=&#8221;3\/4&#8243;][mk_padding_divider size=&#8221;70&#8243;][mk_fancy_title color=&#8221;#ffffff&#8221; size=&#8221;48&#8243; force_font_size=&#8221;true&#8221; size_phone=&#8221;50&#8243; line_height=&#8221;101&#8243; margin_bottom=&#8221;0&#8243; font_family=&#8221;none&#8221; animation=&#8221;bottom-to-top&#8221; el_class=&#8221;sectionTitles&#8221;]<span style=\"color: #000080;\">COLLABORATEURS<\/span>[\/mk_fancy_title][mk_padding_divider size=&#8221;50&#8243;][vc_column_text]<span style=\"color: #ffffff;\">Holding S. S. Asesor\u00eda versteht und respektiert die Bedeutung der Zahl der Mitarbeiter und Vermittler.<\/span><\/p>\n<p><span style=\"color: #ffffff;\">Wir arbeiten und arbeiten mit Vermittlern aus verschiedenen L\u00e4ndern in einer korrekten, professionellen und ethischen Art und Weise zusammen.<\/span><\/p>\n<p><span style=\"color: #ffffff;\">Wir schlagen dem Vermittler vor, unser Wissen in den verschiedenen M\u00e4rkten zu nutzen, um mittel- und langfristig mit einer soliden Basis von Vertrauen, Transparenz und absoluter Vertraulichkeit zusammenzuarbeiten.<\/span>[\/vc_column_text][mk_padding_divider size=&#8221;70&#8243;][\/vc_column_inner][\/vc_row_inner][\/vc_column][\/mk_page_section]\n","protected":false},"excerpt":{"rendered":"<p>[mk_page_section bg_image=&#8221;http:\/\/eadesign.art.br\/holdingsports\/wp-content\/uploads\/2015\/12\/3.jpg&#8221; blend_mode=&#8221;luminosity&#8221; attachment=&#8221;fixed&#8221; bg_position=&#8221;center top&#8221; bg_repeat=&#8221;no-repeat&#8221; bg_stretch=&#8221;true&#8221; enable_3d=&#8221;true&#8221; speed_factor=&#8221;0.8&#8243; video_mask=&#8221;true&#8221; min_height=&#8221;500&#8243; full_width=&#8221;true&#8221; padding_top=&#8221;0&#8243; padding_bottom=&#8221;48&#8243; top_shape_color=&#8221;#ffffff&#8221; bottom_shape_color=&#8221;#ffffff&#8221; sidebar=&#8221;sidebar-1&#8243;][vc_column][vc_row_inner css=&#8221;.vc_custom_1490638235020{background-position: 0 0 !important;background-repeat: repeat !important;}&#8221;][vc_column_inner][mk_padding_divider size=&#8221;330&#8243;][mk_fancy_title color=&#8221;#345d7e&#8221; size=&#8221;60&#8243; force_font_size=&#8221;true&#8221; size_phone=&#8221;50&#8243; line_height=&#8221;101&#8243; margin_top=&#8221;30&#8243; margin_bottom=&#8221;30&#8243; font_family=&#8221;none&#8221; align=&#8221;center&#8221; el_class=&#8221;sectionTitles&#8221;]SERVICES[\/mk_fancy_title][mk_padding_divider size=&#8221;20&#8243;][\/vc_column_inner][\/vc_row_inner][\/vc_column][\/mk_page_section][vc_row][vc_column][mk_padding_divider size=&#8221;100&#8243;][vc_column_text] NOUS SOMMES LE CONSULTANT D&#8217;INFORMATION, DE GESTION ET DE N\u00c9GOCIATION LE PLUS COMPL\u00c8TE ET EXPERT POUR QUE VOUS [&hellip;]<\/p>\n","protected":false},"author":2,"featured_media":0,"parent":0,"menu_order":0,"comment_status":"closed","ping_status":"closed","template":"","meta":{"footnotes":""},"class_list":["post-1815","page","type-page","status-publish","hentry"],"aioseo_notices":[],"_links":{"self":[{"href":"https:\/\/holdingsa.com\/fr\/wp-json\/wp\/v2\/pages\/1815","targetHints":{"allow":["GET"]}}],"collection":[{"href":"https:\/\/holdingsa.com\/fr\/wp-json\/wp\/v2\/pages"}],"about":[{"href":"https:\/\/holdingsa.com\/fr\/wp-json\/wp\/v2\/types\/page"}],"author":[{"embeddable":true,"href":"https:\/\/holdingsa.com\/fr\/wp-json\/wp\/v2\/users\/2"}],"replies":[{"embeddable":true,"href":"https:\/\/holdingsa.com\/fr\/wp-json\/wp\/v2\/comments?post=1815"}],"version-history":[{"count":14,"href":"https:\/\/holdingsa.com\/fr\/wp-json\/wp\/v2\/pages\/1815\/revisions"}],"predecessor-version":[{"id":3035,"href":"https:\/\/holdingsa.com\/fr\/wp-json\/wp\/v2\/pages\/1815\/revisions\/3035"}],"wp:attachment":[{"href":"https:\/\/holdingsa.com\/fr\/wp-json\/wp\/v2\/media?parent=1815"}],"curies":[{"name":"wp","href":"https:\/\/api.w.org\/{rel}","templated":true}]}}