{"id":1781,"date":"2017-04-22T18:53:29","date_gmt":"2017-04-22T18:53:29","guid":{"rendered":"http:\/\/holdingsa.com\/fr\/?page_id=1781"},"modified":"2018-07-09T03:20:51","modified_gmt":"2018-07-09T03:20:51","slug":"juridique-et-fiscal","status":"publish","type":"page","link":"https:\/\/holdingsa.com\/fr\/juridique-et-fiscal\/","title":{"rendered":"JURIDIQUE"},"content":{"rendered":"[mk_page_section bg_image=&#8221;http:\/\/eadesign.art.br\/holdingsports\/wp-content\/uploads\/2015\/12\/main-slider-img1.jpg&#8221; attachment=&#8221;fixed&#8221; bg_position=&#8221;center top&#8221; bg_repeat=&#8221;no-repeat&#8221; bg_stretch=&#8221;true&#8221; enable_3d=&#8221;true&#8221; speed_factor=&#8221;0.8&#8243; video_mask=&#8221;true&#8221; video_opacity=&#8221;0.8&#8243; min_height=&#8221;500&#8243; full_width=&#8221;true&#8221; padding_top=&#8221;0&#8243; padding_bottom=&#8221;48&#8243; top_shape_color=&#8221;#ffffff&#8221; bottom_shape_color=&#8221;#ffffff&#8221; sidebar=&#8221;sidebar-1&#8243;][vc_column][vc_row_inner css=&#8221;.vc_custom_1490638235020{background-position: 0 0 !important;background-repeat: repeat !important;}&#8221;][vc_column_inner][mk_padding_divider size=&#8221;330&#8243;][mk_fancy_title color=&#8221;#345d7e&#8221; size=&#8221;60&#8243; force_font_size=&#8221;true&#8221; size_phone=&#8221;50&#8243; line_height=&#8221;101&#8243; margin_top=&#8221;30&#8243; margin_bottom=&#8221;30&#8243; font_family=&#8221;none&#8221; align=&#8221;center&#8221; el_class=&#8221;sectionTitles&#8221;]<span style=\"color: #f9875b;\"><span style=\"color: #ffffff;\">JURIDIQUE<\/span><span style=\"color: #fe8800;\"> ET FISCALE<\/span><\/span>[\/mk_fancy_title][mk_padding_divider size=&#8221;20&#8243;][\/vc_column_inner][\/vc_row_inner][\/vc_column][\/mk_page_section][mk_page_section bg_image=&#8221;http:\/\/eadesign.art.br\/holdingsports\/wp-content\/uploads\/2015\/10\/shutterstock_176578913-blackwhite.jpg&#8221; bg_color=&#8221;#ffffff&#8221; blend_mode=&#8221;luminosity&#8221; bg_position=&#8221;center top&#8221; bg_repeat=&#8221;no-repeat&#8221; bg_stretch=&#8221;true&#8221; enable_3d=&#8221;true&#8221; speed_factor=&#8221;0.2&#8243; video_loop=&#8221;false&#8221; video_mask=&#8221;true&#8221; video_color_mask=&#8221;#ffffff&#8221; video_opacity=&#8221;0.9&#8243; min_height=&#8221;500&#8243; padding_top=&#8221;0&#8243; padding_bottom=&#8221;0&#8243; top_shape_color=&#8221;#ffffff&#8221; bottom_shape_color=&#8221;#ffffff&#8221; sidebar=&#8221;sidebar-1&#8243;][vc_column][mk_padding_divider size=&#8221;100&#8243;][vc_column_text align=&#8221;center&#8221;]\n<p style=\"text-align: left;\"><a href=\"http:\/\/holdingsa.com\/wp-content\/uploads\/2017\/11\/abogados-justicia.png\"><img loading=\"lazy\" decoding=\"async\" class=\"size-medium wp-image-2614 alignright\" src=\"http:\/\/holdingsa.com\/wp-content\/uploads\/2017\/11\/abogados-justicia-298x300.png\" alt=\"\" width=\"298\" height=\"300\" srcset=\"https:\/\/holdingsa.com\/wp-content\/uploads\/2017\/11\/abogados-justicia-298x300.png 298w, https:\/\/holdingsa.com\/wp-content\/uploads\/2017\/11\/abogados-justicia-150x150.png 150w, https:\/\/holdingsa.com\/wp-content\/uploads\/2017\/11\/abogados-justicia-200x200.png 200w, https:\/\/holdingsa.com\/wp-content\/uploads\/2017\/11\/abogados-justicia.png 497w\" sizes=\"auto, (max-width: 298px) 85vw, 298px\" \/><\/a><\/p>\n<p>&nbsp;<\/p>\n<p style=\"text-align: left;\"><strong>Holding S. S. Asesor\u00eda\u00a0<\/strong>offre des conseils juridiques et fiscaux complets. Nous travaillons avec les avocats les meilleurs et les plus renomm\u00e9s pour d\u00e9fendre vos int\u00e9r\u00eats.<\/p>\n<p style=\"text-align: left;\">Notre attention est permanente et d\u00e9taill\u00e9e, repr\u00e9sentant notre client dans tout ce qui est n\u00e9cessaire, \u00e0 titre d&#8217;exemple: droits de formation, accusations de non-conformit\u00e9, repr\u00e9sentation devant le <strong>TAS<\/strong> \/ <strong>CAS<\/strong> (tribunal d&#8217;arbitrage de la <strong>FIFA<\/strong>) et autres instances concern\u00e9es.<\/p>\n<p style=\"text-align: left;\"><strong>Holding S. S. Asesor\u00eda<\/strong> agit \u00e0 tout moment selon le respect le plus scrupuleux de la r\u00e9glementation \u00e9tablie par la <strong>FIFA<\/strong>.<\/p>\n[\/vc_column_text][\/vc_column][\/mk_page_section][mk_page_section bg_image=&#8221;http:\/\/eadesign.art.br\/holdingsports\/wp-content\/uploads\/2015\/10\/football-606230_1280.jpg&#8221; bg_color=&#8221;#232a50&#8243; blend_mode=&#8221;multiply&#8221; bg_position=&#8221;center top&#8221; bg_repeat=&#8221;no-repeat&#8221; bg_stretch=&#8221;true&#8221; speed_factor=&#8221;0.2&#8243; video_loop=&#8221;false&#8221; video_color_mask=&#8221;#232a50&#8243; video_opacity=&#8221;0.9&#8243; min_height=&#8221;450&#8243; padding_top=&#8221;0&#8243; padding_bottom=&#8221;0&#8243; top_shape_color=&#8221;#ffffff&#8221; bottom_shape_color=&#8221;#ffffff&#8221; sidebar=&#8221;sidebar-1&#8243;][vc_column][vc_row_inner][vc_column_inner width=&#8221;2\/3&#8243;][mk_padding_divider size=&#8221;100&#8243;][vc_column_text]<span style=\"color: #ffffff;\"><strong><span style=\"color: #ffffff;\">FERNANDO PEREZ-ESPINOSA <\/span><\/strong><span style=\"color: #ffffff;\">&#8211; espagnol, dipl\u00f4m\u00e9 en droit de l&#8217;Universit\u00e9 de Valladolid, Docteur en droit de l&#8217;Universit\u00e9 Complutense de Madrid et professeur de droit du travail \u00e0 l&#8217;Universit\u00e9 Complutense de Madrid, Fernando Perez Espinosa est sp\u00e9cialis\u00e9 dans le droit du sport et poss\u00e8de une vaste exp\u00e9rience dans ce champ.<\/span><strong><span style=\"color: #ffffff;\"><br \/>\n<\/span><\/strong><\/span>[\/vc_column_text][\/vc_column_inner][vc_column_inner width=&#8221;1\/3&#8243;][mk_padding_divider size=&#8221;100&#8243;][vc_column_text]<a href=\"http:\/\/holdingsa.com\/wp-content\/uploads\/2015\/12\/872866160159255.jpg\"><img loading=\"lazy\" decoding=\"async\" class=\"alignnone size-medium wp-image-914\" src=\"http:\/\/holdingsa.com\/wp-content\/uploads\/2015\/12\/872866160159255-300x300.jpg\" alt=\"\" width=\"300\" height=\"300\" srcset=\"https:\/\/holdingsa.com\/wp-content\/uploads\/2015\/12\/872866160159255-300x300.jpg 300w, https:\/\/holdingsa.com\/wp-content\/uploads\/2015\/12\/872866160159255-500x500.jpg 500w, https:\/\/holdingsa.com\/wp-content\/uploads\/2015\/12\/872866160159255-60x60.jpg 60w, https:\/\/holdingsa.com\/wp-content\/uploads\/2015\/12\/872866160159255-150x150.jpg 150w, https:\/\/holdingsa.com\/wp-content\/uploads\/2015\/12\/872866160159255-1024x1024.jpg 1024w, https:\/\/holdingsa.com\/wp-content\/uploads\/2015\/12\/872866160159255.jpg 135w\" sizes=\"auto, (max-width: 300px) 85vw, 300px\" \/><\/a>[\/vc_column_text][\/vc_column_inner][\/vc_row_inner][\/vc_column][\/mk_page_section][mk_page_section bg_image=&#8221;http:\/\/eadesign.art.br\/holdingsports\/wp-content\/uploads\/2015\/12\/section-sports.jpg&#8221; bg_color=&#8221;#ffffff&#8221; blend_mode=&#8221;luminosity&#8221; bg_position=&#8221;center top&#8221; bg_repeat=&#8221;no-repeat&#8221; bg_stretch=&#8221;true&#8221; enable_3d=&#8221;true&#8221; speed_factor=&#8221;0.2&#8243; video_loop=&#8221;false&#8221; video_mask=&#8221;true&#8221; video_color_mask=&#8221;#ffffff&#8221; video_opacity=&#8221;0.9&#8243; min_height=&#8221;450&#8243; padding_top=&#8221;0&#8243; padding_bottom=&#8221;0&#8243; top_shape_color=&#8221;#ffffff&#8221; bottom_shape_color=&#8221;#ffffff&#8221; sidebar=&#8221;sidebar-1&#8243;][vc_column width=&#8221;1\/3&#8243;][mk_padding_divider size=&#8221;100&#8243;][vc_column_text]<a href=\"http:\/\/holdingsa.com\/wp-content\/uploads\/2017\/11\/Juan-de-Dios-Crespo-2.jpg\"><img loading=\"lazy\" decoding=\"async\" class=\"alignnone size-medium wp-image-2610\" src=\"http:\/\/holdingsa.com\/wp-content\/uploads\/2017\/11\/Juan-de-Dios-Crespo-2-300x300.jpg\" alt=\"\" width=\"300\" height=\"300\" srcset=\"https:\/\/holdingsa.com\/wp-content\/uploads\/2017\/11\/Juan-de-Dios-Crespo-2-300x300.jpg 300w, https:\/\/holdingsa.com\/wp-content\/uploads\/2017\/11\/Juan-de-Dios-Crespo-2-150x150.jpg 150w, https:\/\/holdingsa.com\/wp-content\/uploads\/2017\/11\/Juan-de-Dios-Crespo-2-225x225.jpg 225w, https:\/\/holdingsa.com\/wp-content\/uploads\/2017\/11\/Juan-de-Dios-Crespo-2-200x200.jpg 200w\" sizes=\"auto, (max-width: 300px) 85vw, 300px\" \/><\/a>[\/vc_column_text][mk_padding_divider size=&#8221;70&#8243;][\/vc_column][vc_column width=&#8221;2\/3&#8243;][mk_padding_divider size=&#8221;100&#8243;][vc_column_text]<strong>JUAN DE DIOS CRESPO P\u00c9REZ<\/strong> &#8211; Avocat sp\u00e9cialis\u00e9 en droit du sport et droit international et communautaire. Arbitre de la Chambre de Commerce de Valence et dans les proc\u00e9dures de la Chambre de Commerce Internationale de Paris. Ancien pr\u00e9sident de la section du droit du sport de l&#8217;Association du Barreau de Valence. Conf\u00e9rencier dans les cours et ma\u00eetrise en droit du sport et professeur de contrats internationaux. Arbitre ACE (Cour d&#8217;arbitrage de la F\u00e9d\u00e9ration Europ\u00e9enne de Handball) et ALADDE (Droit Association latino-am\u00e9ricaine des sports). De l&#8217;AEDD, du BASL et de l&#8217;IASL. C&#8217;est aussi LL. M. ISDE (H. C).[\/vc_column_text][mk_padding_divider size=&#8221;30&#8243;][\/vc_column][\/mk_page_section][mk_page_section bg_image=&#8221;http:\/\/eadesign.art.br\/holdingsports\/wp-content\/uploads\/2015\/10\/football-606230_1280.jpg&#8221; bg_color=&#8221;#fe8800&#8243; blend_mode=&#8221;multiply&#8221; bg_position=&#8221;center top&#8221; bg_repeat=&#8221;no-repeat&#8221; bg_stretch=&#8221;true&#8221; speed_factor=&#8221;0.2&#8243; video_loop=&#8221;false&#8221; video_color_mask=&#8221;#fe8800&#8243; video_opacity=&#8221;0.9&#8243; min_height=&#8221;450&#8243; padding_top=&#8221;0&#8243; padding_bottom=&#8221;0&#8243; top_shape_color=&#8221;#ffffff&#8221; bottom_shape_color=&#8221;#ffffff&#8221; sidebar=&#8221;sidebar-1&#8243;][vc_column][vc_row_inner][vc_column_inner width=&#8221;2\/3&#8243;][mk_padding_divider size=&#8221;100&#8243;][vc_column_text]<span style=\"color: #ffffff;\"><strong>BICHARA ET MOTTA ADVOGADOS<\/strong> &#8211;\u00a0Dispatch excellente r\u00e9putation en Am\u00e9rique latine, a \u00e9t\u00e9 le premier \u00e0 cr\u00e9er une \u00e9quipe d\u00e9di\u00e9e exclusivement aux sports et droit du divertissement, qui reste aujourd&#8217;hui comme hautement sp\u00e9cialis\u00e9e et centr\u00e9e sur le bureau de la satisfaction des clients.<\/span>[\/vc_column_text][\/vc_column_inner][vc_column_inner width=&#8221;1\/3&#8243;][mk_padding_divider size=&#8221;100&#8243;][vc_column_text]<a href=\"http:\/\/holdingsa.com\/wp-content\/uploads\/2017\/04\/bichara-e-mota-advogados.jpg\"><img loading=\"lazy\" decoding=\"async\" class=\"alignnone size-medium wp-image-1395\" src=\"http:\/\/holdingsa.com\/wp-content\/uploads\/2017\/04\/bichara-e-mota-advogados-300x174.jpg\" alt=\"\" width=\"300\" height=\"174\" srcset=\"https:\/\/holdingsa.com\/wp-content\/uploads\/2017\/04\/bichara-e-mota-advogados-300x174.jpg 300w, https:\/\/holdingsa.com\/wp-content\/uploads\/2017\/04\/bichara-e-mota-advogados.jpg 379w\" sizes=\"auto, (max-width: 300px) 85vw, 300px\" \/><\/a>[\/vc_column_text][\/vc_column_inner][\/vc_row_inner][\/vc_column][\/mk_page_section]\n","protected":false},"excerpt":{"rendered":"<p>[mk_page_section bg_image=&#8221;http:\/\/eadesign.art.br\/holdingsports\/wp-content\/uploads\/2015\/12\/main-slider-img1.jpg&#8221; attachment=&#8221;fixed&#8221; bg_position=&#8221;center top&#8221; bg_repeat=&#8221;no-repeat&#8221; bg_stretch=&#8221;true&#8221; enable_3d=&#8221;true&#8221; speed_factor=&#8221;0.8&#8243; video_mask=&#8221;true&#8221; video_opacity=&#8221;0.8&#8243; min_height=&#8221;500&#8243; full_width=&#8221;true&#8221; padding_top=&#8221;0&#8243; padding_bottom=&#8221;48&#8243; top_shape_color=&#8221;#ffffff&#8221; bottom_shape_color=&#8221;#ffffff&#8221; sidebar=&#8221;sidebar-1&#8243;][vc_column][vc_row_inner css=&#8221;.vc_custom_1490638235020{background-position: 0 0 !important;background-repeat: repeat !important;}&#8221;][vc_column_inner][mk_padding_divider size=&#8221;330&#8243;][mk_fancy_title color=&#8221;#345d7e&#8221; size=&#8221;60&#8243; force_font_size=&#8221;true&#8221; size_phone=&#8221;50&#8243; line_height=&#8221;101&#8243; margin_top=&#8221;30&#8243; margin_bottom=&#8221;30&#8243; font_family=&#8221;none&#8221; align=&#8221;center&#8221; el_class=&#8221;sectionTitles&#8221;]JURIDIQUE ET FISCALE[\/mk_fancy_title][mk_padding_divider size=&#8221;20&#8243;][\/vc_column_inner][\/vc_row_inner][\/vc_column][\/mk_page_section][mk_page_section bg_image=&#8221;http:\/\/eadesign.art.br\/holdingsports\/wp-content\/uploads\/2015\/10\/shutterstock_176578913-blackwhite.jpg&#8221; bg_color=&#8221;#ffffff&#8221; blend_mode=&#8221;luminosity&#8221; bg_position=&#8221;center top&#8221; bg_repeat=&#8221;no-repeat&#8221; bg_stretch=&#8221;true&#8221; enable_3d=&#8221;true&#8221; speed_factor=&#8221;0.2&#8243; video_loop=&#8221;false&#8221; video_mask=&#8221;true&#8221; video_color_mask=&#8221;#ffffff&#8221; video_opacity=&#8221;0.9&#8243; min_height=&#8221;500&#8243; padding_top=&#8221;0&#8243; padding_bottom=&#8221;0&#8243; top_shape_color=&#8221;#ffffff&#8221; [&hellip;]<\/p>\n","protected":false},"author":2,"featured_media":0,"parent":0,"menu_order":0,"comment_status":"closed","ping_status":"closed","template":"","meta":{"footnotes":""},"class_list":["post-1781","page","type-page","status-publish","hentry"],"aioseo_notices":[],"_links":{"self":[{"href":"https:\/\/holdingsa.com\/fr\/wp-json\/wp\/v2\/pages\/1781","targetHints":{"allow":["GET"]}}],"collection":[{"href":"https:\/\/holdingsa.com\/fr\/wp-json\/wp\/v2\/pages"}],"about":[{"href":"https:\/\/holdingsa.com\/fr\/wp-json\/wp\/v2\/types\/page"}],"author":[{"embeddable":true,"href":"https:\/\/holdingsa.com\/fr\/wp-json\/wp\/v2\/users\/2"}],"replies":[{"embeddable":true,"href":"https:\/\/holdingsa.com\/fr\/wp-json\/wp\/v2\/comments?post=1781"}],"version-history":[{"count":11,"href":"https:\/\/holdingsa.com\/fr\/wp-json\/wp\/v2\/pages\/1781\/revisions"}],"predecessor-version":[{"id":3077,"href":"https:\/\/holdingsa.com\/fr\/wp-json\/wp\/v2\/pages\/1781\/revisions\/3077"}],"wp:attachment":[{"href":"https:\/\/holdingsa.com\/fr\/wp-json\/wp\/v2\/media?parent=1781"}],"curies":[{"name":"wp","href":"https:\/\/api.w.org\/{rel}","templated":true}]}}