{"id":1763,"date":"2017-04-22T05:17:06","date_gmt":"2017-04-22T05:17:06","guid":{"rendered":"http:\/\/holdingsa.com\/fr\/?page_id=1763"},"modified":"2017-12-08T19:11:32","modified_gmt":"2017-12-08T19:11:32","slug":"investissements","status":"publish","type":"page","link":"https:\/\/holdingsa.com\/fr\/investissements\/","title":{"rendered":"INVESTISSEMENTS"},"content":{"rendered":"[mk_page_section bg_image=&#8221;http:\/\/eadesign.art.br\/holdingsports\/wp-content\/uploads\/2017\/04\/slider-RJ.jpg&#8221; blend_mode=&#8221;luminosity&#8221; attachment=&#8221;fixed&#8221; bg_position=&#8221;center top&#8221; bg_repeat=&#8221;no-repeat&#8221; bg_stretch=&#8221;true&#8221; enable_3d=&#8221;true&#8221; speed_factor=&#8221;0.8&#8243; video_mask=&#8221;true&#8221; video_opacity=&#8221;0.3&#8243; min_height=&#8221;500&#8243; full_width=&#8221;true&#8221; padding_top=&#8221;0&#8243; padding_bottom=&#8221;48&#8243; top_shape_color=&#8221;#ffffff&#8221; bottom_shape_color=&#8221;#ffffff&#8221; sidebar=&#8221;sidebar-1&#8243;][vc_column][vc_row_inner css=&#8221;.vc_custom_1490638235020{background-position: 0 0 !important;background-repeat: repeat !important;}&#8221;][vc_column_inner][mk_padding_divider size=&#8221;330&#8243;][mk_fancy_title color=&#8221;#345d7e&#8221; size=&#8221;60&#8243; force_font_size=&#8221;true&#8221; size_phone=&#8221;50&#8243; line_height=&#8221;101&#8243; margin_top=&#8221;30&#8243; margin_bottom=&#8221;30&#8243; font_family=&#8221;none&#8221; align=&#8221;center&#8221; el_class=&#8221;sectionTitles&#8221;]<span style=\"color: #ffffff;\"><span style=\"color: #ff6600;\"><span style=\"color: #ffffff;\">HOLDING<\/span> INVESTISSEMENTS<\/span>\u00a0<\/span>[\/mk_fancy_title][mk_padding_divider size=&#8221;200&#8243; visibility=&#8221;visible-tl-v2&#8243;][\/vc_column_inner][\/vc_row_inner][\/vc_column][\/mk_page_section][vc_row][vc_column][mk_padding_divider size=&#8221;100&#8243;][vc_column_text]<a href=\"http:\/\/www.holdinginvestimentos.com\"><img loading=\"lazy\" decoding=\"async\" class=\"size-medium wp-image-1521 alignright\" src=\"http:\/\/holdingsa.com\/wp-content\/uploads\/2015\/12\/logo-investimentos-light-300x236.png\" alt=\"\" width=\"300\" height=\"236\" srcset=\"https:\/\/holdingsa.com\/wp-content\/uploads\/2015\/12\/logo-investimentos-light-300x236.png 300w, https:\/\/holdingsa.com\/wp-content\/uploads\/2015\/12\/logo-investimentos-light-330x260.png 330w, https:\/\/holdingsa.com\/wp-content\/uploads\/2015\/12\/logo-investimentos-light.png 400w\" sizes=\"auto, (max-width: 300px) 85vw, 300px\" \/><\/a>Beaucoup d&#8217;athl\u00e8tes qui n&#8217;ont pas re\u00e7u de bons conseils financiers au cours de leur carri\u00e8re sont confront\u00e9s \u00e0 de s\u00e9rieuses difficult\u00e9s financi\u00e8res apr\u00e8s leur retraite, ce qui les oblige \u00e0 chercher d&#8217;urgence un autre emploi pour survivre.<\/p>\n<p><strong>Holding Sports Soccer Asesor\u00eda<\/strong> n&#8217;a pas l&#8217;intention de dire \u00e0 nos clients o\u00f9 investir leur argent, car c&#8217;est une d\u00e9cision qui ne correspond qu&#8217;\u00e0 elle. Cependant, nous sommes \u00e0 votre disposition pour vous guider sur les investissements les plus avantageux et les moins risqu\u00e9s.<\/p>\n<p><strong>Holding Sports Soccer Asesor\u00eda<\/strong> a de nombreux contacts dans les secteurs de la banque et de l&#8217;immobilier, ce qui, avec notre exp\u00e9rience du march\u00e9, facilitera la d\u00e9cision de nos clients sur la gestion de leurs actifs.<\/p>\n<p>Acc\u00e9dez ici pour plus d&#8217;informations: <a href=\"http:\/\/www.holdinginvestimentos.com\">www.holdinginvestimentos.com<\/a>[\/vc_column_text][mk_padding_divider size=&#8221;100&#8243;][\/vc_column][\/vc_row]\n","protected":false},"excerpt":{"rendered":"<p>[mk_page_section bg_image=&#8221;http:\/\/eadesign.art.br\/holdingsports\/wp-content\/uploads\/2017\/04\/slider-RJ.jpg&#8221; blend_mode=&#8221;luminosity&#8221; attachment=&#8221;fixed&#8221; bg_position=&#8221;center top&#8221; bg_repeat=&#8221;no-repeat&#8221; bg_stretch=&#8221;true&#8221; enable_3d=&#8221;true&#8221; speed_factor=&#8221;0.8&#8243; video_mask=&#8221;true&#8221; video_opacity=&#8221;0.3&#8243; min_height=&#8221;500&#8243; full_width=&#8221;true&#8221; padding_top=&#8221;0&#8243; padding_bottom=&#8221;48&#8243; top_shape_color=&#8221;#ffffff&#8221; bottom_shape_color=&#8221;#ffffff&#8221; sidebar=&#8221;sidebar-1&#8243;][vc_column][vc_row_inner css=&#8221;.vc_custom_1490638235020{background-position: 0 0 !important;background-repeat: repeat !important;}&#8221;][vc_column_inner][mk_padding_divider size=&#8221;330&#8243;][mk_fancy_title color=&#8221;#345d7e&#8221; size=&#8221;60&#8243; force_font_size=&#8221;true&#8221; size_phone=&#8221;50&#8243; line_height=&#8221;101&#8243; margin_top=&#8221;30&#8243; margin_bottom=&#8221;30&#8243; font_family=&#8221;none&#8221; align=&#8221;center&#8221; el_class=&#8221;sectionTitles&#8221;]HOLDING INVESTISSEMENTS\u00a0[\/mk_fancy_title][mk_padding_divider size=&#8221;200&#8243; visibility=&#8221;visible-tl-v2&#8243;][\/vc_column_inner][\/vc_row_inner][\/vc_column][\/mk_page_section][vc_row][vc_column][mk_padding_divider size=&#8221;100&#8243;][vc_column_text]Beaucoup d&#8217;athl\u00e8tes qui n&#8217;ont pas re\u00e7u de bons conseils financiers au cours de leur carri\u00e8re sont [&hellip;]<\/p>\n","protected":false},"author":2,"featured_media":0,"parent":0,"menu_order":0,"comment_status":"closed","ping_status":"closed","template":"","meta":{"footnotes":""},"class_list":["post-1763","page","type-page","status-publish","hentry"],"aioseo_notices":[],"_links":{"self":[{"href":"https:\/\/holdingsa.com\/fr\/wp-json\/wp\/v2\/pages\/1763","targetHints":{"allow":["GET"]}}],"collection":[{"href":"https:\/\/holdingsa.com\/fr\/wp-json\/wp\/v2\/pages"}],"about":[{"href":"https:\/\/holdingsa.com\/fr\/wp-json\/wp\/v2\/types\/page"}],"author":[{"embeddable":true,"href":"https:\/\/holdingsa.com\/fr\/wp-json\/wp\/v2\/users\/2"}],"replies":[{"embeddable":true,"href":"https:\/\/holdingsa.com\/fr\/wp-json\/wp\/v2\/comments?post=1763"}],"version-history":[{"count":6,"href":"https:\/\/holdingsa.com\/fr\/wp-json\/wp\/v2\/pages\/1763\/revisions"}],"predecessor-version":[{"id":2804,"href":"https:\/\/holdingsa.com\/fr\/wp-json\/wp\/v2\/pages\/1763\/revisions\/2804"}],"wp:attachment":[{"href":"https:\/\/holdingsa.com\/fr\/wp-json\/wp\/v2\/media?parent=1763"}],"curies":[{"name":"wp","href":"https:\/\/api.w.org\/{rel}","templated":true}]}}