{"id":1737,"date":"2017-04-22T05:02:35","date_gmt":"2017-04-22T05:02:35","guid":{"rendered":"http:\/\/holdingsa.com\/fr\/?page_id=1737"},"modified":"2022-05-27T04:48:36","modified_gmt":"2022-05-27T04:48:36","slug":"home","status":"publish","type":"page","link":"https:\/\/holdingsa.com\/fr\/","title":{"rendered":"Home"},"content":{"rendered":"[mk_page_section attachment=&#8221;fixed&#8221; bg_position=&#8221;center top&#8221; bg_repeat=&#8221;no-repeat&#8221; speed_factor=&#8221;0.8&#8243; min_height=&#8221;0&#8243; padding_top=&#8221;-200&#8243; padding_bottom=&#8221;0&#8243; top_shape_color=&#8221;#ffffff&#8221; bottom_shape_color=&#8221;#ffffff&#8221; sidebar=&#8221;sidebar-1&#8243;][vc_column][rev_slider_vc alias=&#8221;frances&#8221;][\/vc_column][\/mk_page_section][mk_page_section bg_image=&#8221;http:\/\/eadesign.art.br\/holdingsports\/wp-content\/uploads\/2015\/10\/shutterstock_176578913-blackwhite.jpg&#8221; bg_color=&#8221;#ffffff&#8221; blend_mode=&#8221;soft-light&#8221; bg_position=&#8221;center top&#8221; bg_repeat=&#8221;no-repeat&#8221; bg_stretch=&#8221;true&#8221; speed_factor=&#8221;0.8&#8243; video_loop=&#8221;false&#8221; video_color_mask=&#8221;#ffffff&#8221; video_opacity=&#8221;0.9&#8243; padding_top=&#8221;0&#8243; padding_bottom=&#8221;0&#8243; top_shape_color=&#8221;#ffffff&#8221; bottom_shape_color=&#8221;#ffffff&#8221; sidebar=&#8221;sidebar-1&#8243;][vc_column][mk_padding_divider size=&#8221;30&#8243;][mk_fancy_title color=&#8221;#345d7e&#8221; size=&#8221;60&#8243; force_font_size=&#8221;true&#8221; size_phone=&#8221;50&#8243; line_height=&#8221;101&#8243; txt_transform=&#8221;uppercase&#8221; margin_bottom=&#8221;0&#8243; font_family=&#8221;none&#8221; align=&#8221;center&#8221; animation=&#8221;bottom-to-top&#8221; el_class=&#8221;sectionTitles&#8221;]<span style=\"color: #000080;\">CONSULTATION DES CLUBS EUROP\u00c9ENS DE FOOTBALL EN AM\u00c9RIQUE DU SUD<\/span>[\/mk_fancy_title][mk_padding_divider size=&#8221;30&#8243;][vc_video link=&#8221;https:\/\/youtu.be\/G11pPg55Cdk&#8221;][vc_row_inner][vc_column_inner][vc_column_text]\n<p>&nbsp;<\/p>\n<p><strong>Holding S. S. Asesor\u00eda:<\/strong> Soci\u00e9t\u00e9 de conseil hispano-br\u00e9silienne du scoutisme international pour les clubs europ\u00e9ens, sp\u00e9cialis\u00e9e dans l&#8217;information, le conseil et la n\u00e9gociation de tous les clubs.<\/p>\n<p>\u00c9tablie en Am\u00e9rique du Sud, avec Central au Br\u00e9sil et ses propres bureaux dans des endroits imbattables, nous avons plus de 33 ans d&#8217;exp\u00e9rience dans le football international.[\/vc_column_text][\/vc_column_inner][\/vc_row_inner][mk_fancy_title color=&#8221;#003296&#8243; size=&#8221;30&#8243; line_height=&#8221;130&#8243; txt_transform=&#8221;uppercase&#8221; letter_spacing=&#8221;2&#8243; margin_top=&#8221;10&#8243; margin_bottom=&#8221;0&#8243; font_family=&#8221;none&#8221; align=&#8221;center&#8221; animation=&#8221;bottom-to-top&#8221; el_class=&#8221;sectionTitles&#8221;]\n<h2><a href=\"http:\/\/holdingsa.com\/wp-content\/uploads\/2018\/09\/Distancia-Continentes-Frances.png\"><img loading=\"lazy\" decoding=\"async\" class=\"aligncenter size-full wp-image-3155\" src=\"http:\/\/holdingsa.com\/wp-content\/uploads\/2018\/09\/Distancia-Continentes-Frances.png\" alt=\"\" width=\"1083\" height=\"315\" srcset=\"https:\/\/holdingsa.com\/wp-content\/uploads\/2018\/09\/Distancia-Continentes-Frances.png 1083w, https:\/\/holdingsa.com\/wp-content\/uploads\/2018\/09\/Distancia-Continentes-Frances-300x87.png 300w, https:\/\/holdingsa.com\/wp-content\/uploads\/2018\/09\/Distancia-Continentes-Frances-768x223.png 768w, https:\/\/holdingsa.com\/wp-content\/uploads\/2018\/09\/Distancia-Continentes-Frances-1024x298.png 1024w\" sizes=\"auto, (max-width: 709px) 85vw, (max-width: 909px) 67vw, (max-width: 1362px) 62vw, 840px\" \/><\/a><\/h2>\n[\/mk_fancy_title][mk_padding_divider size=&#8221;50&#8243;][vc_row_inner][vc_column_inner width=&#8221;1\/2&#8243;][vc_column_text]Nous vivons au jour le jour des clubs et de leurs particularit\u00e9s, \u00e0 travers une relation de confiance, constante et \u00e9troite avec les pr\u00e9sidents ou quiconque d\u00e9cide.<\/p>\n<p>Nous avons des informations privil\u00e9gi\u00e9es et les meilleures conditions pour proposer, n\u00e9gocier et engager d&#8217;excellents joueurs et obtenir du succ\u00e8s.<\/p>\n<p>Bien entendu, nous entretenons de tr\u00e8s bonnes relations avec les f\u00e9d\u00e9rations, les gestionnaires, les s\u00e9lectionneurs, les techniciens, les joueurs et les interm\u00e9diaires.[\/vc_column_text][\/vc_column_inner][vc_column_inner width=&#8221;1\/2&#8243;][vc_column_text]\n<h3 style=\"text-align: center;\"><span style=\"color: #000080;\"><a style=\"color: #000080;\" href=\"http:\/\/holdingsa.com\/wp-content\/uploads\/2018\/09\/Business-4.png\"><img loading=\"lazy\" decoding=\"async\" class=\"aligncenter wp-image-3128 size-medium\" src=\"http:\/\/holdingsa.com\/wp-content\/uploads\/2018\/09\/Business-4-300x199.png\" alt=\"\" width=\"300\" height=\"199\" srcset=\"https:\/\/holdingsa.com\/wp-content\/uploads\/2018\/09\/Business-4-300x199.png 300w, https:\/\/holdingsa.com\/wp-content\/uploads\/2018\/09\/Business-4-150x100.png 150w, https:\/\/holdingsa.com\/wp-content\/uploads\/2018\/09\/Business-4-600x398.png 600w, https:\/\/holdingsa.com\/wp-content\/uploads\/2018\/09\/Business-4.png 456w\" sizes=\"auto, (max-width: 300px) 85vw, 300px\" \/><\/a><\/span><\/h3>\n<h3 style=\"text-align: center;\"><span style=\"color: #000080;\"><strong>L&#8217;INFORMATION LA PLUS COMPLETE DANS VOS MAINS.<\/strong><\/span><\/h3>\n[\/vc_column_text][\/vc_column_inner][\/vc_row_inner][mk_padding_divider size=&#8221;80&#8243;][\/vc_column][\/mk_page_section][mk_page_section bg_image=&#8221;http:\/\/eadesign.art.br\/holdingsports\/wp-content\/uploads\/2015\/10\/Layer-6.png&#8221; bg_color=&#8221;#fe8800&#8243; attachment=&#8221;fixed&#8221; bg_position=&#8221;center top&#8221; bg_repeat=&#8221;no-repeat&#8221; bg_stretch=&#8221;true&#8221; speed_factor=&#8221;0.8&#8243; video_color_mask=&#8221;rgba(254,136,0,0.85)&#8221; video_opacity=&#8221;0.8&#8243; min_height=&#8221;700&#8243; padding_top=&#8221;0&#8243; padding_bottom=&#8221;0&#8243; top_shape_color=&#8221;#ffffff&#8221; bottom_shape_color=&#8221;#ffffff&#8221; sidebar=&#8221;sidebar-1&#8243;][vc_column width=&#8221;1\/3&#8243;][mk_padding_divider size=&#8221;100&#8243;][mk_fancy_title tag_name=&#8221;h3&#8243; color=&#8221;#345d7e&#8221; size=&#8221;36&#8243; force_font_size=&#8221;true&#8221; size_phone=&#8221;50&#8243; line_height=&#8221;101&#8243; txt_transform=&#8221;uppercase&#8221; margin_bottom=&#8221;0&#8243; font_family=&#8221;none&#8221; align=&#8221;center&#8221; animation=&#8221;bottom-to-top&#8221; el_class=&#8221;sectionTitles&#8221;]<span style=\"color: #232a50;\">NOUVELLES<\/span>\u00a0<span style=\"color: #ffffff;\">DERNI\u00c8RE MINUTE<\/span>[\/mk_fancy_title][mk_padding_divider size=&#8221;50&#8243;][vc_column_text disable_pattern=&#8221;false&#8221; align=&#8221;center&#8221; margin_bottom=&#8221;20&#8243;]\n<div><iframe loading=\"lazy\" src=\"https:\/\/feed.mikle.com\/widget\/v2\/22272\/\" width=\"300\" height=\"700\"><\/iframe><\/div>\n[\/vc_column_text][mk_padding_divider size=&#8221;100&#8243;][\/vc_column][vc_column width=&#8221;1\/3&#8243;][mk_padding_divider size=&#8221;100&#8243;][mk_fancy_title tag_name=&#8221;h3&#8243; color=&#8221;#345d7e&#8221; size=&#8221;36&#8243; force_font_size=&#8221;true&#8221; size_phone=&#8221;50&#8243; line_height=&#8221;101&#8243; txt_transform=&#8221;uppercase&#8221; margin_bottom=&#8221;0&#8243; font_family=&#8221;none&#8221; align=&#8221;center&#8221; animation=&#8221;bottom-to-top&#8221; el_class=&#8221;sectionTitles&#8221;]<span style=\"color: #232a50;\">NOUVELLES<\/span>\u00a0<span style=\"color: #ffffff;\">INTERNATIONAL<\/span>[\/mk_fancy_title][mk_padding_divider size=&#8221;50&#8243;][vc_column_text disable_pattern=&#8221;false&#8221; align=&#8221;center&#8221; margin_bottom=&#8221;20&#8243;]\n<div><iframe loading=\"lazy\" src=\"https:\/\/feed.mikle.com\/widget\/v2\/22283\/\" width=\"300\" height=\"700\"><\/iframe><\/div>\n[\/vc_column_text][\/vc_column][vc_column width=&#8221;1\/3&#8243;][mk_padding_divider size=&#8221;30&#8243;][mk_fancy_title tag_name=&#8221;h3&#8243; color=&#8221;#345d7e&#8221; size=&#8221;36&#8243; force_font_size=&#8221;true&#8221; size_phone=&#8221;50&#8243; line_height=&#8221;101&#8243; txt_transform=&#8221;uppercase&#8221; margin_bottom=&#8221;0&#8243; font_family=&#8221;none&#8221; align=&#8221;center&#8221; animation=&#8221;bottom-to-top&#8221; el_class=&#8221;sectionTitles&#8221;]<a href=\"http:\/\/www.holdinginvestimentos.com\"><img loading=\"lazy\" decoding=\"async\" class=\"alignnone size-thumbnail wp-image-1521\" src=\"http:\/\/holdingsa.com\/wp-content\/uploads\/2015\/12\/logo-investimentos-light-150x150.png\" alt=\"\" width=\"150\" height=\"150\" srcset=\"https:\/\/holdingsa.com\/wp-content\/uploads\/2015\/12\/logo-investimentos-light-150x150.png 150w, https:\/\/holdingsa.com\/wp-content\/uploads\/2015\/12\/logo-investimentos-light-225x225.png 225w, https:\/\/holdingsa.com\/wp-content\/uploads\/2015\/12\/logo-investimentos-light-200x200.png 200w, https:\/\/holdingsa.com\/wp-content\/uploads\/2015\/12\/logo-investimentos-light-300x300.png 300w, https:\/\/holdingsa.com\/wp-content\/uploads\/2015\/12\/logo-investimentos-light-60x60.png 60w\" sizes=\"auto, (max-width: 150px) 85vw, 150px\" \/><\/a>[\/mk_fancy_title][mk_padding_divider size=&#8221;30&#8243;][vc_column_text disable_pattern=&#8221;false&#8221; align=&#8221;center&#8221; margin_bottom=&#8221;20&#8243;]\n<div><iframe loading=\"lazy\" src=\"https:\/\/feed.mikle.com\/widget\/v2\/22467\" width=\"300\" height=\"700\"><\/iframe><\/div>\n[\/vc_column_text][\/vc_column][\/mk_page_section]\n","protected":false},"excerpt":{"rendered":"<p>[mk_page_section attachment=&#8221;fixed&#8221; bg_position=&#8221;center top&#8221; bg_repeat=&#8221;no-repeat&#8221; speed_factor=&#8221;0.8&#8243; min_height=&#8221;0&#8243; padding_top=&#8221;-200&#8243; padding_bottom=&#8221;0&#8243; top_shape_color=&#8221;#ffffff&#8221; bottom_shape_color=&#8221;#ffffff&#8221; sidebar=&#8221;sidebar-1&#8243;][vc_column][rev_slider_vc alias=&#8221;frances&#8221;][\/vc_column][\/mk_page_section][mk_page_section bg_image=&#8221;http:\/\/eadesign.art.br\/holdingsports\/wp-content\/uploads\/2015\/10\/shutterstock_176578913-blackwhite.jpg&#8221; bg_color=&#8221;#ffffff&#8221; blend_mode=&#8221;soft-light&#8221; bg_position=&#8221;center top&#8221; bg_repeat=&#8221;no-repeat&#8221; bg_stretch=&#8221;true&#8221; speed_factor=&#8221;0.8&#8243; video_loop=&#8221;false&#8221; video_color_mask=&#8221;#ffffff&#8221; video_opacity=&#8221;0.9&#8243; padding_top=&#8221;0&#8243; padding_bottom=&#8221;0&#8243; top_shape_color=&#8221;#ffffff&#8221; bottom_shape_color=&#8221;#ffffff&#8221; sidebar=&#8221;sidebar-1&#8243;][vc_column][mk_padding_divider size=&#8221;30&#8243;][mk_fancy_title color=&#8221;#345d7e&#8221; size=&#8221;60&#8243; force_font_size=&#8221;true&#8221; size_phone=&#8221;50&#8243; line_height=&#8221;101&#8243; txt_transform=&#8221;uppercase&#8221; margin_bottom=&#8221;0&#8243; font_family=&#8221;none&#8221; align=&#8221;center&#8221; animation=&#8221;bottom-to-top&#8221; el_class=&#8221;sectionTitles&#8221;]CONSULTATION DES CLUBS EUROP\u00c9ENS DE FOOTBALL EN AM\u00c9RIQUE DU SUD[\/mk_fancy_title][mk_padding_divider size=&#8221;30&#8243;][vc_video link=&#8221;https:\/\/youtu.be\/G11pPg55Cdk&#8221;][vc_row_inner][vc_column_inner][vc_column_text] &nbsp; Holding S. [&hellip;]<\/p>\n","protected":false},"author":2,"featured_media":0,"parent":0,"menu_order":0,"comment_status":"closed","ping_status":"closed","template":"","meta":{"footnotes":""},"class_list":["post-1737","page","type-page","status-publish","hentry"],"aioseo_notices":[],"_links":{"self":[{"href":"https:\/\/holdingsa.com\/fr\/wp-json\/wp\/v2\/pages\/1737","targetHints":{"allow":["GET"]}}],"collection":[{"href":"https:\/\/holdingsa.com\/fr\/wp-json\/wp\/v2\/pages"}],"about":[{"href":"https:\/\/holdingsa.com\/fr\/wp-json\/wp\/v2\/types\/page"}],"author":[{"embeddable":true,"href":"https:\/\/holdingsa.com\/fr\/wp-json\/wp\/v2\/users\/2"}],"replies":[{"embeddable":true,"href":"https:\/\/holdingsa.com\/fr\/wp-json\/wp\/v2\/comments?post=1737"}],"version-history":[{"count":17,"href":"https:\/\/holdingsa.com\/fr\/wp-json\/wp\/v2\/pages\/1737\/revisions"}],"predecessor-version":[{"id":3622,"href":"https:\/\/holdingsa.com\/fr\/wp-json\/wp\/v2\/pages\/1737\/revisions\/3622"}],"wp:attachment":[{"href":"https:\/\/holdingsa.com\/fr\/wp-json\/wp\/v2\/media?parent=1737"}],"curies":[{"name":"wp","href":"https:\/\/api.w.org\/{rel}","templated":true}]}}