{"id":1720,"date":"2017-04-22T04:45:24","date_gmt":"2017-04-22T04:45:24","guid":{"rendered":"http:\/\/holdingsa.com\/fr\/?page_id=1720"},"modified":"2018-09-17T22:28:44","modified_gmt":"2018-09-17T22:28:44","slug":"gestion","status":"publish","type":"page","link":"https:\/\/holdingsa.com\/fr\/gestion\/","title":{"rendered":"GESTION"},"content":{"rendered":"[mk_page_section bg_image=&#8221;http:\/\/eadesign.art.br\/holdingsports\/wp-content\/uploads\/2015\/10\/slider-e1445958389451.jpg&#8221; attachment=&#8221;fixed&#8221; bg_position=&#8221;center top&#8221; bg_repeat=&#8221;no-repeat&#8221; bg_stretch=&#8221;true&#8221; enable_3d=&#8221;true&#8221; speed_factor=&#8221;0.8&#8243; video_mask=&#8221;true&#8221; video_opacity=&#8221;0.8&#8243; min_height=&#8221;500&#8243; full_width=&#8221;true&#8221; padding_top=&#8221;0&#8243; padding_bottom=&#8221;48&#8243; top_shape_color=&#8221;#ffffff&#8221; bottom_shape_color=&#8221;#ffffff&#8221; sidebar=&#8221;sidebar-1&#8243;][vc_column][vc_row_inner css=&#8221;.vc_custom_1490638235020{background-position: 0 0 !important;background-repeat: repeat !important;}&#8221;][vc_column_inner][mk_padding_divider size=&#8221;330&#8243;][mk_fancy_title color=&#8221;#345d7e&#8221; size=&#8221;60&#8243; force_font_size=&#8221;true&#8221; size_phone=&#8221;50&#8243; line_height=&#8221;101&#8243; margin_top=&#8221;30&#8243; margin_bottom=&#8221;30&#8243; font_family=&#8221;none&#8221; align=&#8221;center&#8221; el_class=&#8221;sectionTitles&#8221;]<span style=\"color: #ffffff;\">GESTION<\/span>[\/mk_fancy_title][mk_padding_divider size=&#8221;20&#8243;][\/vc_column_inner][\/vc_row_inner][\/vc_column][\/mk_page_section][mk_page_section bg_image=&#8221;http:\/\/eadesign.art.br\/holdingsports\/wp-content\/uploads\/2015\/10\/Layer-2-1.jpg&#8221; bg_color=&#8221;#ffffff&#8221; blend_mode=&#8221;luminosity&#8221; bg_position=&#8221;center top&#8221; bg_repeat=&#8221;no-repeat&#8221; bg_stretch=&#8221;true&#8221; enable_3d=&#8221;true&#8221; speed_factor=&#8221;0.2&#8243; video_loop=&#8221;false&#8221; video_mask=&#8221;true&#8221; video_color_mask=&#8221;#ffffff&#8221; video_opacity=&#8221;0.9&#8243; min_height=&#8221;500&#8243; padding_top=&#8221;0&#8243; padding_bottom=&#8221;0&#8243; top_shape_color=&#8221;#ffffff&#8221; bottom_shape_color=&#8221;#ffffff&#8221; sidebar=&#8221;sidebar-1&#8243;][vc_column width=&#8221;1\/4&#8243;][mk_padding_divider size=&#8221;70&#8243;][vc_column_text]<a href=\"http:\/\/holdingsa.com\/wp-content\/uploads\/2017\/03\/trofeu-holding-sports1.png\"><img loading=\"lazy\" decoding=\"async\" class=\"alignnone size-medium wp-image-1297\" src=\"http:\/\/holdingsa.com\/wp-content\/uploads\/2017\/03\/trofeu-holding-sports1-209x300.png\" alt=\"\" width=\"209\" height=\"300\" srcset=\"https:\/\/holdingsa.com\/wp-content\/uploads\/2017\/03\/trofeu-holding-sports1-209x300.png 209w, https:\/\/holdingsa.com\/wp-content\/uploads\/2017\/03\/trofeu-holding-sports1.png 384w\" sizes=\"auto, (max-width: 209px) 85vw, 209px\" \/><\/a>[\/vc_column_text][\/vc_column][vc_column width=&#8221;3\/4&#8243;][mk_padding_divider size=&#8221;80&#8243;][mk_fancy_title color=&#8221;#345d7e&#8221; size=&#8221;48&#8243; force_font_size=&#8221;true&#8221; size_phone=&#8221;50&#8243; line_height=&#8221;101&#8243; margin_top=&#8221;30&#8243; font_family=&#8221;none&#8221; animation=&#8221;bottom-to-top&#8221; el_class=&#8221;sectionTitles&#8221;]<span style=\"color: #ffffff;\"><span style=\"color: #fe8800;\"><span style=\"color: #000080;\">HOLDING<\/span><span style=\"color: #ff6600;\">\u00a0<\/span><\/span><span style=\"color: #232a50;\"><span style=\"color: #ff6600;\">SPORTS<\/span> <span style=\"color: #000080;\">SOCCER<span style=\"color: #ff6600;\"> ASESOR\u00cdA<\/span><\/span><\/span><\/span>[\/mk_fancy_title][mk_padding_divider size=&#8221;50&#8243;][vc_column_text]<strong>Holding S. S. Asesor\u00eda<\/strong> offre un service personnalis\u00e9, exclusif et complet de conseil et de gestion.<\/p>\n<p>Notre performance efficace est le r\u00e9sultat d&#8217;une exp\u00e9rience large et coh\u00e9rente et d&#8217;une connaissance du march\u00e9 du football dans le monde entier.[\/vc_column_text][\/vc_column][\/mk_page_section][mk_page_section bg_image=&#8221;http:\/\/eadesign.art.br\/holdingsports\/wp-content\/uploads\/2015\/10\/Layer-4.png&#8221; bg_color=&#8221;#232a50&#8243; blend_mode=&#8221;luminosity&#8221; bg_position=&#8221;center top&#8221; bg_repeat=&#8221;no-repeat&#8221; bg_stretch=&#8221;true&#8221; enable_3d=&#8221;true&#8221; speed_factor=&#8221;0.2&#8243; video_loop=&#8221;false&#8221; video_mask=&#8221;true&#8221; video_color_mask=&#8221;#232a50&#8243; video_opacity=&#8221;0.9&#8243; min_height=&#8221;450&#8243; padding_top=&#8221;0&#8243; padding_bottom=&#8221;0&#8243; top_shape_color=&#8221;#ffffff&#8221; bottom_shape_color=&#8221;#ffffff&#8221; sidebar=&#8221;sidebar-1&#8243;][vc_column][vc_row_inner][vc_column_inner width=&#8221;2\/3&#8243;][mk_padding_divider size=&#8221;80&#8243;][mk_fancy_title color=&#8221;#345d7e&#8221; size=&#8221;48&#8243; force_font_size=&#8221;true&#8221; size_phone=&#8221;50&#8243; line_height=&#8221;101&#8243; margin_top=&#8221;30&#8243; font_family=&#8221;none&#8221; animation=&#8221;bottom-to-top&#8221; el_class=&#8221;sectionTitles&#8221;]\n<p style=\"text-align: center;\"><span style=\"color: #ffffff;\"><span style=\"color: #fe8800;\">SANTIAGO<\/span> GERARDO<\/span><\/p>\n[\/mk_fancy_title][mk_padding_divider size=&#8221;50&#8243;][vc_column_text]<span style=\"color: #ffffff;\">Espagnol, avec une grande exp\u00e9rience dans le football international.<\/span><\/p>\n<p><span style=\"color: #ffffff;\">Il a d\u00e9but\u00e9 en tant que joueur professionnel \u00e0 l&#8217;Atl\u00e9tico de Madrid, \u00e0 Betis, \u00e0 Getafe, \u00e0 Rayo Vallecano et est ensuite devenu pr\u00e9sident de club. Il d\u00e9tient \u00e9galement le titre d&#8217;entra\u00eeneur espagnol et de management sportif international.<\/span><\/p>\n<p><span style=\"color: #ffffff;\">Connaissance approfondie des march\u00e9s europ\u00e9ens et sud-am\u00e9ricains. Accumulez des connaissances gr\u00e2ce \u00e0 son pass\u00e9 dans toutes les \u00e9tapes du football, avec une longue histoire de n\u00e9gociations r\u00e9ussies!<\/span><\/p>\n<p><span style=\"color: #ffffff;\">Pr\u00e9sident de Holding Asesor\u00eda, il est aujourd&#8217;hui consultant en sport international. C&#8217;est lui qui n\u00e9gocie personnellement toutes les op\u00e9rations pour la confiance, l&#8217;exp\u00e9rience et le professionnalisme dont il traite tous les pr\u00e9sidents, agissant toujours avec une grande transparence et furtivit\u00e9.<\/span>[\/vc_column_text][\/vc_column_inner][vc_column_inner width=&#8221;1\/3&#8243;][mk_padding_divider size=&#8221;100&#8243;][vc_column_text]<a href=\"http:\/\/holdingsa.com\/wp-content\/uploads\/2017\/04\/Foto-SG.jpg\"><img loading=\"lazy\" decoding=\"async\" class=\"aligncenter wp-image-2351 size-medium\" src=\"http:\/\/holdingsa.com\/wp-content\/uploads\/2017\/04\/Foto-SG-300x225.jpg\" alt=\"\" width=\"300\" height=\"225\" srcset=\"https:\/\/holdingsa.com\/wp-content\/uploads\/2017\/04\/Foto-SG-300x225.jpg 300w, https:\/\/holdingsa.com\/wp-content\/uploads\/2017\/04\/Foto-SG-1024x768.jpg 1024w, https:\/\/holdingsa.com\/wp-content\/uploads\/2017\/04\/Foto-SG.jpg 1280w\" sizes=\"auto, (max-width: 300px) 85vw, 300px\" \/><\/a><\/p>\n<p style=\"text-align: center;\"><a href=\"http:\/\/holdingsa.com\/wp-content\/uploads\/2018\/09\/Mosaico-Santiago-2018-09-14-redimensionado.png\"><img loading=\"lazy\" decoding=\"async\" class=\"alignnone size-medium wp-image-3114\" src=\"http:\/\/holdingsa.com\/wp-content\/uploads\/2018\/09\/Mosaico-Santiago-2018-09-14-redimensionado-300x241.png\" alt=\"\" width=\"300\" height=\"241\" srcset=\"https:\/\/holdingsa.com\/wp-content\/uploads\/2018\/09\/Mosaico-Santiago-2018-09-14-redimensionado-300x241.png 300w, https:\/\/holdingsa.com\/wp-content\/uploads\/2018\/09\/Mosaico-Santiago-2018-09-14-redimensionado-768x616.png 768w, https:\/\/holdingsa.com\/wp-content\/uploads\/2018\/09\/Mosaico-Santiago-2018-09-14-redimensionado.png 799w\" sizes=\"auto, (max-width: 300px) 85vw, 300px\" \/><\/a><\/p>\n[\/vc_column_text][\/vc_column_inner][\/vc_row_inner][\/vc_column][\/mk_page_section][mk_page_section bg_image=&#8221;http:\/\/eadesign.art.br\/holdingsports\/wp-content\/uploads\/2015\/12\/section-sports.jpg&#8221; bg_color=&#8221;#ffffff&#8221; blend_mode=&#8221;luminosity&#8221; bg_position=&#8221;center top&#8221; bg_repeat=&#8221;no-repeat&#8221; bg_stretch=&#8221;true&#8221; enable_3d=&#8221;true&#8221; speed_factor=&#8221;0.2&#8243; video_loop=&#8221;false&#8221; video_mask=&#8221;true&#8221; video_color_mask=&#8221;#ffffff&#8221; video_opacity=&#8221;0.9&#8243; min_height=&#8221;450&#8243; padding_top=&#8221;0&#8243; padding_bottom=&#8221;0&#8243; top_shape_color=&#8221;#ffffff&#8221; bottom_shape_color=&#8221;#ffffff&#8221; sidebar=&#8221;sidebar-1&#8243;][vc_column width=&#8221;1\/4&#8243;][mk_padding_divider size=&#8221;130&#8243;][vc_column_text]<a href=\"http:\/\/holdingsa.com\/wp-content\/uploads\/2017\/04\/Foto-AC-4.jpg\"><img loading=\"lazy\" decoding=\"async\" class=\"alignnone size-full wp-image-2353\" src=\"http:\/\/holdingsa.com\/wp-content\/uploads\/2017\/04\/Foto-AC-4.jpg\" alt=\"Foto AC 4\" width=\"235\" height=\"247\" srcset=\"https:\/\/holdingsa.com\/wp-content\/uploads\/2017\/04\/Foto-AC-4.jpg 235w, https:\/\/holdingsa.com\/wp-content\/uploads\/2017\/04\/Foto-AC-4-26x26.jpg 26w, https:\/\/holdingsa.com\/wp-content\/uploads\/2017\/04\/Foto-AC-4-24x24.jpg 24w, https:\/\/holdingsa.com\/wp-content\/uploads\/2017\/04\/Foto-AC-4-18x18.jpg 18w, https:\/\/holdingsa.com\/wp-content\/uploads\/2017\/04\/Foto-AC-4-600x630.jpg 600w\" sizes=\"auto, (max-width: 235px) 85vw, 235px\" \/><\/a>[\/vc_column_text][mk_padding_divider size=&#8221;70&#8243;][\/vc_column][vc_column width=&#8221;3\/4&#8243;][mk_padding_divider size=&#8221;100&#8243;][mk_fancy_title color=&#8221;#345d7e&#8221; size=&#8221;48&#8243; force_font_size=&#8221;true&#8221; size_phone=&#8221;50&#8243; line_height=&#8221;101&#8243; margin_top=&#8221;30&#8243; font_family=&#8221;none&#8221; animation=&#8221;bottom-to-top&#8221; el_class=&#8221;sectionTitles&#8221;]<span style=\"color: #ffffff;\"><span style=\"color: #000080;\">ANNA\u00a0<\/span><span style=\"color: #fe8800;\"><span style=\"color: #000080;\">CATHARINA<\/span> MARINS<\/span><\/span>[\/mk_fancy_title][mk_padding_divider size=&#8221;50&#8243;][vc_column_text]<strong>DIRECTEUR EX\u00c9CUTIF AM\u00c9RIQUE DU SUD<\/strong> &#8211; Administrateur, avec plus de 25 ans d&#8217;exp\u00e9rience dans la direction de soci\u00e9t\u00e9s nationales et multinationales, dans diff\u00e9rents segments. Exp\u00e9rience dans les domaines des ressources humaines, des projets strat\u00e9giques, des processus de fusions et d&#8217;acquisitions et de l&#8217;expansion des affaires. Master en ressources humaines et MBA en marketing, d\u00e9termin\u00e9 \u00e0 surmonter les r\u00e9sultats et \u00e0 r\u00e9soudre les probl\u00e8mes. Poss\u00e8de une facilit\u00e9 de relation interpersonnelle et de communication, \u00e0 tous les niveaux hi\u00e9rarchiques et dans diff\u00e9rentes cultures.[\/vc_column_text][mk_padding_divider size=&#8221;30&#8243;][\/vc_column][\/mk_page_section][mk_page_section bg_image=&#8221;http:\/\/eadesign.art.br\/holdingsports\/wp-content\/uploads\/2015\/12\/stadium-soccer.jpg&#8221; bg_color=&#8221;#232a50&#8243; blend_mode=&#8221;luminosity&#8221; bg_position=&#8221;center top&#8221; bg_repeat=&#8221;no-repeat&#8221; bg_stretch=&#8221;true&#8221; enable_3d=&#8221;true&#8221; speed_factor=&#8221;0.2&#8243; video_color_mask=&#8221;#232a50&#8243; video_opacity=&#8221;0.9&#8243; min_height=&#8221;450&#8243; padding_top=&#8221;0&#8243; padding_bottom=&#8221;0&#8243; top_shape_color=&#8221;#ffffff&#8221; bottom_shape_color=&#8221;#ffffff&#8221; sidebar=&#8221;sidebar-1&#8243;][vc_column][vc_row_inner][vc_column_inner width=&#8221;2\/3&#8243;][mk_padding_divider size=&#8221;71&#8243;][mk_fancy_title color=&#8221;#345d7e&#8221; size=&#8221;48&#8243; force_font_size=&#8221;true&#8221; size_phone=&#8221;50&#8243; line_height=&#8221;101&#8243; margin_top=&#8221;30&#8243; font_family=&#8221;none&#8221; animation=&#8221;bottom-to-top&#8221; el_class=&#8221;sectionTitles&#8221;]<span style=\"color: #ffffff;\"><span style=\"color: #fe8800;\">SANTIAGO<\/span> CUERVO<\/span>[\/mk_fancy_title][mk_padding_divider size=&#8221;50&#8243;][vc_column_text]<span style=\"color: #ffffff;\">DIRECTEUR EX\u00c9CUTIF EUROPEEN &#8211; Responsable de la planification strat\u00e9gique et le d\u00e9veloppement de nouvelles technologies. Cernera les possibilit\u00e9s commerciales, toujours d\u00e9termin\u00e9s \u00e0 l&#8217;innovation, travaillant dans le domaine de la R &amp; D (Recherche et d\u00e9veloppement). Il poss\u00e8de une vaste exp\u00e9rience dans le monde du football, contr\u00f4le les activit\u00e9s de l&#8217;entreprise dans les diff\u00e9rents march\u00e9s en Europe.<\/span>[\/vc_column_text][\/vc_column_inner][vc_column_inner width=&#8221;1\/3&#8243;][mk_padding_divider size=&#8221;100&#8243;][vc_column_text]<a href=\"http:\/\/holdingsa.com\/wp-content\/uploads\/2017\/04\/Foto-Santi.jpg\"><img loading=\"lazy\" decoding=\"async\" class=\"alignnone size-medium wp-image-2354\" src=\"http:\/\/holdingsa.com\/wp-content\/uploads\/2017\/04\/Foto-Santi-251x300.jpg\" alt=\"Foto Santi\" width=\"251\" height=\"300\" srcset=\"https:\/\/holdingsa.com\/wp-content\/uploads\/2017\/04\/Foto-Santi-251x300.jpg 251w, https:\/\/holdingsa.com\/wp-content\/uploads\/2017\/04\/Foto-Santi-600x715.jpg 600w, https:\/\/holdingsa.com\/wp-content\/uploads\/2017\/04\/Foto-Santi.jpg 295w\" sizes=\"auto, (max-width: 251px) 85vw, 251px\" \/><\/a>[\/vc_column_text][\/vc_column_inner][\/vc_row_inner][\/vc_column][\/mk_page_section][mk_page_section bg_image=&#8221;http:\/\/eadesign.art.br\/holdingsports\/wp-content\/uploads\/2015\/10\/the-ball-488700_1920-e1445615362721-blackwhite-1.jpg&#8221; bg_color=&#8221;#ffffff&#8221; blend_mode=&#8221;luminosity&#8221; bg_position=&#8221;center top&#8221; bg_repeat=&#8221;no-repeat&#8221; bg_stretch=&#8221;true&#8221; enable_3d=&#8221;true&#8221; speed_factor=&#8221;0.2&#8243; video_loop=&#8221;false&#8221; video_mask=&#8221;true&#8221; video_color_mask=&#8221;#ffffff&#8221; video_opacity=&#8221;0.9&#8243; min_height=&#8221;450&#8243; padding_top=&#8221;0&#8243; padding_bottom=&#8221;0&#8243; top_shape_color=&#8221;#ffffff&#8221; bottom_shape_color=&#8221;#ffffff&#8221; sidebar=&#8221;sidebar-1&#8243;][vc_column width=&#8221;1\/4&#8243;][mk_padding_divider size=&#8221;100&#8243;][vc_column_text][\/vc_column_text][\/vc_column][vc_column width=&#8221;3\/4&#8243;][mk_padding_divider size=&#8221;70&#8243;][mk_fancy_title color=&#8221;#345d7e&#8221; size=&#8221;48&#8243; force_font_size=&#8221;true&#8221; size_phone=&#8221;50&#8243; line_height=&#8221;101&#8243; margin_top=&#8221;30&#8243; font_family=&#8221;none&#8221; animation=&#8221;bottom-to-top&#8221; el_class=&#8221;sectionTitles&#8221;][\/mk_fancy_title][mk_padding_divider size=&#8221;30&#8243;][vc_column_text][\/vc_column_text][mk_padding_divider size=&#8221;50&#8243;][\/vc_column][\/mk_page_section]\n","protected":false},"excerpt":{"rendered":"<p>[mk_page_section bg_image=&#8221;http:\/\/eadesign.art.br\/holdingsports\/wp-content\/uploads\/2015\/10\/slider-e1445958389451.jpg&#8221; attachment=&#8221;fixed&#8221; bg_position=&#8221;center top&#8221; bg_repeat=&#8221;no-repeat&#8221; bg_stretch=&#8221;true&#8221; enable_3d=&#8221;true&#8221; speed_factor=&#8221;0.8&#8243; video_mask=&#8221;true&#8221; video_opacity=&#8221;0.8&#8243; min_height=&#8221;500&#8243; full_width=&#8221;true&#8221; padding_top=&#8221;0&#8243; padding_bottom=&#8221;48&#8243; top_shape_color=&#8221;#ffffff&#8221; bottom_shape_color=&#8221;#ffffff&#8221; sidebar=&#8221;sidebar-1&#8243;][vc_column][vc_row_inner css=&#8221;.vc_custom_1490638235020{background-position: 0 0 !important;background-repeat: repeat !important;}&#8221;][vc_column_inner][mk_padding_divider size=&#8221;330&#8243;][mk_fancy_title color=&#8221;#345d7e&#8221; size=&#8221;60&#8243; force_font_size=&#8221;true&#8221; size_phone=&#8221;50&#8243; line_height=&#8221;101&#8243; margin_top=&#8221;30&#8243; margin_bottom=&#8221;30&#8243; font_family=&#8221;none&#8221; align=&#8221;center&#8221; el_class=&#8221;sectionTitles&#8221;]GESTION[\/mk_fancy_title][mk_padding_divider size=&#8221;20&#8243;][\/vc_column_inner][\/vc_row_inner][\/vc_column][\/mk_page_section][mk_page_section bg_image=&#8221;http:\/\/eadesign.art.br\/holdingsports\/wp-content\/uploads\/2015\/10\/Layer-2-1.jpg&#8221; bg_color=&#8221;#ffffff&#8221; blend_mode=&#8221;luminosity&#8221; bg_position=&#8221;center top&#8221; bg_repeat=&#8221;no-repeat&#8221; bg_stretch=&#8221;true&#8221; enable_3d=&#8221;true&#8221; speed_factor=&#8221;0.2&#8243; video_loop=&#8221;false&#8221; video_mask=&#8221;true&#8221; video_color_mask=&#8221;#ffffff&#8221; video_opacity=&#8221;0.9&#8243; min_height=&#8221;500&#8243; padding_top=&#8221;0&#8243; padding_bottom=&#8221;0&#8243; top_shape_color=&#8221;#ffffff&#8221; bottom_shape_color=&#8221;#ffffff&#8221; sidebar=&#8221;sidebar-1&#8243;][vc_column [&hellip;]<\/p>\n","protected":false},"author":2,"featured_media":0,"parent":0,"menu_order":0,"comment_status":"closed","ping_status":"closed","template":"","meta":{"footnotes":""},"class_list":["post-1720","page","type-page","status-publish","hentry"],"aioseo_notices":[],"_links":{"self":[{"href":"https:\/\/holdingsa.com\/fr\/wp-json\/wp\/v2\/pages\/1720","targetHints":{"allow":["GET"]}}],"collection":[{"href":"https:\/\/holdingsa.com\/fr\/wp-json\/wp\/v2\/pages"}],"about":[{"href":"https:\/\/holdingsa.com\/fr\/wp-json\/wp\/v2\/types\/page"}],"author":[{"embeddable":true,"href":"https:\/\/holdingsa.com\/fr\/wp-json\/wp\/v2\/users\/2"}],"replies":[{"embeddable":true,"href":"https:\/\/holdingsa.com\/fr\/wp-json\/wp\/v2\/comments?post=1720"}],"version-history":[{"count":16,"href":"https:\/\/holdingsa.com\/fr\/wp-json\/wp\/v2\/pages\/1720\/revisions"}],"predecessor-version":[{"id":3158,"href":"https:\/\/holdingsa.com\/fr\/wp-json\/wp\/v2\/pages\/1720\/revisions\/3158"}],"wp:attachment":[{"href":"https:\/\/holdingsa.com\/fr\/wp-json\/wp\/v2\/media?parent=1720"}],"curies":[{"name":"wp","href":"https:\/\/api.w.org\/{rel}","templated":true}]}}