{"id":2265,"date":"2017-05-19T15:47:12","date_gmt":"2017-05-19T15:47:12","guid":{"rendered":"http:\/\/holdingsa.com\/en\/?page_id=2265"},"modified":"2019-05-08T02:02:25","modified_gmt":"2019-05-08T02:02:25","slug":"work-with-us","status":"publish","type":"page","link":"https:\/\/holdingsa.com\/en\/work-with-us\/","title":{"rendered":"work with us"},"content":{"rendered":"[mk_page_section bg_image=&#8221;http:\/\/holdingsa.com\/wp-content\/uploads\/2018\/09\/Slide63.jpg&#8221; attachment=&#8221;fixed&#8221; bg_position=&#8221;center top&#8221; bg_repeat=&#8221;no-repeat&#8221; bg_stretch=&#8221;true&#8221; enable_3d=&#8221;true&#8221; speed_factor=&#8221;0.8&#8243; video_loop=&#8221;false&#8221; video_mask=&#8221;true&#8221; min_height=&#8221;500&#8243; full_width=&#8221;true&#8221; padding_top=&#8221;0&#8243; padding_bottom=&#8221;48&#8243; top_shape_color=&#8221;#ffffff&#8221; bottom_shape_color=&#8221;#ffffff&#8221; sidebar=&#8221;sidebar-1&#8243;][vc_column][vc_row_inner css=&#8221;.vc_custom_1490638201073{background-position: 0 0 !important;background-repeat: repeat !important;}&#8221;][vc_column_inner][mk_padding_divider size=&#8221;330&#8243;][mk_fancy_title size=&#8221;60&#8243; force_font_size=&#8221;true&#8221; txt_transform=&#8221;uppercase&#8221; font_family=&#8221;none&#8221; align=&#8221;center&#8221;]<span style=\"color: #f9875b;\"><span style=\"color: #ffffff;\"><br \/>\nwork with US<\/span><\/span>[\/mk_fancy_title][mk_padding_divider size=&#8221;20&#8243; visibility=&#8221;visible-dt&#8221;][\/vc_column_inner][\/vc_row_inner][\/vc_column][\/mk_page_section][mk_page_section bg_image=&#8221;http:\/\/eadesign.art.br\/holdingsports\/wp-content\/uploads\/2015\/12\/section-fale-conosco.jpg&#8221; bg_color=&#8221;#ffffff&#8221; blend_mode=&#8221;multiply&#8221; bg_position=&#8221;center top&#8221; bg_stretch=&#8221;true&#8221; video_loop=&#8221;false&#8221; video_color_mask=&#8221;#ffffff&#8221; video_opacity=&#8221;0.9&#8243; min_height=&#8221;700&#8243; padding_top=&#8221;2&#8243; padding_bottom=&#8221;0&#8243; sidebar=&#8221;sidebar-1&#8243;][vc_column][mk_padding_divider size=&#8221;31&#8243;][vc_row_inner][vc_column_inner width=&#8221;1\/2&#8243;][mk_padding_divider size=&#8221;100&#8243;][mk_fancy_title tag_name=&#8221;h3&#8243; color=&#8221;#232a50&#8243; size=&#8221;40&#8243; force_font_size=&#8221;true&#8221; size_phone=&#8221;30&#8243; line_height=&#8221;101&#8243; txt_transform=&#8221;capitalize&#8221; margin_bottom=&#8221;0&#8243; font_family=&#8221;none&#8221; el_class=&#8221;sectionTitles&#8221;]TALK TO OUR TEAM[\/mk_fancy_title][mk_divider style=&#8221;thin_solid&#8221; divider_width=&#8221;custom_width&#8221; custom_width=&#8221;60&#8243; align=&#8221;left&#8221; thickness=&#8221;4&#8243; margin_bottom=&#8221;0&#8243;][mk_padding_divider size=&#8221;31&#8243;][vc_column_text]<div class=\"frm_forms  with_frm_style frm_style_formidable-style\" id=\"frm_form_13_container\" >\n<form enctype=\"multipart\/form-data\" method=\"post\" class=\"frm-show-form \" id=\"form_d38kx2233\" >\n<div class=\"frm_form_fields \">\n<fieldset>\n<legend class=\"frm_hidden\">FORMUL\u00c1RIO TRABALHE CONOSCO (INGL\u00caS)<\/legend>\r\n\r\n<div class=\"frm_fields_container\">\n<input type=\"hidden\" name=\"frm_action\" value=\"create\" \/>\n<input type=\"hidden\" name=\"form_id\" value=\"13\" \/>\n<input type=\"hidden\" name=\"frm_hide_fields_13\" id=\"frm_hide_fields_13\" value=\"\" \/>\n<input type=\"hidden\" name=\"form_key\" value=\"d38kx2233\" \/>\n<input type=\"hidden\" name=\"item_meta[0]\" value=\"\" \/>\n<input type=\"hidden\" id=\"frm_submit_entry_13\" name=\"frm_submit_entry_13\" value=\"79f842e906\" \/><input type=\"hidden\" name=\"_wp_http_referer\" value=\"\/en\/wp-json\/wp\/v2\/pages\/2265\" \/><div id=\"frm_field_68_container\" class=\"frm_form_field form-field  frm_required_field frm_top_container\">\r\n    <label for=\"field_jd6wl353\" class=\"frm_primary_label\">NAME\r\n        <span class=\"frm_required\">*<\/span>\r\n    <\/label>\r\n    <input type=\"text\" id=\"field_jd6wl353\" name=\"item_meta[68]\" value=\"\"  data-reqmsg=\"Esse campo n\u00e3o pode ser em branco.\" aria-required=\"true\" data-invmsg=\"NAME is invalid\" aria-invalid=\"false\"  \/>\r\n    \r\n    \r\n<\/div>\n<div id=\"frm_field_69_container\" class=\"frm_form_field form-field  frm_required_field frm_top_container\">\r\n    <label for=\"field_fnee8353\" class=\"frm_primary_label\">PHONE\r\n        <span class=\"frm_required\">*<\/span>\r\n    <\/label>\r\n    <input type=\"text\" id=\"field_fnee8353\" name=\"item_meta[69]\" value=\"\"  data-reqmsg=\"Esse campo n\u00e3o pode ser em branco.\" aria-required=\"true\" data-invmsg=\"PHONE is invalid\" aria-invalid=\"false\"  \/>\r\n    \r\n    \r\n<\/div>\n<div id=\"frm_field_70_container\" class=\"frm_form_field form-field  frm_required_field frm_top_container\">\r\n    <label for=\"field_hwdel353\" class=\"frm_primary_label\">E-MAIL\r\n        <span class=\"frm_required\">*<\/span>\r\n    <\/label>\r\n    <input type=\"email\" id=\"field_hwdel353\" name=\"item_meta[70]\" value=\"\"  data-reqmsg=\"Esse campo n\u00e3o pode ser em branco.\" aria-required=\"true\" data-invmsg=\"E-MAIL \u00e9 inv\u00e1lido\" aria-invalid=\"false\"  \/>\r\n    \r\n    \r\n<\/div>\n<div id=\"frm_field_71_container\" class=\"frm_form_field form-field  frm_top_container\">\r\n    <label for=\"field_kfvat4\" class=\"frm_primary_label\">BE A SPORTS HOLDING\r\n        <span class=\"frm_required\"><\/span>\r\n    <\/label>\r\n    \t\t<select name=\"item_meta[71]\" id=\"field_kfvat4\"  data-invmsg=\"BE A SPORTS HOLDING is invalid\" aria-invalid=\"false\"  >\n\t\t<option  value=\"\" selected='selected'> <\/option><option  value=\"TALENTS\">TALENTS<\/option><option  value=\"PARTNERSHIPS\">PARTNERSHIPS<\/option><option  value=\"PLAYER\">PLAYER<\/option><option  value=\"COACH\">COACH<\/option>\t<\/select>\n\t\r\n    \r\n    \r\n<\/div>\n<div id=\"frm_field_72_container\" class=\"frm_form_field form-field  frm_top_container\">\r\n    <label for=\"field_3thx0353\" class=\"frm_primary_label\">SUBJECT MATTER\r\n        <span class=\"frm_required\"><\/span>\r\n    <\/label>\r\n    <input type=\"text\" id=\"field_3thx0353\" name=\"item_meta[72]\" value=\"\"  data-invmsg=\"SUBJECT MATTER is invalid\" aria-invalid=\"false\"  \/>\r\n    \r\n    \r\n<\/div>\n<div id=\"frm_field_73_container\" class=\"frm_form_field form-field  frm_top_container\">\r\n    <label for=\"field_egrfm53\" class=\"frm_primary_label\">SEND YOUR LINK OF VID\u00c9O\r\n        <span class=\"frm_required\"><\/span>\r\n    <\/label>\r\n    <input type=\"url\" id=\"field_egrfm53\" name=\"item_meta[73]\" value=\"\"  data-invmsg=\"ENVIE SEU LINK DE V\u00cdDEO OU SITE \u00e9 inv\u00e1lido\" aria-invalid=\"false\"  \/>\r\n    \r\n    \r\n<\/div>\n\t<input type=\"hidden\" name=\"item_key\" value=\"\" \/>\n\t\t\t<div id=\"frm_field_105_container\">\n\t\t\t<label for=\"field_cvw7m\" >\n\t\t\t\tIf you are human, leave this field blank.\t\t\t<\/label>\n\t\t\t<input  id=\"field_cvw7m\" type=\"text\" class=\"frm_form_field form-field frm_verify\" name=\"item_meta[105]\" value=\"\"  \/>\n\t\t<\/div>\n\t\t<input name=\"frm_state\" type=\"hidden\" value=\"o3LYPp0OQ1J6P8Td1ZkrRE5rmXzI7Br6i0nCi+lcWtQ=\" \/><div class=\"frm_submit\">\r\n\r\n<button class=\"frm_button_submit\" type=\"submit\"  >Enviar<\/button>\r\n\r\n<\/div><\/div>\n<\/fieldset>\n<\/div>\n\n<p style=\"display: none !important;\" class=\"akismet-fields-container\" data-prefix=\"ak_\"><label>&#916;<textarea name=\"ak_hp_textarea\" cols=\"45\" rows=\"8\" maxlength=\"100\"><\/textarea><\/label><input type=\"hidden\" id=\"ak_js_1\" name=\"ak_js\" value=\"184\"\/><script>document.getElementById( \"ak_js_1\" ).setAttribute( \"value\", ( new Date() ).getTime() );<\/script><\/p><\/form>\n<\/div>\n[\/vc_column_text][mk_padding_divider size=&#8221;60&#8243; visibility=&#8221;visible-sm&#8221;][\/vc_column_inner][vc_column_inner width=&#8221;1\/2&#8243;][mk_padding_divider size=&#8221;100&#8243;][mk_fancy_title tag_name=&#8221;h3&#8243; color=&#8221;#232a50&#8243; size=&#8221;40&#8243; force_font_size=&#8221;true&#8221; size_phone=&#8221;30&#8243; line_height=&#8221;101&#8243; txt_transform=&#8221;capitalize&#8221; margin_bottom=&#8221;0&#8243; font_family=&#8221;none&#8221; el_class=&#8221;sectionTitles&#8221;]CONTACT[\/mk_fancy_title][mk_divider style=&#8221;thin_solid&#8221; divider_width=&#8221;custom_width&#8221; custom_width=&#8221;60&#8243; align=&#8221;left&#8221; thickness=&#8221;4&#8243; margin_bottom=&#8221;0&#8243;][mk_padding_divider size=&#8221;31&#8243;][vc_column_text]<i class=\"mk-moon-office\"><\/i><span style=\"padding-left: 7px;\">HOLDING SPORTS SOCCER ASSESSORIA\u00a0<\/span><\/p>\n<p><a href=\"tel:5521982688686\">\u00a0+55 21 98268 8686 <\/a><\/p>\n<p><a href=\"tel:34616093410\"> +34 616 093 410<\/a><\/p>\n<p><i class=\"mk-icon-envelope\"><\/i><a href=\"mailto:holdingasesoria@holdingsa.com\"> holdingasesoria@holdingsa.com<\/a><\/p>\n<p><i class=\"mk-moon-skype\"><\/i><a href=\"skype:holdingsports?call\"> holdingsports<\/a>[\/vc_column_text][\/vc_column_inner][\/vc_row_inner][mk_padding_divider size=&#8221;80&#8243;][\/vc_column][\/mk_page_section][vc_row fullwidth=&#8221;true&#8221; equal_columns=&#8221;true&#8221;][vc_column][vc_gmaps link=&#8221;#E-8_JTNDaWZyYW1lJTIwc3JjJTNEJTIyaHR0cHMlM0ElMkYlMkZ3d3cuZ29vZ2xlLmNvbSUyRm1hcHMlMkZlbWJlZCUzRnBiJTNEJTIxMW0wJTIxM20yJTIxMXNwdC1CUiUyMTJzYnIlMjE0djE0OTA2NDg2MTY5OTklMjE2bTglMjExbTclMjExc0dOQ3pDNW5FUmRjVlR5aUljckt6UlElMjEybTIlMjExZC0yMy4wMTA5OTg1MTk3MzQzNCUyMTJkLTQzLjMyODk4MTcwNDUyMTE0JTIxM2YzMjkuOTY5NjExMjE0OTIxOSUyMTRmMjYuODAwNjkyMDU5MTcwNTMlMjE1ZjAuNDAwMDAwMDAwMDAwMDAwMiUyMiUyMHdpZHRoJTNEJTIyNjAwJTIyJTIwaGVpZ2h0JTNEJTIyNzAwJTIyJTIwZnJhbWVib3JkZXIlM0QlMjIwJTIyJTIwc3R5bGUlM0QlMjJib3JkZXIlM0EwJTIyJTIwYWxsb3dmdWxsc2NyZWVuJTNFJTNDJTJGaWZyYW1lJTNF&#8221;][\/vc_column][\/vc_row]\n","protected":false},"excerpt":{"rendered":"<p>[mk_page_section bg_image=&#8221;http:\/\/holdingsa.com\/wp-content\/uploads\/2018\/09\/Slide63.jpg&#8221; attachment=&#8221;fixed&#8221; bg_position=&#8221;center top&#8221; bg_repeat=&#8221;no-repeat&#8221; bg_stretch=&#8221;true&#8221; enable_3d=&#8221;true&#8221; speed_factor=&#8221;0.8&#8243; video_loop=&#8221;false&#8221; video_mask=&#8221;true&#8221; min_height=&#8221;500&#8243; full_width=&#8221;true&#8221; padding_top=&#8221;0&#8243; padding_bottom=&#8221;48&#8243; top_shape_color=&#8221;#ffffff&#8221; bottom_shape_color=&#8221;#ffffff&#8221; sidebar=&#8221;sidebar-1&#8243;][vc_column][vc_row_inner css=&#8221;.vc_custom_1490638201073{background-position: 0 0 !important;background-repeat: repeat !important;}&#8221;][vc_column_inner][mk_padding_divider size=&#8221;330&#8243;][mk_fancy_title size=&#8221;60&#8243; force_font_size=&#8221;true&#8221; txt_transform=&#8221;uppercase&#8221; font_family=&#8221;none&#8221; align=&#8221;center&#8221;] work with US[\/mk_fancy_title][mk_padding_divider size=&#8221;20&#8243; visibility=&#8221;visible-dt&#8221;][\/vc_column_inner][\/vc_row_inner][\/vc_column][\/mk_page_section][mk_page_section bg_image=&#8221;http:\/\/eadesign.art.br\/holdingsports\/wp-content\/uploads\/2015\/12\/section-fale-conosco.jpg&#8221; bg_color=&#8221;#ffffff&#8221; blend_mode=&#8221;multiply&#8221; bg_position=&#8221;center top&#8221; bg_stretch=&#8221;true&#8221; video_loop=&#8221;false&#8221; video_color_mask=&#8221;#ffffff&#8221; video_opacity=&#8221;0.9&#8243; min_height=&#8221;700&#8243; padding_top=&#8221;2&#8243; padding_bottom=&#8221;0&#8243; sidebar=&#8221;sidebar-1&#8243;][vc_column][mk_padding_divider size=&#8221;31&#8243;][vc_row_inner][vc_column_inner width=&#8221;1\/2&#8243;][mk_padding_divider size=&#8221;100&#8243;][mk_fancy_title tag_name=&#8221;h3&#8243; color=&#8221;#232a50&#8243; size=&#8221;40&#8243; force_font_size=&#8221;true&#8221; [&hellip;]<\/p>\n","protected":false},"author":2,"featured_media":0,"parent":0,"menu_order":0,"comment_status":"closed","ping_status":"closed","template":"","meta":{"footnotes":""},"class_list":["post-2265","page","type-page","status-publish","hentry"],"aioseo_notices":[],"_links":{"self":[{"href":"https:\/\/holdingsa.com\/en\/wp-json\/wp\/v2\/pages\/2265","targetHints":{"allow":["GET"]}}],"collection":[{"href":"https:\/\/holdingsa.com\/en\/wp-json\/wp\/v2\/pages"}],"about":[{"href":"https:\/\/holdingsa.com\/en\/wp-json\/wp\/v2\/types\/page"}],"author":[{"embeddable":true,"href":"https:\/\/holdingsa.com\/en\/wp-json\/wp\/v2\/users\/2"}],"replies":[{"embeddable":true,"href":"https:\/\/holdingsa.com\/en\/wp-json\/wp\/v2\/comments?post=2265"}],"version-history":[{"count":3,"href":"https:\/\/holdingsa.com\/en\/wp-json\/wp\/v2\/pages\/2265\/revisions"}],"predecessor-version":[{"id":3523,"href":"https:\/\/holdingsa.com\/en\/wp-json\/wp\/v2\/pages\/2265\/revisions\/3523"}],"wp:attachment":[{"href":"https:\/\/holdingsa.com\/en\/wp-json\/wp\/v2\/media?parent=2265"}],"curies":[{"name":"wp","href":"https:\/\/api.w.org\/{rel}","templated":true}]}}