{"id":1816,"date":"2017-04-22T19:31:15","date_gmt":"2017-04-22T19:31:15","guid":{"rendered":"http:\/\/holdingsa.com\/de\/?page_id=1816"},"modified":"2018-07-09T02:09:41","modified_gmt":"2018-07-09T02:09:41","slug":"unsere-dienstleistugen","status":"publish","type":"page","link":"https:\/\/holdingsa.com\/de\/unsere-dienstleistugen\/","title":{"rendered":"DIENSTLEISTUGEN"},"content":{"rendered":"[mk_page_section bg_image=&#8221;http:\/\/holdingsa.com\/wp-content\/uploads\/2015\/12\/3.jpg&#8221; blend_mode=&#8221;luminosity&#8221; attachment=&#8221;fixed&#8221; bg_position=&#8221;center top&#8221; bg_repeat=&#8221;no-repeat&#8221; bg_stretch=&#8221;true&#8221; enable_3d=&#8221;true&#8221; speed_factor=&#8221;0.8&#8243; video_mask=&#8221;true&#8221; min_height=&#8221;500&#8243; full_width=&#8221;true&#8221; padding_top=&#8221;0&#8243; padding_bottom=&#8221;48&#8243; top_shape_color=&#8221;#ffffff&#8221; bottom_shape_color=&#8221;#ffffff&#8221; sidebar=&#8221;sidebar-1&#8243;][vc_column][vc_row_inner css=&#8221;.vc_custom_1490638235020{background-position: 0 0 !important;background-repeat: repeat !important;}&#8221;][vc_column_inner][mk_padding_divider size=&#8221;330&#8243;][mk_fancy_title color=&#8221;#345d7e&#8221; size=&#8221;60&#8243; force_font_size=&#8221;true&#8221; size_phone=&#8221;50&#8243; line_height=&#8221;101&#8243; margin_top=&#8221;30&#8243; margin_bottom=&#8221;30&#8243; font_family=&#8221;none&#8221; align=&#8221;center&#8221; el_class=&#8221;sectionTitles&#8221;]<span style=\"color: #f9875b;\"><span style=\"color: #fe8800;\">DIENSTLEISTUGEN<\/span><\/span>[\/mk_fancy_title][mk_padding_divider size=&#8221;20&#8243;][\/vc_column_inner][\/vc_row_inner][\/vc_column][\/mk_page_section][vc_row][vc_column][mk_padding_divider size=&#8221;100&#8243;][vc_column_text align=&#8221;center&#8221;]\n<h2 style=\"text-align: center;\"><span style=\"color: #000080;\">WIR SIND DIE KOMPLETTE UND EXPERTEN BERATUNG VON INFORMATION, MANAGEMENT UND VERHANDLUNG, DAMIT SIE DIE BESTE ENTSCHEIDUNG OHNE VERSCHIEDENE VERSCHAFFUNG ERM\u00d6GLICHEN K\u00d6NNEN.<\/span><\/h2>\n[\/vc_column_text][mk_padding_divider size=&#8221;100&#8243;][\/vc_column][\/vc_row][mk_page_section bg_image=&#8221;http:\/\/holdingsa.com\/wp-content\/uploads\/2015\/12\/bola-de-fut.jpg&#8221; bg_color=&#8221;#fe8800&#8243; blend_mode=&#8221;soft-light&#8221; bg_position=&#8221;center top&#8221; bg_repeat=&#8221;no-repeat&#8221; bg_stretch=&#8221;true&#8221; enable_3d=&#8221;true&#8221; speed_factor=&#8221;0.2&#8243; video_color_mask=&#8221;rgba(254,136,0,0.8)&#8221; video_opacity=&#8221;1&#8243; min_height=&#8221;500&#8243; padding_top=&#8221;0&#8243; padding_bottom=&#8221;0&#8243; top_shape_color=&#8221;#ffffff&#8221; bottom_shape_color=&#8221;#ffffff&#8221; sidebar=&#8221;sidebar-1&#8243;][vc_column width=&#8221;1\/3&#8243;][mk_padding_divider size=&#8221;70&#8243;][vc_column_text]<a href=\"http:\/\/holdingsa.com\/wp-content\/uploads\/2018\/07\/Real-Madrid-Atl-Pr-e-Holding.jpg\"><img loading=\"lazy\" decoding=\"async\" class=\"aligncenter wp-image-2977\" src=\"http:\/\/holdingsa.com\/wp-content\/uploads\/2018\/07\/Real-Madrid-Atl-Pr-e-Holding-150x150.jpg\" alt=\"\" width=\"169\" height=\"170\" srcset=\"https:\/\/holdingsa.com\/wp-content\/uploads\/2018\/07\/Real-Madrid-Atl-Pr-e-Holding-150x150.jpg 150w, https:\/\/holdingsa.com\/wp-content\/uploads\/2018\/07\/Real-Madrid-Atl-Pr-e-Holding-300x300.jpg 300w, https:\/\/holdingsa.com\/wp-content\/uploads\/2018\/07\/Real-Madrid-Atl-Pr-e-Holding-768x772.jpg 768w, https:\/\/holdingsa.com\/wp-content\/uploads\/2018\/07\/Real-Madrid-Atl-Pr-e-Holding-1019x1024.jpg 1019w, https:\/\/holdingsa.com\/wp-content\/uploads\/2018\/07\/Real-Madrid-Atl-Pr-e-Holding-550x550.jpg 550w, https:\/\/holdingsa.com\/wp-content\/uploads\/2018\/07\/Real-Madrid-Atl-Pr-e-Holding-500x500.jpg 500w, https:\/\/holdingsa.com\/wp-content\/uploads\/2018\/07\/Real-Madrid-Atl-Pr-e-Holding-225x225.jpg 225w, https:\/\/holdingsa.com\/wp-content\/uploads\/2018\/07\/Real-Madrid-Atl-Pr-e-Holding-200x200.jpg 200w, https:\/\/holdingsa.com\/wp-content\/uploads\/2018\/07\/Real-Madrid-Atl-Pr-e-Holding-600x602.jpg 600w, https:\/\/holdingsa.com\/wp-content\/uploads\/2018\/07\/Real-Madrid-Atl-Pr-e-Holding-60x60.jpg 60w, https:\/\/holdingsa.com\/wp-content\/uploads\/2018\/07\/Real-Madrid-Atl-Pr-e-Holding.jpg 1281w\" sizes=\"auto, (max-width: 169px) 85vw, 169px\" \/><\/a><\/p>\n<p><a href=\"http:\/\/holdingsa.com\/wp-content\/uploads\/2015\/12\/Sr.-Santiago-03.jpg\"><img loading=\"lazy\" decoding=\"async\" class=\"aligncenter wp-image-2565\" src=\"http:\/\/holdingsa.com\/wp-content\/uploads\/2015\/12\/Sr.-Santiago-03-169x300.jpg\" alt=\"\" width=\"160\" height=\"285\" srcset=\"https:\/\/holdingsa.com\/wp-content\/uploads\/2015\/12\/Sr.-Santiago-03-169x300.jpg 169w, https:\/\/holdingsa.com\/wp-content\/uploads\/2015\/12\/Sr.-Santiago-03-575x1024.jpg 575w, https:\/\/holdingsa.com\/wp-content\/uploads\/2015\/12\/Sr.-Santiago-03-146x260.jpg 146w, https:\/\/holdingsa.com\/wp-content\/uploads\/2015\/12\/Sr.-Santiago-03.jpg 705w\" sizes=\"auto, (max-width: 160px) 85vw, 160px\" \/><\/a><\/p>\n<p><a href=\"http:\/\/holdingsa.com\/wp-content\/uploads\/2015\/12\/20170205_185622.jpg\"><img loading=\"lazy\" decoding=\"async\" class=\"aligncenter wp-image-2554\" src=\"http:\/\/holdingsa.com\/wp-content\/uploads\/2015\/12\/20170205_185622-300x169.jpg\" alt=\"\" width=\"250\" height=\"141\" srcset=\"https:\/\/holdingsa.com\/wp-content\/uploads\/2015\/12\/20170205_185622-300x169.jpg 300w, https:\/\/holdingsa.com\/wp-content\/uploads\/2015\/12\/20170205_185622-1024x576.jpg 1024w, https:\/\/holdingsa.com\/wp-content\/uploads\/2015\/12\/20170205_185622-330x186.jpg 330w\" sizes=\"auto, (max-width: 250px) 85vw, 250px\" \/><\/a>[\/vc_column_text][\/vc_column][vc_column width=&#8221;2\/3&#8243;][mk_padding_divider size=&#8221;70&#8243;][mk_fancy_title color=&#8221;#ffffff&#8221; size=&#8221;48&#8243; force_font_size=&#8221;true&#8221; size_phone=&#8221;50&#8243; line_height=&#8221;101&#8243; margin_bottom=&#8221;0&#8243; font_family=&#8221;none&#8221; el_class=&#8221;sectionTitles&#8221;]<span style=\"color: #000080;\">CLUB-BERATUNG<\/span>[\/mk_fancy_title][mk_padding_divider size=&#8221;50&#8243;][vc_column_text]<span style=\"color: #ffffff;\"><strong>Holding S. S. Asesor\u00eda<\/strong>, entsprechend Ihrer Ausrichtung und Ihren Bed\u00fcrfnissen, f\u00fchrt eine gr\u00fcndliche und personalisierte Analyse Ihres Clubs durch, um die besten Optionen von Spielern und Technikern zu bieten, die sich Ihren Bed\u00fcrfnissen und technischen, taktischen und wirtschaftlichen Richtlinien anpassen.<\/span><\/p>\n<p>&nbsp;<\/p>\n<p><span style=\"color: #ffffff;\">Zu unseren Dienstleistungen geh\u00f6ren:<\/span><\/p>\n<ul>\n<li><span style=\"color: #ffffff;\">Immer auf der Suche nach den besten Optionen und M\u00f6glichkeiten, die sich in S\u00fcdamerika, unvoreingenommen und professionell, herausstellen und die anderen Klubs mit Agilit\u00e4t, Beharrlichkeit und Diskretion vorwegnehmen.<\/span><\/li>\n<li><span style=\"color: #ffffff;\">Bauen Sie direkte und zuverl\u00e4ssige professionelle Beziehungen zwischen Ihrem Verein auf und treffen Sie Entscheidungen in s\u00fcdamerikanischen Clubs, da dies der schnellste und effektivste Weg ist, erfolgreiche Vereinbarungen zu treffen.<\/span><\/li>\n<li><span style=\"color: #ffffff;\">Teilen Sie privilegierte Informationen aus unserer exzellenten Datenbank und dem Performance-Analyse-Team.<\/span><\/li>\n<li><span style=\"color: #ffffff;\">Hilf dabei, deine weniger gebrauchten Spieler zu verlagern und nutze unsere Beziehungen und Anfragen aus anderen L\u00e4ndern.<\/span><\/li>\n<li><span style=\"color: #ffffff;\">Verwalten Sie Freundschafts- und Pre-Season-Turniere in verschiedenen L\u00e4ndern.<\/span><\/li>\n<\/ul>\n[\/vc_column_text][mk_padding_divider size=&#8221;80&#8243;][\/vc_column][\/mk_page_section][mk_page_section bg_image=&#8221;http:\/\/holdingsa.com\/wp-content\/uploads\/2015\/10\/soccer-263716_640.jpg&#8221; bg_color=&#8221;#ffffff&#8221; blend_mode=&#8221;luminosity&#8221; bg_position=&#8221;center top&#8221; bg_repeat=&#8221;no-repeat&#8221; bg_stretch=&#8221;true&#8221; enable_3d=&#8221;true&#8221; speed_factor=&#8221;0.2&#8243; video_mask=&#8221;true&#8221; video_color_mask=&#8221;#ffffff&#8221; video_opacity=&#8221;0.9&#8243; min_height=&#8221;450&#8243; padding_top=&#8221;0&#8243; padding_bottom=&#8221;0&#8243; top_shape_color=&#8221;#ffffff&#8221; bottom_shape_color=&#8221;#ffffff&#8221; sidebar=&#8221;sidebar-1&#8243;][vc_column width=&#8221;1\/4&#8243;][mk_padding_divider size=&#8221;70&#8243;][vc_column_text]\n<p>&nbsp;<\/p>\n<p><a href=\"http:\/\/holdingsa.com\/wp-content\/uploads\/2017\/04\/Paulo-Autuori-Coletiva.jpg\"><img loading=\"lazy\" decoding=\"async\" class=\"alignnone size-medium wp-image-2391\" src=\"http:\/\/holdingsa.com\/wp-content\/uploads\/2017\/04\/Paulo-Autuori-Coletiva-300x190.jpg\" alt=\"\" width=\"300\" height=\"190\" srcset=\"https:\/\/holdingsa.com\/wp-content\/uploads\/2017\/04\/Paulo-Autuori-Coletiva-300x190.jpg 300w, https:\/\/holdingsa.com\/wp-content\/uploads\/2017\/04\/Paulo-Autuori-Coletiva-1024x647.jpg 1024w, https:\/\/holdingsa.com\/wp-content\/uploads\/2017\/04\/Paulo-Autuori-Coletiva.jpg 1500w\" sizes=\"auto, (max-width: 300px) 85vw, 300px\" \/><\/a><\/p>\n<p>&nbsp;<\/p>\n<p><a href=\"http:\/\/holdingsa.com\/wp-content\/uploads\/2015\/12\/Luiz-Felipe.jpg\"><img loading=\"lazy\" decoding=\"async\" class=\"alignnone size-medium wp-image-2558\" src=\"http:\/\/holdingsa.com\/wp-content\/uploads\/2015\/12\/Luiz-Felipe-300x213.jpg\" alt=\"\" width=\"300\" height=\"213\" srcset=\"https:\/\/holdingsa.com\/wp-content\/uploads\/2015\/12\/Luiz-Felipe-300x213.jpg 300w, https:\/\/holdingsa.com\/wp-content\/uploads\/2015\/12\/Luiz-Felipe.jpg 308w\" sizes=\"auto, (max-width: 300px) 85vw, 300px\" \/><\/a>[\/vc_column_text][\/vc_column][vc_column width=&#8221;3\/4&#8243;][mk_padding_divider size=&#8221;70&#8243;][mk_fancy_title color=&#8221;#345d7e&#8221; size=&#8221;48&#8243; force_font_size=&#8221;true&#8221; size_phone=&#8221;50&#8243; line_height=&#8221;101&#8243; margin_bottom=&#8221;0&#8243; font_family=&#8221;none&#8221; animation=&#8221;bottom-to-top&#8221; el_class=&#8221;sectionTitles&#8221;]<span style=\"color: #000080;\">W\u00c4HLER,<\/span> <span style=\"color: #ffffff;\">COACH UND<\/span><span style=\"color: #ff6600;\"> SPIELER<\/span>[\/mk_fancy_title][mk_padding_divider size=&#8221;50&#8243;][vc_column_text]\n<p style=\"text-align: left;\"><img loading=\"lazy\" decoding=\"async\" class=\"borda alignright\" src=\"http:\/\/holdingsa.com\/wp-content\/uploads\/2015\/12\/Raul-Sergio-Ramos-Casillas-Gutti--300x214.jpg\" alt=\"Raul, Sergio Ramos, Casillas, Gutti\" width=\"300\" height=\"214\" \/><strong><br \/>\nHolding S. S. Asesor\u00eda <\/strong>Beratung von Beratern, Trainern und Spielern, die die beste und schnellste Anpassung an den internationalen Markt suchen und ihr pers\u00f6nliches, technisches, taktisches, logistisches und kulturelles Wissen \u00fcber jedes Land weitergeben.<\/p>\n<p>Es ist wichtig und grundlegend, sich der Anforderungen des Clubs durch seinen Pr\u00e4sidenten oder seinen technischen Sekret\u00e4r bewusst zu sein, um sie so effizient wie m\u00f6glich zu beraten und den gew\u00fcnschten Erfolg zu erzielen.[\/vc_column_text][mk_padding_divider size=&#8221;80&#8243;][\/vc_column][\/mk_page_section][mk_page_section bg_image=&#8221;http:\/\/holdingsa.com\/wp-content\/uploads\/2015\/12\/stadium-soccer.jpg&#8221; bg_color=&#8221;#fe8800&#8243; blend_mode=&#8221;soft-light&#8221; bg_position=&#8221;center top&#8221; bg_repeat=&#8221;no-repeat&#8221; bg_stretch=&#8221;true&#8221; enable_3d=&#8221;true&#8221; speed_factor=&#8221;0.2&#8243; video_color_mask=&#8221;rgba(254,136,0,0.8)&#8221; video_opacity=&#8221;0.9&#8243; min_height=&#8221;450&#8243; padding_top=&#8221;0&#8243; padding_bottom=&#8221;0&#8243; top_shape_color=&#8221;#ffffff&#8221; bottom_shape_color=&#8221;#ffffff&#8221; sidebar=&#8221;sidebar-1&#8243;][vc_column][vc_row_inner][vc_column_inner width=&#8221;1\/4&#8243;][mk_padding_divider size=&#8221;70&#8243;][vc_column_text]\n<p>&nbsp;<\/p>\n<p><a href=\"http:\/\/holdingsa.com\/wp-content\/uploads\/2015\/12\/Pele-2.png\">\u00a0<img loading=\"lazy\" decoding=\"async\" class=\"alignnone size-full wp-image-2560\" src=\"http:\/\/holdingsa.com\/wp-content\/uploads\/2015\/12\/Pele-2.png\" alt=\"\" width=\"357\" height=\"447\" srcset=\"https:\/\/holdingsa.com\/wp-content\/uploads\/2015\/12\/Pele-2.png 357w, https:\/\/holdingsa.com\/wp-content\/uploads\/2015\/12\/Pele-2-240x300.png 240w, https:\/\/holdingsa.com\/wp-content\/uploads\/2015\/12\/Pele-2-208x260.png 208w\" sizes=\"auto, (max-width: 357px) 85vw, 357px\" \/>\u00a0<\/a>[\/vc_column_text][\/vc_column_inner][vc_column_inner width=&#8221;3\/4&#8243;][mk_padding_divider size=&#8221;70&#8243;][mk_fancy_title color=&#8221;#ffffff&#8221; size=&#8221;48&#8243; force_font_size=&#8221;true&#8221; size_phone=&#8221;50&#8243; line_height=&#8221;101&#8243; margin_bottom=&#8221;0&#8243; font_family=&#8221;none&#8221; animation=&#8221;bottom-to-top&#8221; el_class=&#8221;sectionTitles&#8221;]<span style=\"color: #000080;\">MITARBEITER<\/span>[\/mk_fancy_title][mk_padding_divider size=&#8221;50&#8243;][vc_column_text]<span style=\"color: #ffffff;\"><strong>Holding S. S. Asesor\u00eda<\/strong> versteht und respektiert die Bedeutung der Zahl der Mitarbeiter und Vermittler.<\/span><\/p>\n<p><span style=\"color: #ffffff;\">Wir arbeiten und arbeiten mit Vermittlern aus verschiedenen L\u00e4ndern in einer korrekten, professionellen und ethischen Art und Weise zusammen.<\/span><\/p>\n<p><span style=\"color: #ffffff;\">Wir schlagen dem Vermittler vor, unser Wissen in den verschiedenen M\u00e4rkten zu nutzen, um mittel- und langfristig mit einer soliden Basis von Vertrauen, Transparenz und absoluter Vertraulichkeit zusammenzuarbeiten.<\/span>[\/vc_column_text][mk_padding_divider size=&#8221;70&#8243;][\/vc_column_inner][\/vc_row_inner][\/vc_column][\/mk_page_section]\n","protected":false},"excerpt":{"rendered":"<p>[mk_page_section bg_image=&#8221;http:\/\/holdingsa.com\/wp-content\/uploads\/2015\/12\/3.jpg&#8221; blend_mode=&#8221;luminosity&#8221; attachment=&#8221;fixed&#8221; bg_position=&#8221;center top&#8221; bg_repeat=&#8221;no-repeat&#8221; bg_stretch=&#8221;true&#8221; enable_3d=&#8221;true&#8221; speed_factor=&#8221;0.8&#8243; video_mask=&#8221;true&#8221; min_height=&#8221;500&#8243; full_width=&#8221;true&#8221; padding_top=&#8221;0&#8243; padding_bottom=&#8221;48&#8243; top_shape_color=&#8221;#ffffff&#8221; bottom_shape_color=&#8221;#ffffff&#8221; sidebar=&#8221;sidebar-1&#8243;][vc_column][vc_row_inner css=&#8221;.vc_custom_1490638235020{background-position: 0 0 !important;background-repeat: repeat !important;}&#8221;][vc_column_inner][mk_padding_divider size=&#8221;330&#8243;][mk_fancy_title color=&#8221;#345d7e&#8221; size=&#8221;60&#8243; force_font_size=&#8221;true&#8221; size_phone=&#8221;50&#8243; line_height=&#8221;101&#8243; margin_top=&#8221;30&#8243; margin_bottom=&#8221;30&#8243; font_family=&#8221;none&#8221; align=&#8221;center&#8221; el_class=&#8221;sectionTitles&#8221;]DIENSTLEISTUGEN[\/mk_fancy_title][mk_padding_divider size=&#8221;20&#8243;][\/vc_column_inner][\/vc_row_inner][\/vc_column][\/mk_page_section][vc_row][vc_column][mk_padding_divider size=&#8221;100&#8243;][vc_column_text align=&#8221;center&#8221;] WIR SIND DIE KOMPLETTE UND EXPERTEN BERATUNG VON INFORMATION, MANAGEMENT UND VERHANDLUNG, DAMIT SIE DIE BESTE ENTSCHEIDUNG [&hellip;]<\/p>\n","protected":false},"author":2,"featured_media":0,"parent":0,"menu_order":0,"comment_status":"closed","ping_status":"closed","template":"","meta":{"footnotes":""},"class_list":["post-1816","page","type-page","status-publish","hentry"],"aioseo_notices":[],"_links":{"self":[{"href":"https:\/\/holdingsa.com\/de\/wp-json\/wp\/v2\/pages\/1816","targetHints":{"allow":["GET"]}}],"collection":[{"href":"https:\/\/holdingsa.com\/de\/wp-json\/wp\/v2\/pages"}],"about":[{"href":"https:\/\/holdingsa.com\/de\/wp-json\/wp\/v2\/types\/page"}],"author":[{"embeddable":true,"href":"https:\/\/holdingsa.com\/de\/wp-json\/wp\/v2\/users\/2"}],"replies":[{"embeddable":true,"href":"https:\/\/holdingsa.com\/de\/wp-json\/wp\/v2\/comments?post=1816"}],"version-history":[{"count":25,"href":"https:\/\/holdingsa.com\/de\/wp-json\/wp\/v2\/pages\/1816\/revisions"}],"predecessor-version":[{"id":3034,"href":"https:\/\/holdingsa.com\/de\/wp-json\/wp\/v2\/pages\/1816\/revisions\/3034"}],"wp:attachment":[{"href":"https:\/\/holdingsa.com\/de\/wp-json\/wp\/v2\/media?parent=1816"}],"curies":[{"name":"wp","href":"https:\/\/api.w.org\/{rel}","templated":true}]}}