{"id":1798,"date":"2017-04-22T19:15:05","date_gmt":"2017-04-22T19:15:05","guid":{"rendered":"http:\/\/holdingsa.com\/de\/?page_id=1798"},"modified":"2017-12-09T20:57:07","modified_gmt":"2017-12-09T20:57:07","slug":"marketing","status":"publish","type":"page","link":"https:\/\/holdingsa.com\/de\/marketing\/","title":{"rendered":"MARKETING"},"content":{"rendered":"[mk_page_section bg_image=&#8221;http:\/\/eadesign.art.br\/holdingsports\/wp-content\/uploads\/2017\/04\/marketing-no-futebol.jpg&#8221; attachment=&#8221;fixed&#8221; bg_position=&#8221;center top&#8221; bg_repeat=&#8221;no-repeat&#8221; bg_stretch=&#8221;true&#8221; enable_3d=&#8221;true&#8221; speed_factor=&#8221;0.8&#8243; video_mask=&#8221;true&#8221; video_opacity=&#8221;0.8&#8243; min_height=&#8221;500&#8243; full_width=&#8221;true&#8221; padding_top=&#8221;0&#8243; padding_bottom=&#8221;48&#8243; top_shape_color=&#8221;#ffffff&#8221; bottom_shape_color=&#8221;#ffffff&#8221; sidebar=&#8221;sidebar-1&#8243;][vc_column][vc_row_inner css=&#8221;.vc_custom_1490638235020{background-position: 0 0 !important;background-repeat: repeat !important;}&#8221;][vc_column_inner][mk_padding_divider size=&#8221;330&#8243;][mk_fancy_title color=&#8221;#345d7e&#8221; size=&#8221;60&#8243; force_font_size=&#8221;true&#8221; size_phone=&#8221;50&#8243; line_height=&#8221;101&#8243; margin_top=&#8221;30&#8243; margin_bottom=&#8221;30&#8243; font_family=&#8221;none&#8221; align=&#8221;center&#8221; el_class=&#8221;sectionTitles&#8221;]<span style=\"color: #000080;\">MARKETING <\/span><span style=\"color: #ffffff;\">UND<\/span> <span style=\"color: #ff6600;\">PUBLIZIT\u00c4T<\/span>[\/mk_fancy_title][mk_padding_divider size=&#8221;20&#8243;][\/vc_column_inner][\/vc_row_inner][\/vc_column][\/mk_page_section][mk_page_section bg_image=&#8221;http:\/\/eadesign.art.br\/holdingsports\/wp-content\/uploads\/2015\/10\/shutterstock_176578913-blackwhite.jpg&#8221; bg_color=&#8221;#ffffff&#8221; blend_mode=&#8221;luminosity&#8221; bg_position=&#8221;center top&#8221; bg_repeat=&#8221;no-repeat&#8221; bg_stretch=&#8221;true&#8221; enable_3d=&#8221;true&#8221; speed_factor=&#8221;0.2&#8243; video_loop=&#8221;false&#8221; video_mask=&#8221;true&#8221; video_color_mask=&#8221;#ffffff&#8221; video_opacity=&#8221;0.9&#8243; min_height=&#8221;500&#8243; padding_top=&#8221;0&#8243; padding_bottom=&#8221;0&#8243; top_shape_color=&#8221;#ffffff&#8221; bottom_shape_color=&#8221;#ffffff&#8221; sidebar=&#8221;sidebar-1&#8243;][vc_column width=&#8221;1\/4&#8243;][mk_padding_divider size=&#8221;100&#8243;][vc_column_text]<a href=\"http:\/\/holdingsa.com\/wp-content\/uploads\/2015\/12\/reuniao-holding-sports.jpg\"><img loading=\"lazy\" decoding=\"async\" class=\"alignnone size-medium wp-image-1519\" src=\"http:\/\/holdingsa.com\/wp-content\/uploads\/2015\/12\/reuniao-holding-sports-300x168.jpg\" alt=\"\" width=\"300\" height=\"168\" \/><\/a>[\/vc_column_text][\/vc_column][vc_column width=&#8221;3\/4&#8243;][mk_padding_divider size=&#8221;100&#8243;][vc_column_text]<a href=\"http:\/\/holdingsa.com\/wp-content\/uploads\/2017\/04\/sergio-ramos.jpg\"><img loading=\"lazy\" decoding=\"async\" class=\"size-medium wp-image-1356 alignright\" src=\"http:\/\/holdingsa.com\/wp-content\/uploads\/2017\/04\/sergio-ramos-225x300.jpg\" alt=\"\" width=\"225\" height=\"300\" srcset=\"https:\/\/holdingsa.com\/wp-content\/uploads\/2017\/04\/sergio-ramos-225x300.jpg 225w, https:\/\/holdingsa.com\/wp-content\/uploads\/2017\/04\/sergio-ramos.jpg 450w\" sizes=\"auto, (max-width: 225px) 85vw, 225px\" \/><\/a>Das Marketing-Team von Holding Sports Soccer Asesor\u00eda trifft sich w\u00f6chentlich, um kurz-, mittel- und langfristig den Zukunftsplan f\u00fcr unsere Kunden auszuwerten, zu analysieren und auszuarbeiten.<\/p>\n<p>Wir sind ein professionelles, hartn\u00e4ckiges und einschneidendes Team. Wir suchen und w\u00e4hlen die besten Vorschl\u00e4ge f\u00fcr unsere Kunden aus.<\/p>\n<p>Wir erstellen strategische Ma\u00dfnahmen zur Erfassung und Steigerung der Einnahmen.<\/p>\n<p>Je besser das Bild des Kunden vor dem \u00f6ffentlichen Meinung, desto besser ist die Rekrutierung von Sponsoring und Werbung Ressourcen.[\/vc_column_text][vc_column_text]\n[\/vc_column_text][\/vc_column][\/mk_page_section][mk_page_section bg_image=&#8221;http:\/\/eadesign.art.br\/holdingsports\/wp-content\/uploads\/2015\/10\/football-606230_1280.jpg&#8221; bg_color=&#8221;#232a50&#8243; blend_mode=&#8221;multiply&#8221; bg_position=&#8221;center top&#8221; bg_repeat=&#8221;no-repeat&#8221; bg_stretch=&#8221;true&#8221; speed_factor=&#8221;0.2&#8243; video_loop=&#8221;false&#8221; video_color_mask=&#8221;#232a50&#8243; video_opacity=&#8221;0.9&#8243; min_height=&#8221;450&#8243; padding_top=&#8221;0&#8243; padding_bottom=&#8221;0&#8243; top_shape_color=&#8221;#ffffff&#8221; bottom_shape_color=&#8221;#ffffff&#8221; sidebar=&#8221;sidebar-1&#8243;][vc_column][vc_row_inner][vc_column_inner width=&#8221;2\/3&#8243;][mk_padding_divider size=&#8221;100&#8243;][vc_column_text]<span style=\"color: #ffffff;\">Wir arbeiten mit den wichtigsten Werbeagenturen des Weltmarktes zusammen.<\/span><\/p>\n<p><span style=\"color: #ffffff;\">Wir haben Sponsoren und Unternehmen, die unterschiedliche Marketing- und Kommunikationsaktivit\u00e4ten entwickeln und exzellente Renditen erzielen.<\/span>[\/vc_column_text][\/vc_column_inner][vc_column_inner width=&#8221;1\/3&#8243;][mk_padding_divider size=&#8221;100&#8243;][vc_column_text]<a href=\"http:\/\/holdingsa.com\/wp-content\/uploads\/2017\/11\/quemsomos-1-845x684.jpg\"><img loading=\"lazy\" decoding=\"async\" class=\"alignnone size-medium wp-image-2591\" src=\"http:\/\/holdingsa.com\/wp-content\/uploads\/2017\/11\/quemsomos-1-845x684-300x243.jpg\" alt=\"\" width=\"300\" height=\"243\" srcset=\"https:\/\/holdingsa.com\/wp-content\/uploads\/2017\/11\/quemsomos-1-845x684-300x243.jpg 300w, https:\/\/holdingsa.com\/wp-content\/uploads\/2017\/11\/quemsomos-1-845x684-768x622.jpg 768w, https:\/\/holdingsa.com\/wp-content\/uploads\/2017\/11\/quemsomos-1-845x684.jpg 845w\" sizes=\"auto, (max-width: 300px) 85vw, 300px\" \/><\/a>[\/vc_column_text][\/vc_column_inner][\/vc_row_inner][\/vc_column][\/mk_page_section][mk_page_section bg_image=&#8221;http:\/\/eadesign.art.br\/holdingsports\/wp-content\/uploads\/2015\/12\/section-sports.jpg&#8221; bg_color=&#8221;#ffffff&#8221; blend_mode=&#8221;luminosity&#8221; bg_position=&#8221;center top&#8221; bg_repeat=&#8221;no-repeat&#8221; bg_stretch=&#8221;true&#8221; enable_3d=&#8221;true&#8221; speed_factor=&#8221;0.2&#8243; video_loop=&#8221;false&#8221; video_mask=&#8221;true&#8221; video_color_mask=&#8221;#ffffff&#8221; video_opacity=&#8221;0.9&#8243; min_height=&#8221;450&#8243; padding_top=&#8221;0&#8243; padding_bottom=&#8221;0&#8243; top_shape_color=&#8221;#ffffff&#8221; bottom_shape_color=&#8221;#ffffff&#8221; sidebar=&#8221;sidebar-1&#8243;][vc_column width=&#8221;1\/4&#8243;][mk_padding_divider size=&#8221;100&#8243;][vc_column_text]\n<p>&nbsp;<\/p>\n<p>&nbsp;<\/p>\n<p><a href=\"http:\/\/holdingsa.com\/wp-content\/uploads\/2015\/12\/MapaClubesEuropa.png\"><img loading=\"lazy\" decoding=\"async\" class=\"alignnone size-medium wp-image-2549\" src=\"http:\/\/holdingsa.com\/wp-content\/uploads\/2015\/12\/MapaClubesEuropa-300x298.png\" alt=\"\" width=\"300\" height=\"298\" srcset=\"https:\/\/holdingsa.com\/wp-content\/uploads\/2015\/12\/MapaClubesEuropa-300x298.png 300w, https:\/\/holdingsa.com\/wp-content\/uploads\/2015\/12\/MapaClubesEuropa-150x150.png 150w, https:\/\/holdingsa.com\/wp-content\/uploads\/2015\/12\/MapaClubesEuropa-1024x1018.png 1024w, https:\/\/holdingsa.com\/wp-content\/uploads\/2015\/12\/MapaClubesEuropa-225x225.png 225w, https:\/\/holdingsa.com\/wp-content\/uploads\/2015\/12\/MapaClubesEuropa-200x200.png 200w, https:\/\/holdingsa.com\/wp-content\/uploads\/2015\/12\/MapaClubesEuropa-262x260.png 262w, https:\/\/holdingsa.com\/wp-content\/uploads\/2015\/12\/MapaClubesEuropa-600x596.png 600w, https:\/\/holdingsa.com\/wp-content\/uploads\/2015\/12\/MapaClubesEuropa.png 1350w\" sizes=\"auto, (max-width: 300px) 85vw, 300px\" \/><\/a>[\/vc_column_text][mk_padding_divider size=&#8221;70&#8243;][\/vc_column][vc_column width=&#8221;3\/4&#8243;][mk_padding_divider size=&#8221;100&#8243;][vc_column_text]Europ\u00e4ische Clubs haben sie einige strategischen Voraussetzungen folgten im Handel ihrer Unternehmen zu entwickeln sind:<\/p>\n<p>\u2022 Offizielle Produkte (Merchandising)<a href=\"http:\/\/holdingsa.com\/wp-content\/uploads\/2017\/11\/marcas_esportivas_uniformes_selecoes_de_futebol_4-1.jpg\"><img loading=\"lazy\" decoding=\"async\" class=\"size-medium wp-image-2598 alignright\" src=\"http:\/\/holdingsa.com\/wp-content\/uploads\/2017\/11\/marcas_esportivas_uniformes_selecoes_de_futebol_4-1-300x163.jpg\" alt=\"\" width=\"300\" height=\"163\" srcset=\"https:\/\/holdingsa.com\/wp-content\/uploads\/2017\/11\/marcas_esportivas_uniformes_selecoes_de_futebol_4-1-300x163.jpg 300w, https:\/\/holdingsa.com\/wp-content\/uploads\/2017\/11\/marcas_esportivas_uniformes_selecoes_de_futebol_4-1.jpg 490w\" sizes=\"auto, (max-width: 300px) 85vw, 300px\" \/><\/a><br \/>\n\u2022 Offizielle Sponsoren und Static Advertising (Sponsoren)<br \/>\n\u2022 Beitrag von Partnern (Umwandlung von Fans in Kunden)<br \/>\n\u2022 Technischer Sponsor (Nike, Adidas, etc.)<br \/>\n\u2022 Ticket (Brieftasche)<br \/>\n\u2022 Fernsehrechte<br \/>\n\u2022 Spieler \u00fcbertr\u00e4gt<br \/>\n\u2022 Namensrechte (Verkauf des Namens des Trainingszentrums oder des Stadions)<br \/>\n\u2022 Freundlich, Vorsaison usw.<br \/>\n\u2022 Durchf\u00fchrung von gro\u00dfartigen Shows und Events im Stadion<br \/>\n\u2022 Digitale Plattformen und soziale Netzwerke<br \/>\n\u2022 Rekrutierung von Idolen, um die Marke zu st\u00e4rken und Einkommen zu generieren<br \/>\n\u2022 Weitere Ressourcen (Amt Schulen, Museen, Essecke, etc)<\/p>\n<p>Erh\u00f6hen Sie die Wettbewerbsf\u00e4higkeit und das Einkommen des Clubs mit einem effektiven Management.[\/vc_column_text][mk_padding_divider size=&#8221;30&#8243;][\/vc_column][\/mk_page_section]\n","protected":false},"excerpt":{"rendered":"<p>[mk_page_section bg_image=&#8221;http:\/\/eadesign.art.br\/holdingsports\/wp-content\/uploads\/2017\/04\/marketing-no-futebol.jpg&#8221; attachment=&#8221;fixed&#8221; bg_position=&#8221;center top&#8221; bg_repeat=&#8221;no-repeat&#8221; bg_stretch=&#8221;true&#8221; enable_3d=&#8221;true&#8221; speed_factor=&#8221;0.8&#8243; video_mask=&#8221;true&#8221; video_opacity=&#8221;0.8&#8243; min_height=&#8221;500&#8243; full_width=&#8221;true&#8221; padding_top=&#8221;0&#8243; padding_bottom=&#8221;48&#8243; top_shape_color=&#8221;#ffffff&#8221; bottom_shape_color=&#8221;#ffffff&#8221; sidebar=&#8221;sidebar-1&#8243;][vc_column][vc_row_inner css=&#8221;.vc_custom_1490638235020{background-position: 0 0 !important;background-repeat: repeat !important;}&#8221;][vc_column_inner][mk_padding_divider size=&#8221;330&#8243;][mk_fancy_title color=&#8221;#345d7e&#8221; size=&#8221;60&#8243; force_font_size=&#8221;true&#8221; size_phone=&#8221;50&#8243; line_height=&#8221;101&#8243; margin_top=&#8221;30&#8243; margin_bottom=&#8221;30&#8243; font_family=&#8221;none&#8221; align=&#8221;center&#8221; el_class=&#8221;sectionTitles&#8221;]MARKETING UND PUBLIZIT\u00c4T[\/mk_fancy_title][mk_padding_divider size=&#8221;20&#8243;][\/vc_column_inner][\/vc_row_inner][\/vc_column][\/mk_page_section][mk_page_section bg_image=&#8221;http:\/\/eadesign.art.br\/holdingsports\/wp-content\/uploads\/2015\/10\/shutterstock_176578913-blackwhite.jpg&#8221; bg_color=&#8221;#ffffff&#8221; blend_mode=&#8221;luminosity&#8221; bg_position=&#8221;center top&#8221; bg_repeat=&#8221;no-repeat&#8221; bg_stretch=&#8221;true&#8221; enable_3d=&#8221;true&#8221; speed_factor=&#8221;0.2&#8243; video_loop=&#8221;false&#8221; video_mask=&#8221;true&#8221; video_color_mask=&#8221;#ffffff&#8221; video_opacity=&#8221;0.9&#8243; min_height=&#8221;500&#8243; padding_top=&#8221;0&#8243; padding_bottom=&#8221;0&#8243; top_shape_color=&#8221;#ffffff&#8221; [&hellip;]<\/p>\n","protected":false},"author":2,"featured_media":0,"parent":0,"menu_order":0,"comment_status":"closed","ping_status":"closed","template":"","meta":{"footnotes":""},"class_list":["post-1798","page","type-page","status-publish","hentry"],"aioseo_notices":[],"_links":{"self":[{"href":"https:\/\/holdingsa.com\/de\/wp-json\/wp\/v2\/pages\/1798","targetHints":{"allow":["GET"]}}],"collection":[{"href":"https:\/\/holdingsa.com\/de\/wp-json\/wp\/v2\/pages"}],"about":[{"href":"https:\/\/holdingsa.com\/de\/wp-json\/wp\/v2\/types\/page"}],"author":[{"embeddable":true,"href":"https:\/\/holdingsa.com\/de\/wp-json\/wp\/v2\/users\/2"}],"replies":[{"embeddable":true,"href":"https:\/\/holdingsa.com\/de\/wp-json\/wp\/v2\/comments?post=1798"}],"version-history":[{"count":8,"href":"https:\/\/holdingsa.com\/de\/wp-json\/wp\/v2\/pages\/1798\/revisions"}],"predecessor-version":[{"id":2843,"href":"https:\/\/holdingsa.com\/de\/wp-json\/wp\/v2\/pages\/1798\/revisions\/2843"}],"wp:attachment":[{"href":"https:\/\/holdingsa.com\/de\/wp-json\/wp\/v2\/media?parent=1798"}],"curies":[{"name":"wp","href":"https:\/\/api.w.org\/{rel}","templated":true}]}}