{"id":1738,"date":"2017-04-22T05:03:21","date_gmt":"2017-04-22T05:03:21","guid":{"rendered":"http:\/\/holdingsa.com\/de\/?page_id=1738"},"modified":"2022-05-27T04:49:27","modified_gmt":"2022-05-27T04:49:27","slug":"home","status":"publish","type":"page","link":"https:\/\/holdingsa.com\/de\/","title":{"rendered":"Home"},"content":{"rendered":"[mk_page_section attachment=&#8221;fixed&#8221; bg_position=&#8221;center top&#8221; bg_repeat=&#8221;no-repeat&#8221; speed_factor=&#8221;0.8&#8243; min_height=&#8221;0&#8243; padding_top=&#8221;-200&#8243; padding_bottom=&#8221;0&#8243; top_shape_color=&#8221;#ffffff&#8221; bottom_shape_color=&#8221;#ffffff&#8221; sidebar=&#8221;sidebar-1&#8243;][vc_column][rev_slider_vc alias=&#8221;alemao&#8221;][\/vc_column][\/mk_page_section][mk_page_section bg_image=&#8221;http:\/\/eadesign.art.br\/holdingsports\/wp-content\/uploads\/2015\/10\/shutterstock_176578913-blackwhite.jpg&#8221; bg_color=&#8221;#ffffff&#8221; blend_mode=&#8221;soft-light&#8221; bg_position=&#8221;center top&#8221; bg_repeat=&#8221;no-repeat&#8221; bg_stretch=&#8221;true&#8221; speed_factor=&#8221;0.8&#8243; video_loop=&#8221;false&#8221; video_color_mask=&#8221;#ffffff&#8221; video_opacity=&#8221;0.9&#8243; padding_top=&#8221;0&#8243; padding_bottom=&#8221;0&#8243; top_shape_color=&#8221;#ffffff&#8221; bottom_shape_color=&#8221;#ffffff&#8221; sidebar=&#8221;sidebar-1&#8243;][vc_column][mk_padding_divider size=&#8221;30&#8243;][mk_fancy_title color=&#8221;#345d7e&#8221; size=&#8221;60&#8243; force_font_size=&#8221;true&#8221; size_phone=&#8221;50&#8243; line_height=&#8221;101&#8243; txt_transform=&#8221;uppercase&#8221; margin_bottom=&#8221;0&#8243; font_family=&#8221;none&#8221; align=&#8221;center&#8221; animation=&#8221;bottom-to-top&#8221; el_class=&#8221;sectionTitles&#8221;]<span style=\"color: #000080;\">BERATUNG VON EUROP\u00c4ISCHEN FUSSBALLVEREINEN IN S\u00dcDAMERIKA<\/span>[\/mk_fancy_title][mk_padding_divider size=&#8221;30&#8243;][vc_video link=&#8221;https:\/\/youtu.be\/G11pPg55Cdk&#8221;][vc_row_inner][vc_column_inner][vc_column_text][\/vc_column_text][vc_column_text align=&#8221;center&#8221;]\n<p>&nbsp;<\/p>\n<p style=\"text-align: left;\"><strong>Holding S. S. Asesor\u00eda<\/strong>: Spanisch-Brasilianische Beratungsgesellschaft f\u00fcr <strong>Internationales Scouting<\/strong> f\u00fcr europ\u00e4ische Clubs, spezialisiert auf Information, Beratung und Verhandlung aller Clubs.<\/p>\n<p style=\"text-align: left;\">Gegr\u00fcndet in S\u00fcdamerika, mit Central in Brasilien und eigenen B\u00fcros in unschlagbaren Lagen, haben wir mehr als 33 Jahre Erfahrung im internationalen Fu\u00dfball.<\/p>\n[\/vc_column_text][\/vc_column_inner][\/vc_row_inner][mk_fancy_title color=&#8221;#003296&#8243; size=&#8221;30&#8243; line_height=&#8221;130&#8243; txt_transform=&#8221;uppercase&#8221; letter_spacing=&#8221;2&#8243; margin_top=&#8221;10&#8243; margin_bottom=&#8221;0&#8243; font_family=&#8221;none&#8221; align=&#8221;center&#8221; animation=&#8221;bottom-to-top&#8221; el_class=&#8221;sectionTitles&#8221;]<a href=\"http:\/\/holdingsa.com\/wp-content\/uploads\/2018\/09\/Distancia-Continentes-Alemao.png\"><img loading=\"lazy\" decoding=\"async\" class=\"aligncenter size-full wp-image-3151\" src=\"http:\/\/holdingsa.com\/wp-content\/uploads\/2018\/09\/Distancia-Continentes-Alemao.png\" alt=\"\" width=\"1083\" height=\"315\" srcset=\"https:\/\/holdingsa.com\/wp-content\/uploads\/2018\/09\/Distancia-Continentes-Alemao.png 1083w, https:\/\/holdingsa.com\/wp-content\/uploads\/2018\/09\/Distancia-Continentes-Alemao-300x87.png 300w, https:\/\/holdingsa.com\/wp-content\/uploads\/2018\/09\/Distancia-Continentes-Alemao-768x223.png 768w, https:\/\/holdingsa.com\/wp-content\/uploads\/2018\/09\/Distancia-Continentes-Alemao-1024x298.png 1024w, https:\/\/holdingsa.com\/wp-content\/uploads\/2018\/09\/Distancia-Continentes-Alemao-600x174.png 600w\" sizes=\"auto, (max-width: 709px) 85vw, (max-width: 909px) 67vw, (max-width: 1362px) 62vw, 840px\" \/><\/a>[\/mk_fancy_title][mk_padding_divider size=&#8221;50&#8243;][vc_row_inner][vc_column_inner width=&#8221;1\/2&#8243;][vc_column_text][\/vc_column_text][vc_column_text align=&#8221;center&#8221;]\n<p style=\"text-align: left;\">Wir leben Tag f\u00fcr Tag von den Clubs und ihren Besonderheiten, durch eine Vertrauensbeziehung, konstant und nah bei den Pr\u00e4sidenten oder wer auch immer entscheidet.<\/p>\n<p style=\"text-align: left;\">Wir haben privilegierte Informationen und die besten Bedingungen, um ausgezeichnete Spieler vorzuschlagen, zu verhandeln und einzustellen und Erfolg zu erzielen.<\/p>\n<p style=\"text-align: left;\">Nat\u00fcrlich haben wir ein sehr gutes Verh\u00e4ltnis zu Verb\u00e4nden, Managern, W\u00e4hlern, Technikern, Spielern und Vermittlern.<\/p>\n[\/vc_column_text][\/vc_column_inner][vc_column_inner width=&#8221;1\/2&#8243;][vc_column_text]\n<h3><a href=\"http:\/\/holdingsa.com\/wp-content\/uploads\/2018\/09\/Business-4.png\"><img loading=\"lazy\" decoding=\"async\" class=\"wp-image-3128 size-medium aligncenter\" src=\"http:\/\/holdingsa.com\/wp-content\/uploads\/2018\/09\/Business-4-300x199.png\" alt=\"\" width=\"300\" height=\"199\" srcset=\"https:\/\/holdingsa.com\/wp-content\/uploads\/2018\/09\/Business-4-300x199.png 300w, https:\/\/holdingsa.com\/wp-content\/uploads\/2018\/09\/Business-4-150x100.png 150w, https:\/\/holdingsa.com\/wp-content\/uploads\/2018\/09\/Business-4-600x398.png 600w, https:\/\/holdingsa.com\/wp-content\/uploads\/2018\/09\/Business-4.png 456w\" sizes=\"auto, (max-width: 300px) 85vw, 300px\" \/><\/a><\/h3>\n<h3 style=\"text-align: center;\"><span style=\"color: #000080;\"><b>DIE VOLLST\u00c4NDIGSTEN INFORMATIONEN IN IHREN H\u00c4NDEN.<\/b><\/span><\/h3>\n[\/vc_column_text][\/vc_column_inner][\/vc_row_inner][mk_padding_divider size=&#8221;80&#8243;][\/vc_column][\/mk_page_section][mk_page_section bg_image=&#8221;http:\/\/holdingsa.com\/wp-content\/uploads\/2015\/10\/Layer-6.png&#8221; bg_color=&#8221;#fe8800&#8243; attachment=&#8221;fixed&#8221; bg_position=&#8221;center top&#8221; bg_repeat=&#8221;no-repeat&#8221; bg_stretch=&#8221;true&#8221; speed_factor=&#8221;0.8&#8243; video_color_mask=&#8221;rgba(254,136,0,0.85)&#8221; video_opacity=&#8221;0.8&#8243; min_height=&#8221;700&#8243; padding_top=&#8221;0&#8243; padding_bottom=&#8221;0&#8243; top_shape_color=&#8221;#ffffff&#8221; bottom_shape_color=&#8221;#ffffff&#8221; sidebar=&#8221;sidebar-1&#8243;][vc_column width=&#8221;1\/3&#8243;][mk_padding_divider size=&#8221;100&#8243;][mk_fancy_title tag_name=&#8221;h3&#8243; color=&#8221;#345d7e&#8221; size=&#8221;36&#8243; force_font_size=&#8221;true&#8221; size_phone=&#8221;50&#8243; line_height=&#8221;101&#8243; txt_transform=&#8221;uppercase&#8221; margin_bottom=&#8221;0&#8243; font_family=&#8221;none&#8221; align=&#8221;center&#8221; animation=&#8221;bottom-to-top&#8221; el_class=&#8221;sectionTitles&#8221;]<span style=\"color: #232a50;\">NEUESTEN<\/span>\u00a0<span style=\"color: #ffffff;\">NACHRICHTEN<\/span><br \/>\n[\/mk_fancy_title][mk_padding_divider size=&#8221;50&#8243;][vc_column_text disable_pattern=&#8221;false&#8221; align=&#8221;center&#8221; margin_bottom=&#8221;20&#8243;]\n<div><iframe loading=\"lazy\" src=\"https:\/\/feed.mikle.com\/widget\/v2\/22272\/\" width=\"300\" height=\"700\"><\/iframe><\/div>\n[\/vc_column_text][mk_padding_divider size=&#8221;100&#8243;][\/vc_column][vc_column width=&#8221;1\/3&#8243;][mk_padding_divider size=&#8221;100&#8243;][mk_fancy_title tag_name=&#8221;h3&#8243; color=&#8221;#345d7e&#8221; size=&#8221;36&#8243; force_font_size=&#8221;true&#8221; size_phone=&#8221;50&#8243; line_height=&#8221;101&#8243; txt_transform=&#8221;uppercase&#8221; margin_bottom=&#8221;0&#8243; font_family=&#8221;none&#8221; align=&#8221;center&#8221; animation=&#8221;bottom-to-top&#8221; el_class=&#8221;sectionTitles&#8221;]<span style=\"color: #232a50;\">INTERNATIONAL<\/span>\u00a0<span style=\"color: #ffffff;\">NEWS<\/span>[\/mk_fancy_title][mk_padding_divider size=&#8221;50&#8243;][vc_column_text disable_pattern=&#8221;false&#8221; align=&#8221;center&#8221; margin_bottom=&#8221;20&#8243;]\n<div><iframe loading=\"lazy\" src=\"https:\/\/feed.mikle.com\/widget\/v2\/22283\/\" width=\"300\" height=\"700\"><\/iframe><\/div>\n[\/vc_column_text][\/vc_column][vc_column width=&#8221;1\/3&#8243;][mk_padding_divider size=&#8221;30&#8243;][mk_fancy_title tag_name=&#8221;h3&#8243; color=&#8221;#345d7e&#8221; size=&#8221;36&#8243; force_font_size=&#8221;true&#8221; size_phone=&#8221;50&#8243; line_height=&#8221;101&#8243; txt_transform=&#8221;uppercase&#8221; margin_bottom=&#8221;0&#8243; font_family=&#8221;none&#8221; align=&#8221;center&#8221; animation=&#8221;bottom-to-top&#8221; el_class=&#8221;sectionTitles&#8221;]<a href=\"http:\/\/holdingsa.com\/wp-content\/uploads\/2015\/12\/logo-investimentos-light.png\"><img loading=\"lazy\" decoding=\"async\" class=\"alignnone wp-image-1521\" src=\"http:\/\/holdingsa.com\/wp-content\/uploads\/2015\/12\/logo-investimentos-light-300x236.png\" alt=\"logo-investimentos-light\" width=\"254\" height=\"208\" \/><\/a>[\/mk_fancy_title][mk_padding_divider size=&#8221;30&#8243;][vc_column_text disable_pattern=&#8221;false&#8221; align=&#8221;center&#8221; margin_bottom=&#8221;20&#8243;]\n<div><iframe loading=\"lazy\" src=\"https:\/\/feed.mikle.com\/widget\/v2\/22467\" width=\"300\" height=\"700\"><\/iframe><\/div>\n[\/vc_column_text][\/vc_column][\/mk_page_section]\n","protected":false},"excerpt":{"rendered":"<p>[mk_page_section attachment=&#8221;fixed&#8221; bg_position=&#8221;center top&#8221; bg_repeat=&#8221;no-repeat&#8221; speed_factor=&#8221;0.8&#8243; min_height=&#8221;0&#8243; padding_top=&#8221;-200&#8243; padding_bottom=&#8221;0&#8243; top_shape_color=&#8221;#ffffff&#8221; bottom_shape_color=&#8221;#ffffff&#8221; sidebar=&#8221;sidebar-1&#8243;][vc_column][rev_slider_vc alias=&#8221;alemao&#8221;][\/vc_column][\/mk_page_section][mk_page_section bg_image=&#8221;http:\/\/eadesign.art.br\/holdingsports\/wp-content\/uploads\/2015\/10\/shutterstock_176578913-blackwhite.jpg&#8221; bg_color=&#8221;#ffffff&#8221; blend_mode=&#8221;soft-light&#8221; bg_position=&#8221;center top&#8221; bg_repeat=&#8221;no-repeat&#8221; bg_stretch=&#8221;true&#8221; speed_factor=&#8221;0.8&#8243; video_loop=&#8221;false&#8221; video_color_mask=&#8221;#ffffff&#8221; video_opacity=&#8221;0.9&#8243; padding_top=&#8221;0&#8243; padding_bottom=&#8221;0&#8243; top_shape_color=&#8221;#ffffff&#8221; bottom_shape_color=&#8221;#ffffff&#8221; sidebar=&#8221;sidebar-1&#8243;][vc_column][mk_padding_divider size=&#8221;30&#8243;][mk_fancy_title color=&#8221;#345d7e&#8221; size=&#8221;60&#8243; force_font_size=&#8221;true&#8221; size_phone=&#8221;50&#8243; line_height=&#8221;101&#8243; txt_transform=&#8221;uppercase&#8221; margin_bottom=&#8221;0&#8243; font_family=&#8221;none&#8221; align=&#8221;center&#8221; animation=&#8221;bottom-to-top&#8221; el_class=&#8221;sectionTitles&#8221;]BERATUNG VON EUROP\u00c4ISCHEN FUSSBALLVEREINEN IN S\u00dcDAMERIKA[\/mk_fancy_title][mk_padding_divider size=&#8221;30&#8243;][vc_video link=&#8221;https:\/\/youtu.be\/G11pPg55Cdk&#8221;][vc_row_inner][vc_column_inner][vc_column_text][\/vc_column_text][vc_column_text align=&#8221;center&#8221;] &nbsp; Holding S. S. Asesor\u00eda: Spanisch-Brasilianische [&hellip;]<\/p>\n","protected":false},"author":2,"featured_media":0,"parent":0,"menu_order":0,"comment_status":"closed","ping_status":"closed","template":"","meta":{"footnotes":""},"class_list":["post-1738","page","type-page","status-publish","hentry"],"aioseo_notices":[],"_links":{"self":[{"href":"https:\/\/holdingsa.com\/de\/wp-json\/wp\/v2\/pages\/1738","targetHints":{"allow":["GET"]}}],"collection":[{"href":"https:\/\/holdingsa.com\/de\/wp-json\/wp\/v2\/pages"}],"about":[{"href":"https:\/\/holdingsa.com\/de\/wp-json\/wp\/v2\/types\/page"}],"author":[{"embeddable":true,"href":"https:\/\/holdingsa.com\/de\/wp-json\/wp\/v2\/users\/2"}],"replies":[{"embeddable":true,"href":"https:\/\/holdingsa.com\/de\/wp-json\/wp\/v2\/comments?post=1738"}],"version-history":[{"count":25,"href":"https:\/\/holdingsa.com\/de\/wp-json\/wp\/v2\/pages\/1738\/revisions"}],"predecessor-version":[{"id":3623,"href":"https:\/\/holdingsa.com\/de\/wp-json\/wp\/v2\/pages\/1738\/revisions\/3623"}],"wp:attachment":[{"href":"https:\/\/holdingsa.com\/de\/wp-json\/wp\/v2\/media?parent=1738"}],"curies":[{"name":"wp","href":"https:\/\/api.w.org\/{rel}","templated":true}]}}