{"id":1680,"date":"2017-04-22T00:34:58","date_gmt":"2017-04-22T00:34:58","guid":{"rendered":"http:\/\/holdingsa.com\/de\/?page_id=1680"},"modified":"2018-07-08T15:20:44","modified_gmt":"2018-07-08T15:20:44","slug":"image","status":"publish","type":"page","link":"https:\/\/holdingsa.com\/de\/image\/","title":{"rendered":"BUSINESS"},"content":{"rendered":"[mk_page_section bg_image=&#8221;http:\/\/eadesign.art.br\/holdingsports\/wp-content\/uploads\/2015\/10\/shutterstock_176578913.jpg&#8221; blend_mode=&#8221;luminosity&#8221; attachment=&#8221;fixed&#8221; bg_position=&#8221;center top&#8221; bg_repeat=&#8221;no-repeat&#8221; bg_stretch=&#8221;true&#8221; enable_3d=&#8221;true&#8221; speed_factor=&#8221;0.8&#8243; video_mask=&#8221;true&#8221; min_height=&#8221;500&#8243; full_width=&#8221;true&#8221; padding_top=&#8221;0&#8243; padding_bottom=&#8221;48&#8243; top_shape_color=&#8221;#ffffff&#8221; bottom_shape_color=&#8221;#ffffff&#8221; sidebar=&#8221;sidebar-1&#8243;][vc_column][vc_row_inner css=&#8221;.vc_custom_1490638235020{background-position: 0 0 !important;background-repeat: repeat !important;}&#8221;][vc_column_inner][mk_padding_divider size=&#8221;330&#8243;][mk_fancy_title color=&#8221;#345d7e&#8221; size=&#8221;60&#8243; force_font_size=&#8221;true&#8221; size_phone=&#8221;50&#8243; line_height=&#8221;101&#8243; margin_top=&#8221;30&#8243; margin_bottom=&#8221;30&#8243; font_family=&#8221;none&#8221; align=&#8221;center&#8221; el_class=&#8221;sectionTitles&#8221;]<span style=\"color: #000080;\">BUSINESS,<\/span> <span style=\"color: #ffffff;\">FRANCHISES UND<\/span> <span style=\"color: #ff6600;\">VERTRETUNGEN<\/span>[\/mk_fancy_title][mk_padding_divider size=&#8221;200&#8243; visibility=&#8221;visible-tl-v2&#8243;][\/vc_column_inner][\/vc_row_inner][\/vc_column][\/mk_page_section][mk_page_section bg_image=&#8221;http:\/\/eadesign.art.br\/holdingsports\/wp-content\/uploads\/2015\/10\/football-340938_1280.jpg&#8221; bg_color=&#8221;#fe8800&#8243; blend_mode=&#8221;luminosity&#8221; bg_position=&#8221;center top&#8221; bg_repeat=&#8221;no-repeat&#8221; bg_stretch=&#8221;true&#8221; enable_3d=&#8221;true&#8221; speed_factor=&#8221;0.2&#8243; video_mask=&#8221;true&#8221; video_color_mask=&#8221;rgba(254,136,0,0.95)&#8221; video_opacity=&#8221;0.9&#8243; min_height=&#8221;450&#8243; padding_top=&#8221;0&#8243; padding_bottom=&#8221;0&#8243; top_shape_color=&#8221;#ffffff&#8221; bottom_shape_color=&#8221;#ffffff&#8221; sidebar=&#8221;sidebar-1&#8243;][vc_column][vc_row_inner][vc_column_inner width=&#8221;1\/4&#8243;][mk_padding_divider size=&#8221;100&#8243;][vc_column_text]<a href=\"http:\/\/holdingsa.com\/wp-content\/uploads\/2015\/12\/shutterstock_62213497.jpg\"><img loading=\"lazy\" decoding=\"async\" class=\"alignnone size-medium wp-image-2568\" src=\"http:\/\/holdingsa.com\/wp-content\/uploads\/2015\/12\/shutterstock_62213497-300x225.jpg\" alt=\"\" width=\"300\" height=\"225\" srcset=\"https:\/\/holdingsa.com\/wp-content\/uploads\/2015\/12\/shutterstock_62213497-300x225.jpg 300w, https:\/\/holdingsa.com\/wp-content\/uploads\/2015\/12\/shutterstock_62213497.jpg 1000w\" sizes=\"auto, (max-width: 300px) 85vw, 300px\" \/><\/a>[\/vc_column_text][\/vc_column_inner][vc_column_inner width=&#8221;3\/4&#8243;][mk_padding_divider size=&#8221;100&#8243;][vc_column_text]<span style=\"color: #ffffff;\">Die <strong>Holding S. S. Asesor\u00eda<\/strong> ist eine Plattform f\u00fcr Unternehmen, Franchising und Repr\u00e4sentation, die sich aus Fachleuten mit fundierter Erfahrung, einem Netzwerk unz\u00e4hliger Kontakte und einem konsolidierten internationalen Markt zusammensetzt.<\/span><\/p>\n<p><span style=\"color: #ffffff;\">Wir sind ein Informations- und Chancenunternehmen. Anbieter von Dienstleistungen im internationalen Handel, der im integrierten Management der Logistikkette t\u00e4tig ist und seinen Import- und Exportprozessen einen Mehrwert bietet.<\/span>[\/vc_column_text][\/vc_column_inner][\/vc_row_inner][\/vc_column][\/mk_page_section][mk_page_section bg_image=&#8221;http:\/\/eadesign.art.br\/holdingsports\/wp-content\/uploads\/2015\/12\/bola-de-fut.jpg&#8221; bg_color=&#8221;#ffffff&#8221; blend_mode=&#8221;luminosity&#8221; bg_position=&#8221;center top&#8221; bg_repeat=&#8221;no-repeat&#8221; bg_stretch=&#8221;true&#8221; enable_3d=&#8221;true&#8221; speed_factor=&#8221;0.2&#8243; video_mask=&#8221;true&#8221; video_color_mask=&#8221;#ffffff&#8221; video_opacity=&#8221;0.9&#8243; min_height=&#8221;500&#8243; padding_top=&#8221;0&#8243; padding_bottom=&#8221;0&#8243; top_shape_color=&#8221;#ffffff&#8221; bottom_shape_color=&#8221;#ffffff&#8221; sidebar=&#8221;sidebar-1&#8243;][vc_column width=&#8221;1\/4&#8243;][mk_padding_divider size=&#8221;100&#8243;][vc_column_text]\n<p>&nbsp;<\/p>\n<p><a href=\"http:\/\/holdingsa.com\/wp-content\/uploads\/2018\/07\/Business-1.png\"><img loading=\"lazy\" decoding=\"async\" class=\"alignnone size-medium wp-image-2993\" src=\"http:\/\/holdingsa.com\/wp-content\/uploads\/2018\/07\/Business-1-300x214.png\" alt=\"\" width=\"300\" height=\"214\" srcset=\"https:\/\/holdingsa.com\/wp-content\/uploads\/2018\/07\/Business-1-300x214.png 300w, https:\/\/holdingsa.com\/wp-content\/uploads\/2018\/07\/Business-1.png 336w\" sizes=\"auto, (max-width: 300px) 85vw, 300px\" \/><\/a>[\/vc_column_text][\/vc_column][vc_column width=&#8221;3\/4&#8243;][mk_padding_divider size=&#8221;100&#8243;][vc_column_text]<a href=\"http:\/\/holdingsa.com\/wp-content\/uploads\/2018\/07\/Business-2.png\"><img loading=\"lazy\" decoding=\"async\" class=\"alignright wp-image-2994\" src=\"http:\/\/holdingsa.com\/wp-content\/uploads\/2018\/07\/Business-2-300x187.png\" alt=\"\" width=\"450\" height=\"281\" srcset=\"https:\/\/holdingsa.com\/wp-content\/uploads\/2018\/07\/Business-2-300x187.png 300w, https:\/\/holdingsa.com\/wp-content\/uploads\/2018\/07\/Business-2-768x479.png 768w, https:\/\/holdingsa.com\/wp-content\/uploads\/2018\/07\/Business-2-600x374.png 600w, https:\/\/holdingsa.com\/wp-content\/uploads\/2018\/07\/Business-2.png 771w\" sizes=\"auto, (max-width: 450px) 85vw, 450px\" \/><\/a><\/p>\n<p>&nbsp;<\/p>\n<p>Wir beraten und verbessern Ihr Gesch\u00e4ft und bieten kombinierte L\u00f6sungen f\u00fcr erh\u00f6hte Rentabilit\u00e4t und betriebliche Effizienz, mit der europ\u00e4ischen Mentalit\u00e4t und Professionalit\u00e4t.[\/vc_column_text][mk_padding_divider size=&#8221;80&#8243;][\/vc_column][\/mk_page_section][mk_page_section bg_image=&#8221;http:\/\/eadesign.art.br\/holdingsports\/wp-content\/uploads\/2015\/10\/shutterstock_213377194-e1445950273266.jpg&#8221; bg_color=&#8221;#fe8800&#8243; blend_mode=&#8221;luminosity&#8221; bg_position=&#8221;center top&#8221; bg_repeat=&#8221;no-repeat&#8221; bg_stretch=&#8221;true&#8221; enable_3d=&#8221;true&#8221; speed_factor=&#8221;0.2&#8243; video_mask=&#8221;true&#8221; video_color_mask=&#8221;rgba(254,136,0,0.95)&#8221; video_opacity=&#8221;0.9&#8243; min_height=&#8221;450&#8243; padding_top=&#8221;0&#8243; padding_bottom=&#8221;0&#8243; top_shape_color=&#8221;#ffffff&#8221; bottom_shape_color=&#8221;#ffffff&#8221; sidebar=&#8221;sidebar-1&#8243;][vc_column][vc_row_inner][vc_column_inner][mk_padding_divider size=&#8221;100&#8243;][mk_fancy_title color=&#8221;#003296&#8243; size=&#8221;60&#8243; force_font_size=&#8221;true&#8221; size_phone=&#8221;50&#8243; line_height=&#8221;101&#8243; margin_top=&#8221;30&#8243; margin_bottom=&#8221;30&#8243; font_family=&#8221;none&#8221; align=&#8221;center&#8221; el_class=&#8221;sectionTitles&#8221;]\n<h2 style=\"text-align: center;\"><span style=\"color: #0000ff;\">MOTIVIERT DURCH GLOBALISIERUNG BRINGEN WIR IHRE FIRMA ZU NEUEN INTERNATIONALEN HERAUSFORDERUNGEN.<\/span><\/h2>\n[\/mk_fancy_title][vc_column_text][\/vc_column_text][\/vc_column_inner][\/vc_row_inner][\/vc_column][\/mk_page_section]\n","protected":false},"excerpt":{"rendered":"<p>[mk_page_section bg_image=&#8221;http:\/\/eadesign.art.br\/holdingsports\/wp-content\/uploads\/2015\/10\/shutterstock_176578913.jpg&#8221; blend_mode=&#8221;luminosity&#8221; attachment=&#8221;fixed&#8221; bg_position=&#8221;center top&#8221; bg_repeat=&#8221;no-repeat&#8221; bg_stretch=&#8221;true&#8221; enable_3d=&#8221;true&#8221; speed_factor=&#8221;0.8&#8243; video_mask=&#8221;true&#8221; min_height=&#8221;500&#8243; full_width=&#8221;true&#8221; padding_top=&#8221;0&#8243; padding_bottom=&#8221;48&#8243; top_shape_color=&#8221;#ffffff&#8221; bottom_shape_color=&#8221;#ffffff&#8221; sidebar=&#8221;sidebar-1&#8243;][vc_column][vc_row_inner css=&#8221;.vc_custom_1490638235020{background-position: 0 0 !important;background-repeat: repeat !important;}&#8221;][vc_column_inner][mk_padding_divider size=&#8221;330&#8243;][mk_fancy_title color=&#8221;#345d7e&#8221; size=&#8221;60&#8243; force_font_size=&#8221;true&#8221; size_phone=&#8221;50&#8243; line_height=&#8221;101&#8243; margin_top=&#8221;30&#8243; margin_bottom=&#8221;30&#8243; font_family=&#8221;none&#8221; align=&#8221;center&#8221; el_class=&#8221;sectionTitles&#8221;]BUSINESS, FRANCHISES UND VERTRETUNGEN[\/mk_fancy_title][mk_padding_divider size=&#8221;200&#8243; visibility=&#8221;visible-tl-v2&#8243;][\/vc_column_inner][\/vc_row_inner][\/vc_column][\/mk_page_section][mk_page_section bg_image=&#8221;http:\/\/eadesign.art.br\/holdingsports\/wp-content\/uploads\/2015\/10\/football-340938_1280.jpg&#8221; bg_color=&#8221;#fe8800&#8243; blend_mode=&#8221;luminosity&#8221; bg_position=&#8221;center top&#8221; bg_repeat=&#8221;no-repeat&#8221; bg_stretch=&#8221;true&#8221; enable_3d=&#8221;true&#8221; speed_factor=&#8221;0.2&#8243; video_mask=&#8221;true&#8221; video_color_mask=&#8221;rgba(254,136,0,0.95)&#8221; video_opacity=&#8221;0.9&#8243; min_height=&#8221;450&#8243; padding_top=&#8221;0&#8243; padding_bottom=&#8221;0&#8243; [&hellip;]<\/p>\n","protected":false},"author":2,"featured_media":0,"parent":0,"menu_order":0,"comment_status":"closed","ping_status":"closed","template":"","meta":{"footnotes":""},"class_list":["post-1680","page","type-page","status-publish","hentry"],"aioseo_notices":[],"_links":{"self":[{"href":"https:\/\/holdingsa.com\/de\/wp-json\/wp\/v2\/pages\/1680","targetHints":{"allow":["GET"]}}],"collection":[{"href":"https:\/\/holdingsa.com\/de\/wp-json\/wp\/v2\/pages"}],"about":[{"href":"https:\/\/holdingsa.com\/de\/wp-json\/wp\/v2\/types\/page"}],"author":[{"embeddable":true,"href":"https:\/\/holdingsa.com\/de\/wp-json\/wp\/v2\/users\/2"}],"replies":[{"embeddable":true,"href":"https:\/\/holdingsa.com\/de\/wp-json\/wp\/v2\/comments?post=1680"}],"version-history":[{"count":12,"href":"https:\/\/holdingsa.com\/de\/wp-json\/wp\/v2\/pages\/1680\/revisions"}],"predecessor-version":[{"id":3054,"href":"https:\/\/holdingsa.com\/de\/wp-json\/wp\/v2\/pages\/1680\/revisions\/3054"}],"wp:attachment":[{"href":"https:\/\/holdingsa.com\/de\/wp-json\/wp\/v2\/media?parent=1680"}],"curies":[{"name":"wp","href":"https:\/\/api.w.org\/{rel}","templated":true}]}}